{"id":33165,"date":"2022-04-25T09:45:57","date_gmt":"2022-04-25T16:45:57","guid":{"rendered":"https:\/\/copperleaf-test.majortom.dev\/terms-of-use\/"},"modified":"2023-01-27T13:26:28","modified_gmt":"2023-01-27T21:26:28","slug":"termos-de-uso","status":"publish","type":"page","link":"https:\/\/copperleaf-test.majortom.dev\/pt\/termos-de-uso\/","title":{"rendered":"Termos de uso"},"content":{"rendered":"\r\n<p>Estes Termos de uso (os \u201cTermos de uso\u201d), juntamente com a Pol\u00edtica de privacidade, a Pol\u00edtica de cookies e quaisquer outras pol\u00edticas ou diretrizes publicadas em\u00a0<a href=\"https:\/\/copperleaf-test.majortom.dev\/\">www.copperleaf.com<\/a>\u00a0(coletivamente, o \u201c<strong>Contrato\u201d<\/strong>) s\u00e3o um contrato legal entre voc\u00ea (ou sua organiza\u00e7\u00e3o) (\u201c<strong>voc\u00ea<\/strong>\u201d) e a Copperleaf Technologies Inc. (\u201c<strong>Copperleaf<\/strong>\u201d, \u201c<strong>n\u00f3s<\/strong>\u201d, \u201c<strong>nos<\/strong>\u201d ou \u201c<strong>nosso<\/strong>\u201d) referente \u00e0s condi\u00e7\u00f5es associadas ao acesso e uso que voc\u00ea fizer do site da\u00a0<a href=\"https:\/\/copperleaf-test.majortom.dev\/\">www.copperleaf.com<\/a>\u00a0(o \u201c<strong>site<\/strong>\u201d). LEIA COM ATEN\u00c7\u00c3O, UMA VEZ QUE ESTES TERMOS DE USO CONT\u00caM LIMITA\u00c7\u00d5ES DE RESPONSABILIDADE, BEM COMO ISEN\u00c7\u00d5ES DE GARANTIAS E OUTROS TERMOS QUE AFETAM SEUS DIREITOS LEGAIS. SE VOC\u00ca N\u00c3O CONCORDAR COM ESTES TERMOS DE USO OU CASO LHE FALTE RECURSO OU AUTORIDADE PARA CONCORDAR COM OS TERMOS DE USO, VOC\u00ca N\u00c3O DEVE VISITAR NOSSO SITE NA WEB.<\/p>\r\n<h3><strong>1. Escopo dos Termos de uso<\/strong><\/h3>\r\n<p>Estes Termos de uso n\u00e3o se aplicam a sites de terceiros, nem mesmo aos sites que s\u00e3o indicados ou vinculados por n\u00f3s ou a nosso site. N\u00e3o seremos respons\u00e1veis pelo conte\u00fado de sites de terceiros, seus termos de uso ou quaisquer quest\u00f5es que possam resultar de seu acesso ou uso de sites de terceiros.<\/p>\r\n<h3><strong>2. Altera\u00e7\u00f5es nos Termos de uso<\/strong><\/h3>\r\n<p>Podemos alterar qualquer parte destes Termos de uso com adi\u00e7\u00e3o, exclus\u00e3o ou varia\u00e7\u00e3o do conte\u00fado e\/ou escopo. Essas altera\u00e7\u00f5es poder\u00e3o ser implementadas periodicamente a nosso crit\u00e9rio. As altera\u00e7\u00f5es nestes Termos de uso ser\u00e3o feitas por meio de atualiza\u00e7\u00e3o da p\u00e1gina na Web de nosso site que exibe estes Termos de uso e ao atualizar o n\u00famero da vers\u00e3o no in\u00edcio destes Termos de uso. Se voc\u00ea n\u00e3o concordar com alguma altera\u00e7\u00e3o nestes Termos de uso ou caso lhe falte recurso ou autoridade para concordar com eles, voc\u00ea n\u00e3o deve visitar nosso site na web.<\/p>\r\n<h3><strong>3. Atividades autorizadas<\/strong><\/h3>\r\n<p>Dependendo de sua conformidade com estes Termos de uso e enquanto mantivermos o site dispon\u00edvel, voc\u00ea ter\u00e1 o direito limitado de acessar o Site. Esse direito tem car\u00e1ter de uma licen\u00e7a pessoal, revog\u00e1vel, n\u00e3o exclusiva, intransfer\u00edvel e n\u00e3o sublicenci\u00e1vel que autoriza a reprodu\u00e7\u00e3o limitada e tempor\u00e1ria do site somente na medida em que for necess\u00e1rio para as atividades normais de navega\u00e7\u00e3o. Por uma quest\u00e3o de clareza, o acima mencionado n\u00e3o inclui nenhum direito de acesso direto ao software, bancos de dados, algoritmos ou dados que alimentam o Site, nem qualquer direito de obter uma c\u00f3pia do c\u00f3digo-fonte ou arquitetura do Site. Esta licen\u00e7a tamb\u00e9m o autoriza a exibir em seu computador, imprimir, fazer download e usar o conte\u00fado disponibilizado a voc\u00ea em nosso Site,\u00a0<u>somente<\/u>\u00a0para fins n\u00e3o comerciais, pessoais e\/ou educativos, desde que voc\u00ea n\u00e3o modifique nada no conte\u00fado e inclua em cada c\u00f3pia desse conte\u00fado o aviso de diretos autorais associado e esta licen\u00e7a limitada.<\/p>\r\n<h3><strong>4. Atividades n\u00e3o autorizadas<\/strong><\/h3>\r\n<p>Voc\u00ea n\u00e3o deve (a) descompilar, desmontar, fazer engenharia reversa, investigar ou de outra forma acessar qualquer por\u00e7\u00e3o sem interface de usu\u00e1rio de nosso Site; (b) contornar quaisquer limita\u00e7\u00f5es que impusermos ao seu acesso e\/ou uso do site; (c) usar ou exibir o Site de maneira que permita deriva\u00e7\u00e3o de informa\u00e7\u00f5es sobre ele que n\u00e3o eram destinadas a ser disponibilizadas aos usu\u00e1rios do Site; (d) contornar quaisquer recursos de seguran\u00e7a ou medidas de prote\u00e7\u00e3o tecnol\u00f3gica incorporados em nosso Site; (e) automatizar acesso ao nosso Site; (f) praticar nenhum comportamento que tenha sido especificamente proibido em uma comunica\u00e7\u00e3o nossa a voc\u00ea; (g) fazer qualquer uso comercial do conte\u00fado de nosso Site, incluir esse conte\u00fado em qualquer produto que voc\u00ea crie ou distribua nem copiar esse conte\u00fado em seu site ou em algum outro site. Al\u00e9m disso, voc\u00ea n\u00e3o dever\u00e1 reproduzir permanentemente nosso site ou qualquer parte dele, nem distribuir ou explorar nosso site ou qualquer conte\u00fado dele de nenhuma maneira. Por uma quest\u00e3o de clareza, n\u00e3o h\u00e1 nada nestes Termos de uso que lhe conceda algum tipo participa\u00e7\u00e3o na propriedade intelectual incorporada no Site ou em seu conte\u00fado. Voc\u00ea reconhece que a propriedade intelectual no Site e em seu conte\u00fado, inclusive, entre outros, nossas marcas comerciais, logotipos e direitos autorais, pertencem a n\u00f3s e\/ou nossos licenciantes (conforme seja o caso) e n\u00e3o a voc\u00ea.<\/p>\r\n<h3><strong>5. Indeniza\u00e7\u00e3o<\/strong><\/h3>\r\n<p>Voc\u00ea concorda em defender, indenizar e isentar-nos e a nossos diretores, afiliados, empregados e agentes, de e contra quaisquer reivindica\u00e7\u00f5es, responsabilidades, danos, preju\u00edzos, e despesas, inclusive, entre outros, honor\u00e1rios legais e cont\u00e1beis decorrentes ou de qualquer forma relacionados ao seu acesso ou uso de nosso Site.<\/p>\r\n<h3><strong>6. Ren\u00fancia de garantias e limita\u00e7\u00e3o de responsabilidade<\/strong><\/h3>\r\n<p>PELO PRESENTE, EXCLU\u00cdMOS TODAS AS REPRESENTA\u00c7\u00d5ES, CONDI\u00c7\u00d5ES E GARANTIAS REFERENTES AO NOSSO SITE NA WEB E SEUS CONTE\u00daDOS, EXPRESSOS OU IMPRESSOS, INCLUSIVE QUALQUER CONDI\u00c7\u00c3O OU GARANTIA DE COMERCIABILIDADE OU ADEQUA\u00c7\u00c3O PARA UM FIM ESPEC\u00cdFICO. N\u00c3O OFERECEMOS NENHUMA REPRESENTA\u00c7\u00c3O, CONDI\u00c7\u00c3O OU GARANTIA COM RELA\u00c7\u00c3O \u00c0S INFORMA\u00c7\u00d5ES ENCONTRADAS EM NOSSO SITE, INCLUSIVE QUALQUER GARANTIA REFERENTE \u00c0 PRECIS\u00c3O OU CONFIABILIDADE DELAS. PELO PRESENTE, VOC\u00ca RENUNCIA A QUALQUER DIREITO DE CONFIAR NAS INFORMA\u00c7\u00d5ES EXIBIDAS NO SITE. NOSSO SITE PODE FICAR INDISPON\u00cdVEL POR DIVERSOS MOTIVOS, INCLUSIVE, ENTRE OUTROS, MANUTEN\u00c7\u00d5ES PROGRAMADAS E N\u00c3O PROGRAMADAS POR N\u00d3S. EXCETO NO CASO DE TRANSGRESS\u00c3O INTENCIONAL OU NEGLIG\u00caNCIA GRAVE, N\u00c3O SEREMOS RESPONS\u00c1VEIS POR NENHUM DANO CAUSADO OU RELACIONADO AO NOSSOS SITE, \u00c0S INFORMA\u00c7\u00d5ES EXIBIDAS NELE, NOSSAS A\u00c7\u00d5ES OU OMISS\u00d5ES OU A ESTES TERMOS DE USO (INCLUSIVE A VIOLA\u00c7\u00c3O DESTES TERMOS DE USO). ESTA LIMITA\u00c7\u00c3O DE RESPONSABILIDADE DEVER\u00c1 APLICAR-SE A TODOS OS DANOS CAUSADOS, SEJA EM CONTRATO, IL\u00cdCITO CIVIL (INCLUSIVE NEGLIG\u00caNCIA), PROPRIEDADE, PRIVACIDADE, LEGISLA\u00c7\u00c3O OU OUTRO. SEM LIMITAR A GENERALIDADE DO ACIMA MENCIONADO, N\u00c3O SEREMOS RESPONS\u00c1VEIS POR NENHUMA PERDA DE DADOS, PERDA DE RECEITA, PERDA DE LUCROS, PERDA DE OPORTUNIDADES COMERCIAIS, PERDA DE TEMPO, DESPESAS LEGAIS OU DESPESAS DE LIT\u00cdGIOS.<\/p>\r\n<h3><strong>7. Geral<\/strong><\/h3>\r\n<p><strong>a) Lei aplic\u00e1vel e jurisdi\u00e7\u00e3o<\/strong><\/p>\r\n<p>Estes Termos de uso s\u00e3o governados exclusivamente e interpretados segundo as leis da Prov\u00edncia da Columbia Brit\u00e2nica (Canad\u00e1) e as leis federais do Canad\u00e1 aplic\u00e1veis. As partes, por meio deste, acatam e se submetem irrevogavelmente \u00e0 jurisdi\u00e7\u00e3o dos tribunais do distrito de Vancouver, prov\u00edncia da Columbia Brit\u00e2nica.<\/p>\r\n<p><strong>b) Atribui\u00e7\u00e3o<\/strong><\/p>\r\n<p>Voc\u00ea n\u00e3o pode atribuir nenhum de seus direitos sob estes Termos de uso sem o nosso consentimento por escrito.<\/p>\r\n<p><strong>c) Condi\u00e7\u00e3o das partes<\/strong><\/p>\r\n<p>Estes Termos de uso n\u00e3o criam nenhuma rela\u00e7\u00e3o empregat\u00edcia, parceria, ag\u00eancia, joint venture fiduciante, nem criam nenhuma obriga\u00e7\u00e3o fiduci\u00e1ria.<\/p>\r\n<p><strong>d) Autonomia das cl\u00e1usulas<\/strong><\/p>\r\n<p>Se alguma das partes nestes Termos de uso for considerada indefinida, inv\u00e1lida, ilegal ou de alguma forma anul\u00e1vel ou inexequ\u00edvel, as outras partes destes Termos de uso n\u00e3o ser\u00e3o reprovadas por conta disso e o restante dos Termos de uso continuar\u00e3o em pleno vigor e efeito.<\/p>\r\n<p><strong>e) Idioma<\/strong><\/p>\r\n<p>Voc\u00ea e n\u00f3s concordamos que estes Termos de uso e todos os documentos relacionados sejam redigidos em ingl\u00eas.\u00a0<em>Les parties aux pr\u00e9sentes reconnaissent avoir convenu que la pr\u00e9sente entente et les documents connexes soient r\u00e9dig\u00e9s en langue anglaise.<\/em><\/p>\r\n<p><strong>f) Privacidade<\/strong><\/p>\r\n<p>Para obter mais informa\u00e7\u00f5es sobre como coletamos, usamos e divulgamos informa\u00e7\u00f5es pessoais, leia nossa\u00a0<a href=\"https:\/\/copperleaf-test.majortom.dev\/privacy\/\">pol\u00edtica de privacidade<\/a>.<\/p>\r\n<p><strong>g) Contato<\/strong><\/p>\r\n<p>Caso tenha preocupa\u00e7\u00f5es, d\u00favidas ou reclama\u00e7\u00f5es referentes a estes Termos de uso, entre em contato conosco em:<\/p>\r\n<p>Copperleaf Technologies<br \/>2920 Virtual Way, Suite 140<br \/>Vancouver, BC V5M 0C4<br \/>Canad\u00e1<\/p>\r\n<p><a href=\"mailto:privacy@copperleaf.com\">privacy@copperleaf.com<\/a><\/p>","protected":false},"excerpt":{"rendered":"<p>Estes Termos de uso (os \u201cTermos de uso\u201d), juntamente com a Pol\u00edtica de privacidade, a Pol\u00edtica de cookies e quaisquer outras pol\u00edticas ou diretrizes publicadas em\u00a0www.copperleaf.com\u00a0(coletivamente, o \u201cContrato\u201d) s\u00e3o um contrato legal entre voc\u00ea (ou sua organiza\u00e7\u00e3o) (\u201cvoc\u00ea\u201d) e a Copperleaf Technologies Inc. (\u201cCopperleaf\u201d, \u201cn\u00f3s\u201d, \u201cnos\u201d ou \u201cnosso\u201d) referente \u00e0s condi\u00e7\u00f5es associadas ao acesso e [&hellip;]<\/p>\n","protected":false},"author":3,"featured_media":0,"parent":0,"menu_order":18,"comment_status":"closed","ping_status":"closed","template":"","meta":{"_acf_changed":false,"_searchwp_excluded":"","footnotes":"","_wp_rev_ctl_limit":""},"acf":[],"yoast_head":"<!-- This site is optimized with the Yoast SEO plugin v23.0 - https:\/\/yoast.com\/wordpress\/plugins\/seo\/ -->\n<title>Termos de uso - Copperleaf<\/title>\n<meta name=\"robots\" content=\"noindex, follow, max-snippet:-1, max-image-preview:large, max-video-preview:-1\" \/>\n<meta property=\"og:locale\" content=\"pt_PT\" \/>\n<meta property=\"og:type\" content=\"article\" \/>\n<meta property=\"og:title\" content=\"Termos de uso - Copperleaf\" \/>\n<meta property=\"og:description\" content=\"Estes Termos de uso (os \u201cTermos de uso\u201d), juntamente com a Pol\u00edtica de privacidade, a Pol\u00edtica de cookies e quaisquer outras pol\u00edticas ou diretrizes publicadas em\u00a0www.copperleaf.com\u00a0(coletivamente, o \u201cContrato\u201d) s\u00e3o um contrato legal entre voc\u00ea (ou sua organiza\u00e7\u00e3o) (\u201cvoc\u00ea\u201d) e a Copperleaf Technologies Inc. (\u201cCopperleaf\u201d, \u201cn\u00f3s\u201d, \u201cnos\u201d ou \u201cnosso\u201d) referente \u00e0s condi\u00e7\u00f5es associadas ao acesso e [&hellip;]\" \/>\n<meta property=\"og:url\" content=\"https:\/\/copperleaf-test.majortom.dev\/pt\/termos-de-uso\/\" \/>\n<meta property=\"og:site_name\" content=\"Copperleaf\" \/>\n<meta property=\"article:modified_time\" content=\"2023-01-27T21:26:28+00:00\" \/>\n<meta name=\"twitter:card\" content=\"summary_large_image\" \/>\n<meta name=\"twitter:label1\" content=\"Est. reading time\" \/>\n\t<meta name=\"twitter:data1\" content=\"6 minutos\" \/>\n<script type=\"application\/ld+json\" class=\"yoast-schema-graph\">{\"@context\":\"https:\/\/schema.org\",\"@graph\":[{\"@type\":\"WebPage\",\"@id\":\"https:\/\/copperleaf-test.majortom.dev\/pt\/termos-de-uso\/\",\"url\":\"https:\/\/copperleaf-test.majortom.dev\/pt\/termos-de-uso\/\",\"name\":\"Termos de uso - Copperleaf\",\"isPartOf\":{\"@id\":\"https:\/\/copperleaf-test.majortom.dev\/pt\/#website\"},\"datePublished\":\"2022-04-25T16:45:57+00:00\",\"dateModified\":\"2023-01-27T21:26:28+00:00\",\"breadcrumb\":{\"@id\":\"https:\/\/copperleaf-test.majortom.dev\/pt\/termos-de-uso\/#breadcrumb\"},\"inLanguage\":\"pt-PT\",\"potentialAction\":[{\"@type\":\"ReadAction\",\"target\":[\"https:\/\/copperleaf-test.majortom.dev\/pt\/termos-de-uso\/\"]}]},{\"@type\":\"BreadcrumbList\",\"@id\":\"https:\/\/copperleaf-test.majortom.dev\/pt\/termos-de-uso\/#breadcrumb\",\"itemListElement\":[{\"@type\":\"ListItem\",\"position\":1,\"name\":\"Home\",\"item\":\"https:\/\/copperleaf-test.majortom.dev\/pt\/\"},{\"@type\":\"ListItem\",\"position\":2,\"name\":\"Termos de uso\"}]},{\"@type\":\"WebSite\",\"@id\":\"https:\/\/copperleaf-test.majortom.dev\/pt\/#website\",\"url\":\"https:\/\/copperleaf-test.majortom.dev\/pt\/\",\"name\":\"Copperleaf\",\"description\":\"\",\"potentialAction\":[{\"@type\":\"SearchAction\",\"target\":{\"@type\":\"EntryPoint\",\"urlTemplate\":\"https:\/\/copperleaf-test.majortom.dev\/pt\/?s={search_term_string}\"},\"query-input\":\"required name=search_term_string\"}],\"inLanguage\":\"pt-PT\"}]}<\/script>\n<!-- \/ Yoast SEO plugin. -->","yoast_head_json":{"title":"Termos de uso - Copperleaf","robots":{"index":"noindex","follow":"follow","max-snippet":"max-snippet:-1","max-image-preview":"max-image-preview:large","max-video-preview":"max-video-preview:-1"},"og_locale":"pt_PT","og_type":"article","og_title":"Termos de uso - Copperleaf","og_description":"Estes Termos de uso (os \u201cTermos de uso\u201d), juntamente com a Pol\u00edtica de privacidade, a Pol\u00edtica de cookies e quaisquer outras pol\u00edticas ou diretrizes publicadas em\u00a0www.copperleaf.com\u00a0(coletivamente, o \u201cContrato\u201d) s\u00e3o um contrato legal entre voc\u00ea (ou sua organiza\u00e7\u00e3o) (\u201cvoc\u00ea\u201d) e a Copperleaf Technologies Inc. (\u201cCopperleaf\u201d, \u201cn\u00f3s\u201d, \u201cnos\u201d ou \u201cnosso\u201d) referente \u00e0s condi\u00e7\u00f5es associadas ao acesso e [&hellip;]","og_url":"https:\/\/copperleaf-test.majortom.dev\/pt\/termos-de-uso\/","og_site_name":"Copperleaf","article_modified_time":"2023-01-27T21:26:28+00:00","twitter_card":"summary_large_image","twitter_misc":{"Est. reading time":"6 minutos"},"schema":{"@context":"https:\/\/schema.org","@graph":[{"@type":"WebPage","@id":"https:\/\/copperleaf-test.majortom.dev\/pt\/termos-de-uso\/","url":"https:\/\/copperleaf-test.majortom.dev\/pt\/termos-de-uso\/","name":"Termos de uso - Copperleaf","isPartOf":{"@id":"https:\/\/copperleaf-test.majortom.dev\/pt\/#website"},"datePublished":"2022-04-25T16:45:57+00:00","dateModified":"2023-01-27T21:26:28+00:00","breadcrumb":{"@id":"https:\/\/copperleaf-test.majortom.dev\/pt\/termos-de-uso\/#breadcrumb"},"inLanguage":"pt-PT","potentialAction":[{"@type":"ReadAction","target":["https:\/\/copperleaf-test.majortom.dev\/pt\/termos-de-uso\/"]}]},{"@type":"BreadcrumbList","@id":"https:\/\/copperleaf-test.majortom.dev\/pt\/termos-de-uso\/#breadcrumb","itemListElement":[{"@type":"ListItem","position":1,"name":"Home","item":"https:\/\/copperleaf-test.majortom.dev\/pt\/"},{"@type":"ListItem","position":2,"name":"Termos de uso"}]},{"@type":"WebSite","@id":"https:\/\/copperleaf-test.majortom.dev\/pt\/#website","url":"https:\/\/copperleaf-test.majortom.dev\/pt\/","name":"Copperleaf","description":"","potentialAction":[{"@type":"SearchAction","target":{"@type":"EntryPoint","urlTemplate":"https:\/\/copperleaf-test.majortom.dev\/pt\/?s={search_term_string}"},"query-input":"required name=search_term_string"}],"inLanguage":"pt-PT"}]}},"_links":{"self":[{"href":"https:\/\/copperleaf-test.majortom.dev\/pt\/wp-json\/wp\/v2\/pages\/33165"}],"collection":[{"href":"https:\/\/copperleaf-test.majortom.dev\/pt\/wp-json\/wp\/v2\/pages"}],"about":[{"href":"https:\/\/copperleaf-test.majortom.dev\/pt\/wp-json\/wp\/v2\/types\/page"}],"author":[{"embeddable":true,"href":"https:\/\/copperleaf-test.majortom.dev\/pt\/wp-json\/wp\/v2\/users\/3"}],"replies":[{"embeddable":true,"href":"https:\/\/copperleaf-test.majortom.dev\/pt\/wp-json\/wp\/v2\/comments?post=33165"}],"version-history":[{"count":0,"href":"https:\/\/copperleaf-test.majortom.dev\/pt\/wp-json\/wp\/v2\/pages\/33165\/revisions"}],"wp:attachment":[{"href":"https:\/\/copperleaf-test.majortom.dev\/pt\/wp-json\/wp\/v2\/media?parent=33165"}],"curies":[{"name":"wp","href":"https:\/\/api.w.org\/{rel}","templated":true}]}}