{"id":33160,"date":"2022-04-05T18:34:09","date_gmt":"2022-04-06T01:34:09","guid":{"rendered":"https:\/\/copperleaf-test.majortom.dev\/privacy\/"},"modified":"2023-01-27T11:51:32","modified_gmt":"2023-01-27T19:51:32","slug":"privacidade","status":"publish","type":"page","link":"https:\/\/copperleaf-test.majortom.dev\/pt\/privacidade\/","title":{"rendered":"Privacidade"},"content":{"rendered":"\r\n<p>&nbsp;<\/p>\r\n\r\n\r\n\r\n\r\n\r\n\r\n\r\n<p>Agradecemos seu interesse na Copperleaf Technologies Inc. (\u201cCopperleaf\u201d). A Pol\u00edtica de privacidade (\u201cPol\u00edtica\u201d) descreve como coletamos, usamos e divulgamos suas informa\u00e7\u00f5es pessoais e como essas informa\u00e7\u00f5es pessoais podem ser consultadas e corrigidas, quando necess\u00e1rio.<\/p>\r\n<p>Ao visitar\u00a0<a href=\"https:\/\/copperleaf-test.majortom.dev\/\">www.copperleaf.com<\/a>\u00a0(\u201c<strong>Website<\/strong>\u201d), ao entrar em contato conosco ou concordar em receber e-mails da Copperleaf<sup>\u00ae<\/sup>, voc\u00ea aceita os termos e condi\u00e7\u00f5es desta Pol\u00edtica. Esta Pol\u00edtica n\u00e3o se estende a sites da Web que sejam operados por terceiros. Portanto, a Copperleaf n\u00e3o \u00e9 respons\u00e1vel pelas pol\u00edticas de privacidade, procedimentos e pr\u00e1ticas desses sites.<\/p>\r\n<h3><strong style=\"background-color: initial;\">1. Coleta de informa\u00e7\u00f5es<\/strong><\/h3>\r\n<p>Por informa\u00e7\u00e3o pessoal entende-se qualquer informa\u00e7\u00e3o relacionada a uma pessoa f\u00edsica identificada ou identific\u00e1vel. Coletamos suas informa\u00e7\u00f5es pessoais de v\u00e1rias maneiras, inclusive quando voc\u00ea insere informa\u00e7\u00f5es em nosso site na Web, entra em contato conosco por telefone ou por e-mail, publica em nossas contas de m\u00eddia social, entra em parcerias com fornecedores de dados etc. Dependendo das circunst\u00e2ncias, as informa\u00e7\u00f5es pessoais podem incluir seu nome, endere\u00e7o de e-mail, n\u00famero de telefone e pa\u00eds ou estado\/munic\u00edpio. A navega\u00e7\u00e3o em nosso site n\u00e3o exige nenhuma forma de registro; entretanto, alguns servi\u00e7os podem exigir que voc\u00ea forne\u00e7a informa\u00e7\u00f5es pessoais. Nessas situa\u00e7\u00f5es, caso voc\u00ea escolha se abster de fornecer alguma informa\u00e7\u00e3o pessoal solicitada, pode ser que n\u00e3o consiga ter acesso a determinadas \u00e1reas do site da Web e que n\u00e3o consigamos responder \u00e0 sua consulta.<\/p>\r\n<p>Talvez usemos an\u00e1lise de e-mail que pode incluir rastreamento de respostas, aberturas e outras intera\u00e7\u00f5es com e-mail. Coletamos, tamb\u00e9m, dados relacionados \u00e0 sua visita ao nosso site. Essas informa\u00e7\u00f5es podem conter seu endere\u00e7o IP, a data, hor\u00e1rio e dura\u00e7\u00e3o de suas visitas, bem como as p\u00e1ginas da Web que voc\u00ea consultou. Nosso site na Web, como a maioria dos outros sites comerciais, usa cookies. Para obter uma descri\u00e7\u00e3o detalhada dos cookies que usamos, consulte a\u00a0<a href=\"https:\/\/copperleaf-test.majortom.dev\/cookie-policy\/\">Pol\u00edtica de cookies<\/a>.<\/p>\r\n<p>As bases legais para o processamento que fazemos das informa\u00e7\u00f5es pessoais s\u00e3o principalmente a necessidade do processamento para fornecer o site. Esse processamento \u00e9 realizado segundo nossos interesses leg\u00edtimos, que s\u00e3o mais explicados na se\u00e7\u00e3o \u201cUso e comunica\u00e7\u00e3o das informa\u00e7\u00f5es\u201d. Tamb\u00e9m podemos processar informa\u00e7\u00f5es pessoais ap\u00f3s seu consentimento, com solicita\u00e7\u00e3o conforme apropriado.<\/p>\r\n<h3><strong style=\"background-color: initial;\">2. Uso e comunica\u00e7\u00e3o das informa\u00e7\u00f5es<\/strong><\/h3>\r\n<p>Adotamos medidas concebidas para garantir que apenas os funcion\u00e1rios que necessitam acessar suas informa\u00e7\u00f5es pessoais para cumprir suas obriga\u00e7\u00f5es de trabalho tenham esse acesso. Usamos e divulgamos suas informa\u00e7\u00f5es pessoais principalmente:<\/p>\r\n<ul>\r\n<li>para operar, manter, aprimorar e fornecer todos os recursos do site na Web, fornecer os servi\u00e7os e informa\u00e7\u00f5es que voc\u00ea solicita, responder a coment\u00e1rios e perguntas e dar suporte aos usu\u00e1rios do site;<\/li>\r\n<li>para entender e analisar as tend\u00eancias e prefer\u00eancias de uso de nossos usu\u00e1rios, melhorar o site e desenvolver novos produtos, servi\u00e7os, recursos e funcionalidades;<\/li>\r\n<li>para lhe enviar comunica\u00e7\u00f5es; ou<\/li>\r\n<li>qualquer outra finalidade autorizada ou exigida por lei.<\/li>\r\n<\/ul>\r\n<p>Quando divulgamos suas informa\u00e7\u00f5es pessoais a terceiros, adotamos medidas razo\u00e1veis para garantir que as regras estabelecidas nesta Pol\u00edtica sejam cumpridas e que esses terceiros forne\u00e7am garantias suficientes para implementar medidas t\u00e9cnicas e organizacionais apropriadas.<\/p>\r\n<p>Na eventualidade de altera\u00e7\u00e3o de propriedade, venda, fus\u00e3o, liquida\u00e7\u00e3o, reorganiza\u00e7\u00e3o ou aquisi\u00e7\u00e3o da Copperleaf, no todo ou em parte, suas informa\u00e7\u00f5es pessoais poder\u00e3o ser transferidas como parte da transa\u00e7\u00e3o.<\/p>\r\n<p>Por fim, podemos disponibilizar a terceiros determinadas informa\u00e7\u00f5es coletadas automaticamente, agregadas ou que n\u00e3o sejam de alguma forma pessoalmente identific\u00e1veis para diversos fins, inclusive (i) conformidade com v\u00e1rias obriga\u00e7\u00f5es de emiss\u00e3o de relat\u00f3rios; (ii) fins comerciais ou de marketing; ou (iii) para auxiliar essas partes a entender seus interesses, h\u00e1bitos e padr\u00f5es de uso de determinados programas, conte\u00fados, servi\u00e7os e\/ou funcionalidades dispon\u00edveis na Web.<\/p>\r\n<h3><strong style=\"background-color: initial;\">3. Seguran\u00e7a<\/strong><\/h3>\r\n<p>Todos os dados coletados pela Copperleaf s\u00e3o armazenados em instala\u00e7\u00f5es de hospedagem segura. Durante a transmiss\u00e3o e ap\u00f3s termos recebido suas informa\u00e7\u00f5es, seguimos os padr\u00f5es geralmente aceitos do setor para proteger suas informa\u00e7\u00f5es. Usamos salvaguardas razo\u00e1veis para proteger suas informa\u00e7\u00f5es contra destrui\u00e7\u00e3o ou perda acidental ou il\u00edcita, altera\u00e7\u00f5es n\u00e3o autorizadas, divulga\u00e7\u00e3o, acesso e qualquer outra forma de processamento ilegal. Nossas prote\u00e7\u00f5es incluem firewalls, prote\u00e7\u00e3o de senhas e outros m\u00e9todos de seguran\u00e7a t\u00e9cnica usados para proteger dados.<\/p>\r\n<p>Embora a Copperleaf se esforce constantemente para proteger a seguran\u00e7a e a privacidade das informa\u00e7\u00f5es que voc\u00ea fornece pela Internet para n\u00f3s, n\u00e3o existem m\u00e9todos de transmiss\u00e3o na Internet ou m\u00e9todos de armazenamento eletr\u00f4nico que sejam 100% seguros. A Copperleaf n\u00e3o pode garantir que essas informa\u00e7\u00f5es n\u00e3o ser\u00e3o acessadas de maneira impr\u00f3pria nem usadas por terceiros. Voc\u00ea est\u00e1 transmitindo essas informa\u00e7\u00f5es pela Internet \u00e0 Copperleaf por sua conta e risco. Se soubermos de alguma viola\u00e7\u00e3o dos sistemas de seguran\u00e7a relacionada a suas informa\u00e7\u00f5es, voc\u00ea ser\u00e1 informado sobre a ocorr\u00eancia da viola\u00e7\u00e3o de acordo com a lei aplic\u00e1vel.<\/p>\r\n<h3><strong style=\"background-color: initial;\">4. Acesso a dados, altera\u00e7\u00e3o e elimina\u00e7\u00e3o<\/strong><\/h3>\r\n<p>Com solicita\u00e7\u00e3o por escrito e sujeito a comprova\u00e7\u00e3o de identidade, voc\u00ea poder\u00e1 acessar as informa\u00e7\u00f5es pessoais que retemos e solicitar que sejam feitas corre\u00e7\u00f5es necess\u00e1rias, quando aplic\u00e1vel, conforme autorizado ou exigido por lei. Entretanto, para garantir que as informa\u00e7\u00f5es pessoais que mantemos sobre voc\u00ea sejam precisas e atualizadas, informe-nos imediatamente sobre qualquer altera\u00e7\u00e3o em suas informa\u00e7\u00f5es pessoais.<\/p>\r\n<p>Segundo a <em>Lei Geral de Prote\u00e7\u00e3o de Dados <\/em>(\u201cLGPD\u201d), voc\u00ea talvez tenha direitos adicionais, inclusive: (i) o direito de suspender o consentimento para processamento quando o consentimento for a base do processamento; (ii) o direito de acessar suas informa\u00e7\u00f5es pessoais e algumas outras informa\u00e7\u00f5es complementares, sob determinadas condi\u00e7\u00f5es; (iii) o direito de opor-se ao processamento de dados il\u00edcito, sob determinadas condi\u00e7\u00f5es; (iv) o direito de apagar suas informa\u00e7\u00f5es pessoais, sob determinadas condi\u00e7\u00f5es; (v) o direito de exigir que restrinjamos o processamento de seus dados pessoais, sob determinadas condi\u00e7\u00f5es, caso acredite que tenhamos excedido as bases leg\u00edtimas para processamento, o processamento n\u00e3o seja mais necess\u00e1rio ou se acreditar que suas informa\u00e7\u00f5es pessoais est\u00e3o incorretas; (vi) o direito \u00e0 portabilidade de seus dados pessoais referentes, que voc\u00ea nos tenha fornecido em formato estruturado, de uso comum e leg\u00edvel por m\u00e1quina, sob determinadas condi\u00e7\u00f5es; (vii) o direito de se opor a decis\u00f5es que estejam sendo tomadas por meios automatizados que produzam efeitos legais referentes a voc\u00ea ou que o afetem significativamente de maneira similar, sob determinadas condi\u00e7\u00f5es; (viii) o direito de apresentar uma den\u00fancia \u00e0s autoridades de prote\u00e7\u00e3o de dados. Caso queira saber mais sobre seus direitos segundo a LGPD, visite a p\u00e1gina da Comiss\u00e3o Europeia em\u00a0<a href=\"https:\/\/ec.europa.eu\/info\/law\/law-topic\/data-protection_en\">Prote\u00e7\u00e3o de dados<\/a>.<\/p>\r\n<h3><strong style=\"background-color: initial;\">5. Reten\u00e7\u00e3o e transfer\u00eancia<\/strong><\/h3>\r\n<p>Reteremos seus dados pessoais pelo per\u00edodo necess\u00e1rio para cumprir as finalidades descritas nesta Pol\u00edtica, ou conforme exigido pelas leis, normas ou ordens governamentais aplic\u00e1veis.<\/p>\r\n<p>Suas informa\u00e7\u00f5es pessoais poder\u00e3o ser armazenadas e processadas em qualquer pa\u00eds onde tenhamos instala\u00e7\u00f5es ou em que contratemos prestadores de servi\u00e7os terceirizados. Ao usar o site na Web, voc\u00ea concorda com a transfer\u00eancia de informa\u00e7\u00f5es a pa\u00edses fora do seu pa\u00eds de resid\u00eancia, os quais podem ter regras para prote\u00e7\u00e3o de dados que s\u00e3o diferentes das regras no seu pa\u00eds. Embora essas informa\u00e7\u00f5es estejam fora do Canad\u00e1, elas est\u00e3o sujeitas \u00e0s leis do pa\u00eds em que s\u00e3o mantidas e poder\u00e3o estar sujeitas a divulga\u00e7\u00e3o para governos, tribunais ou \u00f3rg\u00e3os de seguran\u00e7a e ag\u00eancias reguladoras desses outros pa\u00edses, em conformidade com as leis desses pa\u00edses. No entanto, nossas pr\u00e1ticas referentes \u00e0s suas informa\u00e7\u00f5es pessoais continuar\u00e3o sempre a ser regidas por esta Pol\u00edtica e, se aplic\u00e1vel, cumpriremos as exig\u00eancias da LGPD com fornecimento de prote\u00e7\u00e3o adequada para a transfer\u00eancia de informa\u00e7\u00f5es pessoais da UE\/EEE para pa\u00edses terceiros.<\/p>\r\n<h3><strong style=\"background-color: initial;\">6. Altera\u00e7\u00f5es nas pol\u00edticas<\/strong><\/h3>\r\n<p>A Copperleaf reserva-se o direito de atualizar a Pol\u00edtica conforme necess\u00e1rio. Visite novamente esta p\u00e1gina periodicamente para inteirar-se de quaisquer altera\u00e7\u00f5es que tenhamos implementado. A Pol\u00edtica sempre indicar\u00e1 a \u00faltima data de atualiza\u00e7\u00e3o para sua refer\u00eancia. Ao continuar o uso de nosso site ou de outros servi\u00e7os depois que a Pol\u00edtica revisada estiver em vigor, voc\u00ea indica que leu, entendeu e concordou com a vers\u00e3o atual da Pol\u00edtica.<\/p>\r\n<h3><strong style=\"background-color: initial;\">7. <\/strong><strong style=\"background-color: initial;\">Privacidade infantil<\/strong><\/h3>\r\n<p>O site n\u00e3o \u00e9 dirigido a crian\u00e7as menores de 16 anos de idade e n\u00e3o coletamos intencionalmente informa\u00e7\u00f5es pessoais de menores com menos de 16 anos de idade sem obter autoriza\u00e7\u00e3o parental. Caso voc\u00ea tenha menos de 16 anos de idade, pedimos que n\u00e3o use nem acesse o site, seja quando ou como for. Se chegar ao nosso conhecimento que foram coletadas informa\u00e7\u00f5es pessoais de pessoas com menos de 16 anos de idade ou sem consentimento verific\u00e1vel dos pais, tomaremos as medidas apropriadas para apagar essas informa\u00e7\u00f5es. Se voc\u00ea for um pai ou tutor e descobrir que seu filho com menos de 16 anos de idade forneceu informa\u00e7\u00f5es pessoais, poder\u00e1 alertar-nos como definido na se\u00e7\u00e3o \u201cContato\u201d e solicitar que as informa\u00e7\u00f5es pessoais dessa crian\u00e7a sejam eliminadas de nossos sistemas.<\/p>\r\n<h3><strong style=\"background-color: initial;\">8. Geral<\/strong><\/h3>\r\n<p>Se alguma das partes nesta Pol\u00edtica for considerada indefinida, inv\u00e1lida, ilegal ou de alguma forma anul\u00e1vel ou inexequ\u00edvel, as outras partes desta Pol\u00edtica n\u00e3o ser\u00e3o reprovadas por conta disso e o restante da Pol\u00edtica continuar\u00e1 em pleno vigor e efeito. A Pol\u00edtica constitui o acordo todo entre voc\u00ea e a Copperleaf que rege o uso que voc\u00ea faz do site na Web. Voc\u00ea ainda pode estar sujeito a outros termos e condi\u00e7\u00f5es ao acessar outros sites. A falha da Copperleaf em exercer, ou o atraso dela em exercer qualquer direito ou recurso sob a Pol\u00edtica n\u00e3o constituir\u00e1 uma ren\u00fancia a esse direito ou recurso. Os t\u00edtulos das se\u00e7\u00f5es nesta Pol\u00edtica servem apenas para conveni\u00eancia e n\u00e3o t\u00eam qualquer efeito legal ou contratual.<\/p>\r\n<h3><strong style=\"background-color: initial;\">9. Termos de uso<\/strong><\/h3>\r\n<p>Exceto como permitido por lei de direito autoral aplic\u00e1vel, voc\u00ea n\u00e3o pode reproduzir nem comunicar nenhum conte\u00fado do site na Web, inclusive arquivos para download deste site, sem a permiss\u00e3o expressa por escrito da Copperleaf.<\/p>\r\n<h3><strong style=\"background-color: initial;\">10. Propriedade intelectual<\/strong><\/h3>\r\n<p>\u00a9 20002022 Copperleaf Technologies Inc. COPPERLEAF, o logotipo da COPPERLEAF, COPPERLEAF PORTFOLIO, COPPERLEAF ASSET e COPPERLEAF VALUE s\u00e3o marcas comerciais da Copperleaf Technologies Inc. COPPERLEAF \u00e9 uma marca registrada no Canad\u00e1, EUA, Uni\u00e3o Europeia e outros pa\u00edses. O logotipo da COPPERLEAF \u00e9 uma marca registrada no Canad\u00e1, EUA e Uni\u00e3o Europeia. Todos os direitos reservados.<\/p>\r\n<h3><strong style=\"background-color: initial;\">11. Contato<\/strong><\/h3>\r\n<p>Voc\u00ea pode remover seu nome de nossas comunica\u00e7\u00f5es a qualquer momento\u00a0<a href=\"https:\/\/go.copperleaf.com\/UnsubscribePage.html\">aqui<\/a>.<\/p>\r\n<p>Caso tenha alguma d\u00favida ou coment\u00e1rio sobre esta Pol\u00edtica ou suas informa\u00e7\u00f5es pessoais, para fazer uma solicita\u00e7\u00e3o de acesso ou corre\u00e7\u00e3o, exercer algum dos direitos aplic\u00e1veis, apresentar uma reclama\u00e7\u00e3o ou obter informa\u00e7\u00f5es sobre nossas pol\u00edticas e pr\u00e1ticas com rela\u00e7\u00e3o a qualquer prestador de servi\u00e7os fora do Canad\u00e1, nosso Respons\u00e1vel por Privacidade pode ser contatado por correspond\u00eancia ou e-mail por meio das seguintes informa\u00e7\u00f5es de contato:<\/p>\r\n<p>Copperleaf Technologies Inc.<br \/>2920 Virtual Way, Suite 140<br \/>Vancouver, BC V5M 0C4<br \/>Canad\u00e1<br \/><br \/><a href=\"mailto:privacy@copperleaf.com\">privacy@copperleaf.com<\/a><\/p>\r\n<p><strong>\u00daltima atualiza\u00e7\u00e3o: Julho de 2022<\/strong><\/p>\r\n","protected":false},"excerpt":{"rendered":"<p>&nbsp; Agradecemos seu interesse na Copperleaf Technologies Inc. (\u201cCopperleaf\u201d). A Pol\u00edtica de privacidade (\u201cPol\u00edtica\u201d) descreve como coletamos, usamos e divulgamos suas informa\u00e7\u00f5es pessoais e como essas informa\u00e7\u00f5es pessoais podem ser consultadas e corrigidas, quando necess\u00e1rio. Ao visitar\u00a0www.copperleaf.com\u00a0(\u201cWebsite\u201d), ao entrar em contato conosco ou concordar em receber e-mails da Copperleaf\u00ae, voc\u00ea aceita os termos e condi\u00e7\u00f5es [&hellip;]<\/p>\n","protected":false},"author":3,"featured_media":0,"parent":0,"menu_order":20,"comment_status":"closed","ping_status":"closed","template":"","meta":{"_acf_changed":false,"_searchwp_excluded":"","footnotes":"","_wp_rev_ctl_limit":""},"acf":[],"yoast_head":"<!-- This site is optimized with the Yoast SEO plugin v23.0 - https:\/\/yoast.com\/wordpress\/plugins\/seo\/ -->\n<title>Privacidade - Copperleaf<\/title>\n<meta name=\"robots\" content=\"noindex, follow, max-snippet:-1, max-image-preview:large, max-video-preview:-1\" \/>\n<meta property=\"og:locale\" content=\"pt_PT\" \/>\n<meta property=\"og:type\" content=\"article\" \/>\n<meta property=\"og:title\" content=\"Privacidade - Copperleaf\" \/>\n<meta property=\"og:description\" content=\"&nbsp; Agradecemos seu interesse na Copperleaf Technologies Inc. (\u201cCopperleaf\u201d). A Pol\u00edtica de privacidade (\u201cPol\u00edtica\u201d) descreve como coletamos, usamos e divulgamos suas informa\u00e7\u00f5es pessoais e como essas informa\u00e7\u00f5es pessoais podem ser consultadas e corrigidas, quando necess\u00e1rio. Ao visitar\u00a0www.copperleaf.com\u00a0(\u201cWebsite\u201d), ao entrar em contato conosco ou concordar em receber e-mails da Copperleaf\u00ae, voc\u00ea aceita os termos e condi\u00e7\u00f5es [&hellip;]\" \/>\n<meta property=\"og:url\" content=\"https:\/\/copperleaf-test.majortom.dev\/pt\/privacidade\/\" \/>\n<meta property=\"og:site_name\" content=\"Copperleaf\" \/>\n<meta property=\"article:modified_time\" content=\"2023-01-27T19:51:32+00:00\" \/>\n<meta name=\"twitter:card\" content=\"summary_large_image\" \/>\n<meta name=\"twitter:label1\" content=\"Est. reading time\" \/>\n\t<meta name=\"twitter:data1\" content=\"8 minutos\" \/>\n<script type=\"application\/ld+json\" class=\"yoast-schema-graph\">{\"@context\":\"https:\/\/schema.org\",\"@graph\":[{\"@type\":\"WebPage\",\"@id\":\"https:\/\/copperleaf-test.majortom.dev\/pt\/privacidade\/\",\"url\":\"https:\/\/copperleaf-test.majortom.dev\/pt\/privacidade\/\",\"name\":\"Privacidade - Copperleaf\",\"isPartOf\":{\"@id\":\"https:\/\/copperleaf-test.majortom.dev\/pt\/#website\"},\"datePublished\":\"2022-04-06T01:34:09+00:00\",\"dateModified\":\"2023-01-27T19:51:32+00:00\",\"breadcrumb\":{\"@id\":\"https:\/\/copperleaf-test.majortom.dev\/pt\/privacidade\/#breadcrumb\"},\"inLanguage\":\"pt-PT\",\"potentialAction\":[{\"@type\":\"ReadAction\",\"target\":[\"https:\/\/copperleaf-test.majortom.dev\/pt\/privacidade\/\"]}]},{\"@type\":\"BreadcrumbList\",\"@id\":\"https:\/\/copperleaf-test.majortom.dev\/pt\/privacidade\/#breadcrumb\",\"itemListElement\":[{\"@type\":\"ListItem\",\"position\":1,\"name\":\"Home\",\"item\":\"https:\/\/copperleaf-test.majortom.dev\/pt\/\"},{\"@type\":\"ListItem\",\"position\":2,\"name\":\"Privacidade\"}]},{\"@type\":\"WebSite\",\"@id\":\"https:\/\/copperleaf-test.majortom.dev\/pt\/#website\",\"url\":\"https:\/\/copperleaf-test.majortom.dev\/pt\/\",\"name\":\"Copperleaf\",\"description\":\"\",\"potentialAction\":[{\"@type\":\"SearchAction\",\"target\":{\"@type\":\"EntryPoint\",\"urlTemplate\":\"https:\/\/copperleaf-test.majortom.dev\/pt\/?s={search_term_string}\"},\"query-input\":\"required name=search_term_string\"}],\"inLanguage\":\"pt-PT\"}]}<\/script>\n<!-- \/ Yoast SEO plugin. -->","yoast_head_json":{"title":"Privacidade - Copperleaf","robots":{"index":"noindex","follow":"follow","max-snippet":"max-snippet:-1","max-image-preview":"max-image-preview:large","max-video-preview":"max-video-preview:-1"},"og_locale":"pt_PT","og_type":"article","og_title":"Privacidade - Copperleaf","og_description":"&nbsp; Agradecemos seu interesse na Copperleaf Technologies Inc. (\u201cCopperleaf\u201d). A Pol\u00edtica de privacidade (\u201cPol\u00edtica\u201d) descreve como coletamos, usamos e divulgamos suas informa\u00e7\u00f5es pessoais e como essas informa\u00e7\u00f5es pessoais podem ser consultadas e corrigidas, quando necess\u00e1rio. Ao visitar\u00a0www.copperleaf.com\u00a0(\u201cWebsite\u201d), ao entrar em contato conosco ou concordar em receber e-mails da Copperleaf\u00ae, voc\u00ea aceita os termos e condi\u00e7\u00f5es [&hellip;]","og_url":"https:\/\/copperleaf-test.majortom.dev\/pt\/privacidade\/","og_site_name":"Copperleaf","article_modified_time":"2023-01-27T19:51:32+00:00","twitter_card":"summary_large_image","twitter_misc":{"Est. reading time":"8 minutos"},"schema":{"@context":"https:\/\/schema.org","@graph":[{"@type":"WebPage","@id":"https:\/\/copperleaf-test.majortom.dev\/pt\/privacidade\/","url":"https:\/\/copperleaf-test.majortom.dev\/pt\/privacidade\/","name":"Privacidade - Copperleaf","isPartOf":{"@id":"https:\/\/copperleaf-test.majortom.dev\/pt\/#website"},"datePublished":"2022-04-06T01:34:09+00:00","dateModified":"2023-01-27T19:51:32+00:00","breadcrumb":{"@id":"https:\/\/copperleaf-test.majortom.dev\/pt\/privacidade\/#breadcrumb"},"inLanguage":"pt-PT","potentialAction":[{"@type":"ReadAction","target":["https:\/\/copperleaf-test.majortom.dev\/pt\/privacidade\/"]}]},{"@type":"BreadcrumbList","@id":"https:\/\/copperleaf-test.majortom.dev\/pt\/privacidade\/#breadcrumb","itemListElement":[{"@type":"ListItem","position":1,"name":"Home","item":"https:\/\/copperleaf-test.majortom.dev\/pt\/"},{"@type":"ListItem","position":2,"name":"Privacidade"}]},{"@type":"WebSite","@id":"https:\/\/copperleaf-test.majortom.dev\/pt\/#website","url":"https:\/\/copperleaf-test.majortom.dev\/pt\/","name":"Copperleaf","description":"","potentialAction":[{"@type":"SearchAction","target":{"@type":"EntryPoint","urlTemplate":"https:\/\/copperleaf-test.majortom.dev\/pt\/?s={search_term_string}"},"query-input":"required name=search_term_string"}],"inLanguage":"pt-PT"}]}},"_links":{"self":[{"href":"https:\/\/copperleaf-test.majortom.dev\/pt\/wp-json\/wp\/v2\/pages\/33160"}],"collection":[{"href":"https:\/\/copperleaf-test.majortom.dev\/pt\/wp-json\/wp\/v2\/pages"}],"about":[{"href":"https:\/\/copperleaf-test.majortom.dev\/pt\/wp-json\/wp\/v2\/types\/page"}],"author":[{"embeddable":true,"href":"https:\/\/copperleaf-test.majortom.dev\/pt\/wp-json\/wp\/v2\/users\/3"}],"replies":[{"embeddable":true,"href":"https:\/\/copperleaf-test.majortom.dev\/pt\/wp-json\/wp\/v2\/comments?post=33160"}],"version-history":[{"count":0,"href":"https:\/\/copperleaf-test.majortom.dev\/pt\/wp-json\/wp\/v2\/pages\/33160\/revisions"}],"wp:attachment":[{"href":"https:\/\/copperleaf-test.majortom.dev\/pt\/wp-json\/wp\/v2\/media?parent=33160"}],"curies":[{"name":"wp","href":"https:\/\/api.w.org\/{rel}","templated":true}]}}