{"id":33155,"date":"2022-06-22T09:32:54","date_gmt":"2022-06-22T16:32:54","guid":{"rendered":"https:\/\/copperleaf-test.majortom.dev\/cookie-policy\/"},"modified":"2023-01-27T11:46:27","modified_gmt":"2023-01-27T19:46:27","slug":"politica-de-cookies","status":"publish","type":"page","link":"https:\/\/copperleaf-test.majortom.dev\/pt\/politica-de-cookies\/","title":{"rendered":"Pol\u00edtica de cookies"},"content":{"rendered":"\r\n<p>&nbsp;<\/p>\r\n\r\n\r\n\r\n\r\n\r\n<p>Nosso site na Web, como a maioria dos outros sites comerciais, usa cookies. Existem arquivos que s\u00e3o instalados no disco r\u00edgido de seu computador ou navegador da Web para coletar informa\u00e7\u00f5es tais como: seu idioma de prefer\u00eancia, hist\u00f3rico de navega\u00e7\u00e3o e tipo e vers\u00e3o de navegador, tudo com a finalidade de otimizar sua experi\u00eancia em nosso site. Usamos cookies para compilar dados agregados sobre o tr\u00e1fego e intera\u00e7\u00f5es do site para oferecer uma melhor experi\u00eancia do site e das ferramentas no futuro. Tamb\u00e9m podemos utilizar servi\u00e7os de terceiros de confian\u00e7a que controlam essas informa\u00e7\u00f5es em nosso nome. Esses cookies n\u00e3o ser\u00e3o usados para extrair informa\u00e7\u00f5es pessoais. Voc\u00ea pode optar por fazer com que seu computador o avise sempre que um cookie for enviado ou pode optar por desativar todos os cookies. A desativa\u00e7\u00e3o dos cookies em seu navegador pode afetar negativamente sua experi\u00eancia de navega\u00e7\u00e3o no site. Esta descri\u00e7\u00e3o inclui o Google Analytics, que coleta dados de localiza\u00e7\u00e3o aproximada (endere\u00e7o IP) e dados de tr\u00e1fego an\u00f4nimo, como informa\u00e7\u00f5es do navegador, navega\u00e7\u00e3o no site e idioma. Para obter mais informa\u00e7\u00f5es, consulte\u00a0<a href=\"https:\/\/support.google.com\/analytics\/answer\/6004245?hl=en\">Privacidade e compartilhamento de dados do Google Analytics<\/a>. As informa\u00e7\u00f5es s\u00e3o usadas para melhorar a experi\u00eancia de usu\u00e1rio do site, estudar a efici\u00eancia de nossas comunica\u00e7\u00f5es e para determinar o perfil dos usu\u00e1rios do site, para que possamos fornecer o conte\u00fado mais relevante.<\/p>\r\n\r\n<!-- OneTrust Cookies List start -->\r\n<div id=\"ot-sdk-cookie-policy\">\u00a0<\/div>\r\n<!-- OneTrust Cookies List end -->","protected":false},"excerpt":{"rendered":"<p>&nbsp; Nosso site na Web, como a maioria dos outros sites comerciais, usa cookies. Existem arquivos que s\u00e3o instalados no disco r\u00edgido de seu computador ou navegador da Web para coletar informa\u00e7\u00f5es tais como: seu idioma de prefer\u00eancia, hist\u00f3rico de navega\u00e7\u00e3o e tipo e vers\u00e3o de navegador, tudo com a finalidade de otimizar sua experi\u00eancia [&hellip;]<\/p>\n","protected":false},"author":10,"featured_media":0,"parent":0,"menu_order":21,"comment_status":"closed","ping_status":"closed","template":"","meta":{"_acf_changed":false,"_searchwp_excluded":"","footnotes":"","_wp_rev_ctl_limit":""},"acf":[],"yoast_head":"<!-- This site is optimized with the Yoast SEO plugin v23.0 - https:\/\/yoast.com\/wordpress\/plugins\/seo\/ -->\n<title>Pol\u00edtica de cookies - Copperleaf<\/title>\n<meta name=\"robots\" content=\"noindex, follow, max-snippet:-1, max-image-preview:large, max-video-preview:-1\" \/>\n<meta property=\"og:locale\" content=\"pt_PT\" \/>\n<meta property=\"og:type\" content=\"article\" \/>\n<meta property=\"og:title\" content=\"Pol\u00edtica de cookies - Copperleaf\" \/>\n<meta property=\"og:description\" content=\"&nbsp; Nosso site na Web, como a maioria dos outros sites comerciais, usa cookies. Existem arquivos que s\u00e3o instalados no disco r\u00edgido de seu computador ou navegador da Web para coletar informa\u00e7\u00f5es tais como: seu idioma de prefer\u00eancia, hist\u00f3rico de navega\u00e7\u00e3o e tipo e vers\u00e3o de navegador, tudo com a finalidade de otimizar sua experi\u00eancia [&hellip;]\" \/>\n<meta property=\"og:url\" content=\"https:\/\/copperleaf-test.majortom.dev\/pt\/politica-de-cookies\/\" \/>\n<meta property=\"og:site_name\" content=\"Copperleaf\" \/>\n<meta property=\"article:modified_time\" content=\"2023-01-27T19:46:27+00:00\" \/>\n<meta name=\"twitter:card\" content=\"summary_large_image\" \/>\n<meta name=\"twitter:label1\" content=\"Est. reading time\" \/>\n\t<meta name=\"twitter:data1\" content=\"2 minutos\" \/>\n<script type=\"application\/ld+json\" class=\"yoast-schema-graph\">{\"@context\":\"https:\/\/schema.org\",\"@graph\":[{\"@type\":\"WebPage\",\"@id\":\"https:\/\/copperleaf-test.majortom.dev\/pt\/politica-de-cookies\/\",\"url\":\"https:\/\/copperleaf-test.majortom.dev\/pt\/politica-de-cookies\/\",\"name\":\"Pol\u00edtica de cookies - Copperleaf\",\"isPartOf\":{\"@id\":\"https:\/\/copperleaf-test.majortom.dev\/pt\/#website\"},\"datePublished\":\"2022-06-22T16:32:54+00:00\",\"dateModified\":\"2023-01-27T19:46:27+00:00\",\"breadcrumb\":{\"@id\":\"https:\/\/copperleaf-test.majortom.dev\/pt\/politica-de-cookies\/#breadcrumb\"},\"inLanguage\":\"pt-PT\",\"potentialAction\":[{\"@type\":\"ReadAction\",\"target\":[\"https:\/\/copperleaf-test.majortom.dev\/pt\/politica-de-cookies\/\"]}]},{\"@type\":\"BreadcrumbList\",\"@id\":\"https:\/\/copperleaf-test.majortom.dev\/pt\/politica-de-cookies\/#breadcrumb\",\"itemListElement\":[{\"@type\":\"ListItem\",\"position\":1,\"name\":\"Home\",\"item\":\"https:\/\/copperleaf-test.majortom.dev\/pt\/\"},{\"@type\":\"ListItem\",\"position\":2,\"name\":\"Pol\u00edtica de cookies\"}]},{\"@type\":\"WebSite\",\"@id\":\"https:\/\/copperleaf-test.majortom.dev\/pt\/#website\",\"url\":\"https:\/\/copperleaf-test.majortom.dev\/pt\/\",\"name\":\"Copperleaf\",\"description\":\"\",\"potentialAction\":[{\"@type\":\"SearchAction\",\"target\":{\"@type\":\"EntryPoint\",\"urlTemplate\":\"https:\/\/copperleaf-test.majortom.dev\/pt\/?s={search_term_string}\"},\"query-input\":\"required name=search_term_string\"}],\"inLanguage\":\"pt-PT\"}]}<\/script>\n<!-- \/ Yoast SEO plugin. -->","yoast_head_json":{"title":"Pol\u00edtica de cookies - Copperleaf","robots":{"index":"noindex","follow":"follow","max-snippet":"max-snippet:-1","max-image-preview":"max-image-preview:large","max-video-preview":"max-video-preview:-1"},"og_locale":"pt_PT","og_type":"article","og_title":"Pol\u00edtica de cookies - Copperleaf","og_description":"&nbsp; Nosso site na Web, como a maioria dos outros sites comerciais, usa cookies. Existem arquivos que s\u00e3o instalados no disco r\u00edgido de seu computador ou navegador da Web para coletar informa\u00e7\u00f5es tais como: seu idioma de prefer\u00eancia, hist\u00f3rico de navega\u00e7\u00e3o e tipo e vers\u00e3o de navegador, tudo com a finalidade de otimizar sua experi\u00eancia [&hellip;]","og_url":"https:\/\/copperleaf-test.majortom.dev\/pt\/politica-de-cookies\/","og_site_name":"Copperleaf","article_modified_time":"2023-01-27T19:46:27+00:00","twitter_card":"summary_large_image","twitter_misc":{"Est. reading time":"2 minutos"},"schema":{"@context":"https:\/\/schema.org","@graph":[{"@type":"WebPage","@id":"https:\/\/copperleaf-test.majortom.dev\/pt\/politica-de-cookies\/","url":"https:\/\/copperleaf-test.majortom.dev\/pt\/politica-de-cookies\/","name":"Pol\u00edtica de cookies - Copperleaf","isPartOf":{"@id":"https:\/\/copperleaf-test.majortom.dev\/pt\/#website"},"datePublished":"2022-06-22T16:32:54+00:00","dateModified":"2023-01-27T19:46:27+00:00","breadcrumb":{"@id":"https:\/\/copperleaf-test.majortom.dev\/pt\/politica-de-cookies\/#breadcrumb"},"inLanguage":"pt-PT","potentialAction":[{"@type":"ReadAction","target":["https:\/\/copperleaf-test.majortom.dev\/pt\/politica-de-cookies\/"]}]},{"@type":"BreadcrumbList","@id":"https:\/\/copperleaf-test.majortom.dev\/pt\/politica-de-cookies\/#breadcrumb","itemListElement":[{"@type":"ListItem","position":1,"name":"Home","item":"https:\/\/copperleaf-test.majortom.dev\/pt\/"},{"@type":"ListItem","position":2,"name":"Pol\u00edtica de cookies"}]},{"@type":"WebSite","@id":"https:\/\/copperleaf-test.majortom.dev\/pt\/#website","url":"https:\/\/copperleaf-test.majortom.dev\/pt\/","name":"Copperleaf","description":"","potentialAction":[{"@type":"SearchAction","target":{"@type":"EntryPoint","urlTemplate":"https:\/\/copperleaf-test.majortom.dev\/pt\/?s={search_term_string}"},"query-input":"required name=search_term_string"}],"inLanguage":"pt-PT"}]}},"_links":{"self":[{"href":"https:\/\/copperleaf-test.majortom.dev\/pt\/wp-json\/wp\/v2\/pages\/33155"}],"collection":[{"href":"https:\/\/copperleaf-test.majortom.dev\/pt\/wp-json\/wp\/v2\/pages"}],"about":[{"href":"https:\/\/copperleaf-test.majortom.dev\/pt\/wp-json\/wp\/v2\/types\/page"}],"author":[{"embeddable":true,"href":"https:\/\/copperleaf-test.majortom.dev\/pt\/wp-json\/wp\/v2\/users\/10"}],"replies":[{"embeddable":true,"href":"https:\/\/copperleaf-test.majortom.dev\/pt\/wp-json\/wp\/v2\/comments?post=33155"}],"version-history":[{"count":0,"href":"https:\/\/copperleaf-test.majortom.dev\/pt\/wp-json\/wp\/v2\/pages\/33155\/revisions"}],"wp:attachment":[{"href":"https:\/\/copperleaf-test.majortom.dev\/pt\/wp-json\/wp\/v2\/media?parent=33155"}],"curies":[{"name":"wp","href":"https:\/\/api.w.org\/{rel}","templated":true}]}}