{"id":33102,"date":"2022-04-25T09:45:57","date_gmt":"2022-04-25T16:45:57","guid":{"rendered":"https:\/\/copperleaf-test.majortom.dev\/?page_id=33102"},"modified":"2023-01-27T13:19:32","modified_gmt":"2023-01-27T21:19:32","slug":"%ec%9d%b4%ec%9a%a9-%ec%95%bd%ea%b4%80","status":"publish","type":"page","link":"https:\/\/copperleaf-test.majortom.dev\/ko\/%ec%9d%b4%ec%9a%a9-%ec%95%bd%ea%b4%80\/","title":{"rendered":"\uc774\uc6a9 \uc57d\uad00"},"content":{"rendered":"<p>\ubcf8 \uc774\uc6a9 \uc57d\uad00(&#8220;<strong>\uc774\uc6a9 \uc57d\uad00&#8221;<\/strong>)\uc740 \uac1c\uc778 \uc815\ubcf4 \ubcf4\ud638 \uc815\ucc45, \ucfe0\ud0a4 \uc815\ucc45 \ubc0f <a href=\"https:\/\/copperleaf-test.majortom.dev\/\">www.copperleaf.com<\/a>\uc5d0 \uac8c\uc2dc\ub41c \uae30\ud0c0 \uc815\ucc45 \ub610\ub294 \uac00\uc774\ub4dc\ub77c\uc778(\ucd1d\uce6d\ud558\uc5ec, &#8220;<strong>\uacc4\uc57d<\/strong>&#8220;)\uacfc \ub354\ubd88\uc5b4 <a href=\"https:\/\/copperleaf-test.majortom.dev\/\">www.copperleaf.com<\/a> \uc6f9\uc0ac\uc774\ud2b8(\uc774\ud558 &#8220;<strong>\uc6f9\uc0ac\uc774\ud2b8<\/strong>&#8220;)\uc758 \uc561\uc138\uc2a4 \ubc0f \uc0ac\uc6a9\uacfc \uad00\ub828\ub41c \uc870\uac74\uc5d0 \uad00\ud55c \uc774\uc6a9\uc790(\ub610\ub294 \uc774\uc6a9\uc790\uc758 \uc870\uc9c1)(&#8220;<strong>\uc774\uc6a9\uc790<\/strong>&#8220;)\uc640 Copperleaf Technologies Inc.(&#8220;<strong>Copperleaf<\/strong>&#8220;, &#8220;<strong>\ub2f9\uc0ac<\/strong>&#8220;) \uac04\uc758 \ubc95\uc801 \uacc4\uc57d\uc785\ub2c8\ub2e4. \ubcf8 \uc774\uc6a9 \uc57d\uad00\uc5d0\ub294 \ucc45\uc784\uc758 \uc81c\ud55c, \ubcf4\uc99d \ubd80\uc778 \ubc0f \uc774\uc6a9\uc790\uc758 \ubc95\uc801 \uad8c\ub9ac\uc5d0 \uc601\ud5a5\uc744 \ubbf8\uce58\ub294 \uae30\ud0c0 \uc57d\uad00\uc774 \ud3ec\ud568\ub418\uc5b4 \uc788\uc73c\ubbc0\ub85c \uc8fc\uc758 \uae4a\uac8c \uc77d\uc73c\uc2ed\uc2dc\uc624. \ubcf8 \uc774\uc6a9 \uc57d\uad00\uc5d0 \ub3d9\uc758\ud558\uc9c0 \uc54a\uac70\ub098 \ub3d9\uc758\ud560 \ub2a5\ub825 \ub610\ub294 \uad8c\ud55c\uc774 \uc5c6\ub294 \uacbd\uc6b0\uc5d0\ub294 Copperleaf\uc758 \uc6f9\uc0ac\uc774\ud2b8\ub97c \ubc29\ubb38\ud574\uc11c\ub294 \uc548 \ub429\ub2c8\ub2e4.<\/p>\n<h3><strong>1. \uc774\uc6a9 \uc57d\uad00\uc758 \ubc94\uc704<\/strong><\/h3>\n<p>\ubcf8 \uc774\uc6a9 \uc57d\uad00\uc740 \uc81c3\uc790 \uc6f9\uc0ac\uc774\ud2b8\uac00 Copperleaf \ub610\ub294 Copperleaf\uc758 \uc6f9\uc0ac\uc774\ud2b8\uc5d0 \ucc38\uc870\ub418\uac70\ub098 \ub9c1\ud06c\ub41c \uacbd\uc6b0\uc5d0\ub3c4 \uadf8 \uc6f9\uc0ac\uc774\ud2b8\uc5d0 \uc801\uc6a9\ub418\uc9c0 \uc54a\uc2b5\ub2c8\ub2e4. Copperleaf\ub294 \uc81c3\uc790 \uc6f9\uc0ac\uc774\ud2b8\uc758 \ucf58\ud150\uce20, \uc774\uc6a9 \uc57d\uad00 \ub610\ub294 \uc774\uc6a9\uc790\uc758 \uc81c3\uc790 \uc6f9\uc0ac\uc774\ud2b8 \uc561\uc138\uc2a4 \ubc0f \uc0ac\uc6a9\uc73c\ub85c \uc778\ud574 \ubc1c\uc0dd\ud558\ub294 \uc5b4\ub5a4 \ubb38\uc81c\uc5d0\ub3c4 \ucc45\uc784\uc744 \uc9c0\uc9c0 \uc54a\uc2b5\ub2c8\ub2e4.<\/p>\n<h3><strong style=\"background-color: initial;\">2. \uc774\uc6a9 \uc57d\uad00\uc758 \uac1c\uc815<\/strong><\/h3>\n<p>Copperleaf\ub294 \ub0b4\uc6a9 \ubc0f\/\ub610\ub294 \ubc94\uc704\ub97c \ucd94\uac00, \uc0ad\uc81c \ub610\ub294 \ubcc0\uacbd\ud558\uc5ec \ubcf8 \uc774\uc6a9 \uc57d\uad00\uc758 \uc5b4\ub290 \ubd80\ubd84\uc744 \uc218\uc815\ud560 \uc218 \uc788\uc2b5\ub2c8\ub2e4. \uc774\ub7f0 \uac1c\uc815\uc740 Copperleaf\uc758 \uc7ac\ub7c9\uc5d0 \ub530\ub77c \uc218\uc2dc\ub85c \uc774\ub8e8\uc5b4\uc9c8 \uc218 \uc788\uc2b5\ub2c8\ub2e4. \ubcf8 \uc774\uc6a9 \uc57d\uad00\uc5d0 \ub300\ud55c \uac1c\uc815\uc740 \ubcf8 \uc774\uc6a9 \uc57d\uad00\uc774 \uac8c\uc2dc\ub41c Copperleaf \uc6f9\uc0ac\uc774\ud2b8\uc758 \uc6f9\ud398\uc774\uc9c0\ub97c \uc5c5\ub370\uc774\ud2b8\ud558\uace0, \ubcf8 \uc774\uc6a9 \uc57d\uad00\uc758 \uc2dc\uc791 \ubd80\ubd84\uc5d0 \uc788\ub294 \ubc84\uc804 \ubc88\ud638\ub97c \uc5c5\ub370\uc774\ud2b8\ud568\uc73c\ub85c\uc368 \uc774\ub8e8\uc5b4\uc9d1\ub2c8\ub2e4. \ubcf8 \uc774\uc6a9 \uc57d\uad00\uc758 \uac1c\uc815\uc5d0 \ub3d9\uc758\ud558\uc9c0 \uc54a\uac70\ub098 \uc774\uc5d0 \ub3d9\uc758\ud560 \ub2a5\ub825 \ub610\ub294 \uad8c\ud55c\uc774 \uc5c6\ub294 \uacbd\uc6b0\uc5d0\ub294 Copperleaf \uc6f9\uc0ac\uc774\ud2b8 \ubc29\ubb38\uc744 \uc911\ub2e8\ud574\uc57c \ud569\ub2c8\ub2e4.<\/p>\n<h3><strong style=\"background-color: initial;\">3. \uc2b9\uc778\ub41c \ud65c\ub3d9<\/strong><\/h3>\n<p>\uc774\uc6a9\uc790\uac00 \ubcf8 \uc774\uc6a9 \uc57d\uad00\uc744 \uc900\uc218\ud558\uace0 Copperleaf\uac00 \uc6f9\uc0ac\uc774\ud2b8\ub97c \uc0ac\uc6a9\ud560 \uc218 \uc788\ub3c4\ub85d \ud558\ub294 \ub3d9\uc548 Copperleaf\ub294 \uc774\uc6a9\uc790\uc5d0\uac8c \uc6f9\uc0ac\uc774\ud2b8\uc5d0 \uc561\uc138\uc2a4\ud560 \uc218 \uc788\ub294 \uc81c\ud55c\ub41c \uad8c\ub9ac\ub97c \ubd80\uc5ec\ud569\ub2c8\ub2e4. \uc774 \uad8c\ub9ac\ub294 \uac1c\uc778\uc801\uc774\uace0, \ucde8\uc18c \uac00\ub2a5\ud558\uba70, \ube44\ub3c5\uc810\uc801\uc774\uace0, \uc591\ub3c4 \ubd88\uac00\ud558\uba70, \uc11c\ube0c\ub77c\uc774\uc120\uc2a4\ub97c \ud5c8\uc5ec\ud560 \uc218 \uc5c6\ub294 \ub77c\uc774\uc120\uc2a4\uc758 \ud615\ud0dc\ub97c \ucde8\ud558\uba70, \ud1b5\uc0c1\uc801\uc778 \ud0d0\uc0c9 \ud65c\ub3d9\uc5d0 \ud544\uc694\ud55c \ubc94\uc704 \ub0b4\uc5d0\uc11c\ub9cc \uc6f9\uc0ac\uc774\ud2b8\ub97c \uc81c\ud55c\uc801\uc774\uace0 \uc77c\uc2dc\uc801\uc73c\ub85c \ubcf5\uc81c\ud560 \uc218 \uc788\ub3c4\ub85d \ud5c8\uac00\ud569\ub2c8\ub2e4. \uba85\ud655\ud788 \ud558\uae30 \uc704\ud574, \uc804\uc220\ud55c \ub0b4\uc6a9\uc5d0\ub294 \uc6f9\uc0ac\uc774\ud2b8\ub97c \uad6c\ub3d9\ud558\ub294 \uc18c\ud504\ud2b8\uc6e8\uc5b4, \ub370\uc774\ud130\ubca0\uc774\uc2a4, \uc54c\uace0\ub9ac\uc998 \ub610\ub294 \ub370\uc774\ud130\uc5d0 \uc9c1\uc811 \uc561\uc138\uc2a4\ud560 \uc218 \uc788\ub294 \uad8c\ub9ac\ub098 \uc18c\uc2a4 \ucf54\ub4dc \ub610\ub294 \uadf8\uac83\uc758 \uc544\ud0a4\ud14d\ucc98\uc758 \uc0ac\ubcf8\uc744 \uc5bb\uc744 \uc218 \uc788\ub294 \uad8c\ub9ac\uac00 \ud3ec\ud568\ub418\uc9c0 \uc54a\uc2b5\ub2c8\ub2e4. \uc774 \ub77c\uc774\uc120\uc2a4\ub294 \ub610\ud55c \uc774\uc6a9\uc790\uac00 Copperleaf \uc6f9\uc0ac\uc774\ud2b8\uc5d0\uc11c \uc774\uc6a9\ud560 \uc218 \uc788\ub294 \ucf58\ud150\uce20\ub97c \ube44\uc0c1\uc5c5\uc801, \uac1c\uc778\uc801 \ubc0f\/\ub610\ub294 \uad50\uc721\uc801 \ubaa9\uc801\uc73c\ub85c\ub9cc \uadf8\uc758 \ucef4\ud4e8\ud130\uc5d0 \ud45c\uc2dc, \uc778\uc1c4, \ub2e4\uc6b4\ub85c\ub4dc \ubc0f \uc0ac\uc6a9\ud560 \uc218 \uc788\ub294 \uad8c\ud55c\uc744 \ubd80\uc5ec\ud558\uba70, \uc774\uc6a9\uc790\uac00 \uadf8\ub7f0 \ucf58\ud150\uce20\ub97c \uc218\uc815\ud558\uc9c0 \uc54a\uace0, \uad00\ub828 \uc800\uc791\uad8c \uace0\uc9c0 \ubc0f \uc774 \uc81c\ud55c\uc801 \ub77c\uc774\uc120\uc2a4\ub97c \uadf8\ub7f0 \ucf58\ud150\uce20\uc758 \uac01 \uc0ac\ubcf8\uc5d0 \ud3ec\ud568\uc2dc\ud0a4\ub294 \uac83\uc744 \uc870\uac74\uc73c\ub85c \ud569\ub2c8\ub2e4.<\/p>\n<h3><strong style=\"background-color: initial;\">4. \ud5c8\uac00\ub418\uc9c0 \uc54a\uc740 \ud65c\ub3d9<\/strong><\/h3>\n<p>\uc774\uc6a9\uc790\ub294 (a) Copperleaf \uc6f9\uc0ac\uc774\ud2b8\uc758 UI(\uc0ac\uc6a9\uc790 \uc778\ud130\ud398\uc774\uc2a4) \uc774\uc678 \ubd80\ubd84\uc744 \ub514\ucef4\ud30c\uc77c, \ubd84\ud574, \uc5ed\uc5d4\uc9c0\ub2c8\uc5b4\ub9c1, \uc870\uc0ac \ub610\ub294 \uadf8 \ubc16\uc758 \ubc29\ubc95\uc73c\ub85c \uc561\uc138\uc2a4\ud558\uac70\ub098; (b) Copperleaf\uac00 \uc774\uc6a9\uc790\uc758 \uc6f9\uc0ac\uc774\ud2b8 \uc561\uc138\uc2a4 \ubc0f\/\ub610\ub294 \uc0ac\uc6a9\uc5d0 \uac00\ud558\ub294 \uc81c\ud55c\uc744 \uc6b0\ud68c\ud558\uac70\ub098; (c) \uc6f9\uc0ac\uc774\ud2b8 \uc0ac\uc6a9\uc790\uac00 \uc0ac\uc6a9\ud560 \uc218 \uc788\ub3c4\ub85d \ud5c8\uc6a9\ub418\uc9c0 \uc54a\uc740 \uc815\ubcf4\ub97c \ucd94\ucd9c\ud558\ub294 \ubc29\uc2dd\uc73c\ub85c \uc6f9\uc0ac\uc774\ud2b8\ub97c \uc0ac\uc6a9 \ub610\ub294 \ud45c\uc2dc\ud558\uac70\ub098; (d) Copperleaf \uc6f9\uc0ac\uc774\ud2b8\uc5d0 \uad6c\ucd95\ub41c \ubcf4\uc548 \uae30\ub2a5 \ub610\ub294 \uae30\uc220\uc801 \ubcf4\ud638 \uc870\uce58\ub97c \uc6b0\ud68c\ud558\uac70\ub098; (e) Copperleaf \uc6f9\uc0ac\uc774\ud2b8\uc5d0 \ub300\ud55c \uc561\uc138\uc2a4\ub97c \uc790\ub3d9\ud654\ud558\uac70\ub098; (f) \uc774\uc6a9\uc790\uac00 Copperleaf\ub85c\ubd80\ud130 \ubc1b\uc740 \ud1b5\uc2e0\uc5d0\uc11c \uad6c\uccb4\uc801\uc73c\ub85c \uae08\uc9c0\ub41c \uc5b4\ub5a4 \ud589\ub3d9\uc744 \ud558\uac70\ub098; (g) Copperleaf \uc6f9\uc0ac\uc774\ud2b8\uc758 \ucf58\ud150\uce20\ub97c \uc0c1\uc5c5\uc801\uc73c\ub85c \uc0ac\uc6a9\ud558\uac70\ub098, \uc774\uc6a9\uc790\uac00 \ub9cc\ub4e4\uac70\ub098 \uc720\ud1b5\ud558\ub294 \uc5b4\ub5a4 \uc81c\ud488 \uc548\uc5d0 \uadf8\ub7f0 \ucf58\ud150\uce20\ub97c \ud3ec\ud568\uc2dc\ud0a4\uac70\ub098, \uc774\uc6a9\uc790\uc758 \ub610\ub294 \ub2e4\ub978 \uc6f9\uc0ac\uc774\ud2b8\ub85c \uadf8\ub7f0 \ucf58\ud150\uce20\ub97c \ubcf5\uc0ac\ud574\uc11c\ub294 \uc548 \ub429\ub2c8\ub2e4. \ub610\ud55c \uc774\uc6a9\uc790\ub294 Copperleaf \uc6f9\uc0ac\uc774\ud2b8\ub098 \uadf8 \uc77c\ubd80\ub97c \uc601\uad6c\uc801\uc73c\ub85c \ubcf5\uc81c\ud574\uc11c\ub294 \uc548 \ub418\uba70, \uc5b4\ub5a4 \ubc29\uc2dd\uc73c\ub85c\ub4e0 Copperleaf \uc6f9\uc0ac\uc774\ud2b8\ub098 \uadf8 \ucf58\ud150\uce20\ub97c \ubc30\ud3ec\ud558\uac70\ub098 \ud65c\uc6a9\ud574\uc11c\ub3c4 \uc548 \ub429\ub2c8\ub2e4. \uba85\ud655\uc131\uc744 \uae30\ud558\uae30 \uc704\ud574, \ubcf8 \uc774\uc6a9 \uc57d\uad00\uc758 \uc5b4\ub5a4 \uac83\ub3c4 \uc6f9\uc0ac\uc774\ud2b8 \ub610\ub294 \uadf8 \ucf58\ud150\uce20\uc5d0 \ud3ec\ud568\ub41c \uc9c0\uc801 \uc7ac\uc0b0\uc5d0 \ub300\ud55c \uc18c\uc720\uad8c\uc744 \uc774\uc6a9\uc790\uc5d0\uac8c \uc81c\uacf5\ud558\uc9c0 \uc54a\uc2b5\ub2c8\ub2e4. \uc774\uc6a9\uc790\ub294 Copperleaf\uc758 \uc0c1\ud45c, \ub85c\uace0 \ubc0f \uc800\uc791\uad8c\uc744 \ud3ec\ud568\ud558\ub418 \uc774\uc5d0 \uad6d\ud55c\ub418\uc9c0 \uc54a\ub294 \uc6f9\uc0ac\uc774\ud2b8 \ubc0f \uadf8 \ucf58\ud150\uce20\uc758 \uc9c0\uc801 \uc7ac\uc0b0\uc774 Copperleaf \ubc0f\/\ub610\ub294 Copperleaf\uc758 \ub77c\uc774\uc120\uc2a4 \uc81c\uacf5\uc790(\ud574\ub2f9 \uc0ac\ub840\uc5d0 \ub530\ub77c)\uc758 \uc18c\uc720\uc774\uba70, \uc774\uc6a9\uc790\uac00 \uadf8\uac83\uc744 \uc18c\uc720\ud560 \uc218 \uc5c6\ub2e4\ub294 \uc810\uc744 \uc778\uc815\ud569\ub2c8\ub2e4.<\/p>\n<h3><strong style=\"background-color: initial;\">5. \ubcf4\uc99d<\/strong><\/h3>\n<p>\uc774\uc6a9\uc790\ub294 Copperleaf \uc6f9\uc0ac\uc774\ud2b8\uc5d0 \ub300\ud55c \uc774\uc6a9\uc790\uc758 \uc561\uc138\uc2a4 \ub610\ub294 \uc0ac\uc6a9\uc73c\ub85c \uc778\ud574 \ub610\ub294 \uc5b4\ub5a4 \ubc29\uc2dd\uc73c\ub85c\ub4e0 \uadf8\uc640 \uad00\ub828\ud558\uc5ec \ubc1c\uc0dd\ud558\ub294 \ud569\ub9ac\uc801\uc778 \ubc95\ub960 \ubc0f \ud68c\uacc4 \ube44\uc6a9\uc744 \ud3ec\ud568\ud558\ub418 \uc774\uc5d0 \uad6d\ud55c\ub418\uc9c0 \uc54a\ub294 \ubaa8\ub4e0 \uccad\uad6c, \ucc45\uc784, \uc190\ud574, \uc190\uc2e4 \ubc0f \ube44\uc6a9\uc73c\ub85c\ubd80\ud130 Copperleaf\uc640 \uadf8\uc758 \uc784\uc6d0, \uc774\uc0ac, \uacc4\uc5f4\uc0ac, \uc9c1\uc6d0 \ubc0f \ub300\ub9ac\uc778\uc744 \ubc29\uc5b4, \uba74\ucc45 \ubc0f \ubcf4\ud638\ud55c\ub2e4\ub294 \ub370 \ub3d9\uc758\ud569\ub2c8\ub2e4.<\/p>\n<h3><strong style=\"background-color: initial;\">6. \ubcf4\uc99d\uc758 \ubd80\uc778 \ubc0f \ucc45\uc784\uc758 \uc81c\ud55c<\/strong><\/h3>\n<p>\uc774\ub85c\uc368 Copperleaf\ub294 \uc0c1\ud488\uc131 \ub610\ub294 \ud2b9\uc815 \ubaa9\uc801\uc5d0\uc758 \uc801\ud569\uc131\uc5d0 \ub300\ud55c \uc870\uac74\uc774\ub098 \ubcf4\uc99d\uc744 \ud3ec\ud568\ud558\uc5ec \uba85\uc2dc\uc801\uc774\ub4e0 \ubb35\uc2dc\uc801\uc774\ub4e0 Copperleaf \uc6f9\uc0ac\uc774\ud2b8 \ubc0f \uadf8 \ucf58\ud150\uce20\uc5d0 \uad00\ud55c \ubaa8\ub4e0 \uc9c4\uc220, \uc870\uac74 \ubc0f \ubcf4\uc99d\uc744 \ubc30\uc81c\ud569\ub2c8\ub2e4. Copperleaf\ub294 \uc6f9\uc0ac\uc774\ud2b8\uc5d0\uc11c \ucc3e\uc740 \uc815\ubcf4\uc5d0 \uad00\ud558\uc5ec \uadf8\uac83\uc758 \uc815\ud655\uc131\uc774\ub098 \uc2e0\ub8b0\uc131\uc5d0 \uad00\ud55c \ubcf4\uc99d\uc744 \ud3ec\ud568\ud55c \uc5b4\ub5a4 \uc9c4\uc220, \uc870\uac74 \ub610\ub294 \ubcf4\uc99d\ub3c4 \uc81c\uacf5\ud558\uc9c0 \uc54a\uc2b5\ub2c8\ub2e4. \uc774\ub85c\uc368 \uc774\uc6a9\uc790\ub294 \uc6f9\uc0ac\uc774\ud2b8\uc5d0 \uc81c\uc2dc\ub41c \uc815\ubcf4\uc5d0 \uc758\uc874\ud560 \uad8c\ub9ac\ub97c \ud3ec\uae30\ud569\ub2c8\ub2e4. Copperleaf\uc758 \uc6f9\uc0ac\uc774\ud2b8\ub294 \uc815\uae30 \ubc0f \ube44\uc815\uae30 \uc720\uc9c0\ubcf4\uc218\ub97c \ud3ec\ud568\ud558\ub418 \uc774\uc5d0 \uad6d\ud55c\ub418\uc9c0 \uc54a\ub294 \uc5ec\ub7ec \uac00\uc9c0 \uc774\uc720\ub85c \uc0ac\uc6a9\ud560 \uc218 \uc5c6\uac8c \ub420 \uc218 \uc788\uc2b5\ub2c8\ub2e4. \uace0\uc758\uc801\uc778 \ubd88\ubc95 \ud589\uc704\ub098 \uc911\uacfc\uc2e4\uc758 \uacbd\uc6b0\ub97c \uc81c\uc678\ud558\uace0, Copperleaf\ub294 \uc6f9\uc0ac\uc774\ud2b8, \uadf8\uac83\uc5d0 \ud45c\uc2dc\ub418\ub294 \uc815\ubcf4, Copperleaf\uc758 \uc791\uc704 \ub610\ub294 \ubd80\uc791\uc704, \ubcf8 \uc774\uc6a9 \uc57d\uad00(\uc774\uc6a9 \uc57d\uad00\uc758 \uc704\ubc18 \ud3ec\ud568)\uc73c\ub85c \uc778\ud574 \ub610\ub294 \uadf8\uc640 \uad00\ub828\ud558\uc5ec \ubc1c\uc0dd\ud558\ub294 \uc190\ud574\uc5d0 \ub300\ud574 \ucc45\uc784\uc744 \uc9c0\uc9c0 \uc54a\uc2b5\ub2c8\ub2e4. \uc774 \ucc45\uc784\uc758 \uc81c\ud55c\uc740 \uacc4\uc57d, \ubd88\ubc95 \ud589\uc704(\uacfc\uc2e4 \ud3ec\ud568), \uc7ac\uc0b0, \uac1c\uc778 \uc815\ubcf4 \ubcf4\ud638, \ubc95\ub839 \ub610\ub294 \uadf8 \ubc16\uc758 \uc5b4\ub5a4 \uac83\uc73c\ub85c \uc778\ud574 \ubc1c\uc0dd\ud558\ub294 \ubaa8\ub4e0 \uc190\ud574\uc5d0 \uc801\uc6a9\ub429\ub2c8\ub2e4. \uc804\uc220\ud55c \ub0b4\uc6a9\uc758 \uc77c\ubc18\uc131\uc744 \uc81c\ud55c\ud558\uc9c0 \uc54a\uace0, Copperleaf\ub294 \ub370\uc774\ud130 \uc190\uc2e4, \uc218\uc775 \uc190\uc2e4, \uc774\uc775 \uc190\uc2e4, \uc0ac\uc5c5 \uae30\ud68c \uc190\uc2e4, \uc2dc\uac04 \uc190\uc2e4, \ubc95\uc801 \ube44\uc6a9 \ub610\ub294 \uc18c\uc1a1 \ube44\uc6a9\uc5d0 \ub300\ud574 \ucc45\uc784\uc744 \uc9c0\uc9c0 \uc54a\uc2b5\ub2c8\ub2e4.<\/p>\n<h3><strong style=\"background-color: initial;\">7. \uc77c\ubc18 \uc0ac\ud56d<\/strong><\/h3>\n<p><strong>a) \uc900\uac70\ubc95 \ubc0f \uad00\ud560\uad8c<\/strong><\/p>\n<p>\ubcf8 \uc774\uc6a9 \uc57d\uad00\uc740 \ube0c\ub9ac\ud2f0\uc2dc \uceec\ub7fc\ube44\uc544 \uc8fc(\uce90\ub098\ub2e4)\uc758 \ubc95\ub960\uacfc \uadf8 \uc548\uc5d0\uc11c \uc801\uc6a9\ub418\ub294 \uce90\ub098\ub2e4 \uc5f0\ubc29\ubc95\uc5d0 \uc758\ud574 \uc804\uc18d\uc801\uc73c\ub85c \uaddc\uc728\ub418\uace0 \ud574\uc11d\ub429\ub2c8\ub2e4. \uc774\ub85c\uc368 \ub2f9\uc0ac\uc790\ub4e4\uc740 \ube0c\ub9ac\ud2f0\uc2dc \uceec\ub7fc\ube44\uc544 \uc8fc \ubc34\ucfe0\ubc84 \uc9c0\ubc29 \ubc95\uc6d0\uc758 \uad00\ud560\uad8c\uc5d0 \ucd5c\uc885\uc801\uc73c\ub85c \ubcf5\uc885\ud558\uace0 \uc774\ub97c \uc785\uc99d\ud569\ub2c8\ub2e4.<\/p>\n<p><strong>b) \uc591\ub3c4<\/strong><\/p>\n<p>\uc774\uc6a9\uc790\ub294 Copperleaf\uc758 \uc11c\uba74 \ub3d9\uc758 \uc5c6\uc774 \ubcf8 \uc774\uc6a9 \uc57d\uad00\uc5d0 \ub530\ub77c \ubc1c\uc0dd\ud558\ub294 \uc774\uc6a9\uc790\uc758 \uad8c\ub9ac\ub97c \uc591\ub3c4\ud560 \uc218 \uc5c6\uc2b5\ub2c8\ub2e4.<\/p>\n<p><strong>c) \ub2f9\uc0ac\uc790\uc758 \uc9c0\uc704<\/strong><\/p>\n<p>\ubcf8 \uc774\uc6a9 \uc57d\uad00\uc740 \uace0\uc6a9, \ud30c\ud2b8\ub108\uc2ed, \ub300\ud589, \uc704\ud0c1, \ud569\uc791 \ud22c\uc790 \uad00\uacc4\ub97c \uc0dd\uc131\ud558\uc9c0 \uc54a\uc73c\uba70, \uc5b4\ub5a4 \uc2e0\ud0c1 \uc758\ubb34\ub3c4 \uc0dd\uc131\ud558\uc9c0 \uc54a\uc2b5\ub2c8\ub2e4.<\/p>\n<p><strong>d) \ubd84\ub9ac \uac00\ub2a5\uc131<\/strong><\/p>\n<p>\ubcf8 \uc774\uc6a9 \uc57d\uad00\uc758 \uc5b4\ub5a4 \ubd80\ubd84\uc774 \ubd88\uba85\ud655\ud558\uac70\ub098 \ubb34\ud6a8\uc774\uac70\ub098 \ub2ec\ub9ac \ubb34\ud6a8\ud654\ud560 \uc218 \uc788\uac70\ub098 \uc774\ud589 \ubd88\uac00\ub2a5\ud55c \uac83\uc73c\ub85c \uac04\uc8fc\ub418\ub294 \uacbd\uc6b0, \ubcf8 \uc774\uc6a9 \uc57d\uad00\uc758 \ub2e4\ub978 \ubd80\ubd84\uc740 \uadf8\ub85c \uc778\ud574 \uae30\ub2a5\uc744 \uc0c1\uc2e4\ud558\uc9c0 \uc54a\uc73c\uba70, \ubcf8 \uc774\uc6a9 \uc57d\uad00\uc758 \ub098\uba38\uc9c0 \ubd80\ubd84\uc740 \uacc4\uc18d \uc644\uc804\ud55c \ud6a8\ub825\uc744 \uc720\uc9c0\ud569\ub2c8\ub2e4.<\/p>\n<p><strong>e) \uc5b8\uc5b4<\/strong><\/p>\n<p>\uc774\uc6a9\uc790\uc640 Copperleaf\ub294 \ubcf8 \uc774\uc6a9 \uc57d\uad00 \ubc0f \ubaa8\ub4e0 \uad00\ub828 \ubb38\uc11c\uac00 \uc601\uc5b4\ub85c \uc791\uc131\ub41c\ub2e4\ub294 \ub370 \ub3d9\uc758\ud588\uc2b5\ub2c8\ub2e4.\u00a0<em>Les parties aux pr\u00e9sentes reconnaissent avoir convenu que la pr\u00e9sente entente et les documents connexes soient r\u00e9dig\u00e9s en langue anglaise.<\/em><\/p>\n<p><strong>f) \uac1c\uc778 \uc815\ubcf4 \ubcf4\ud638<\/strong><\/p>\n<p>Copperleaf\uac00 \uac1c\uc778 \uc815\ubcf4\ub97c \uc218\uc9d1, \uc0ac\uc6a9 \ubc0f \uacf5\uac1c\ud558\ub294 \ubc29\ubc95\uc5d0 \ub300\ud55c \uc790\uc138\ud55c \ub0b4\uc6a9\uc740 <a href=\"https:\/\/copperleaf-test.majortom.dev\/privacy\/\">\uac1c\uc778 \uc815\ubcf4 \ucc98\ub9ac \ubc29\uce68<\/a>\uc744 \ucc38\uace0\ud558\uc2ed\uc2dc\uc624.<\/p>\n<p><strong>g) \uc5f0\ub77d\ucc98<\/strong><\/p>\n<p>\ubcf8 \uc774\uc6a9 \uc57d\uad00\uc5d0 \ub300\ud55c \uc6b0\ub824 \uc0ac\ud56d, \uc9c8\ubb38 \ub610\ub294 \ubd88\ub9cc \uc0ac\ud56d\uc774 \uc788\ub294 \uacbd\uc6b0, \ub2e4\uc74c \uc5f0\ub77d\ucc98\ub85c \uc5f0\ub77d\ud558\uc2ed\uc2dc\uc624.<\/p>\n<p>Copperleaf Technologies<br \/>\n2920 Virtual Way, Suite 140<br \/>\nVancouver, BC V5M 0C4<br \/>\nCanada<\/p>\n<p><a href=\"mailto:privacy@copperleaf.com\">privacy@copperleaf.com<\/a><\/p>\n<p>&nbsp;<\/p>\n","protected":false},"excerpt":{"rendered":"<p>\ubcf8 \uc774\uc6a9 \uc57d\uad00(&#8220;\uc774\uc6a9 \uc57d\uad00&#8221;)\uc740 \uac1c\uc778 \uc815\ubcf4 \ubcf4\ud638 \uc815\ucc45, \ucfe0\ud0a4 \uc815\ucc45 \ubc0f www.copperleaf.com\uc5d0 \uac8c\uc2dc\ub41c \uae30\ud0c0 \uc815\ucc45 \ub610\ub294 \uac00\uc774\ub4dc\ub77c\uc778(\ucd1d\uce6d\ud558\uc5ec, &#8220;\uacc4\uc57d&#8220;)\uacfc \ub354\ubd88\uc5b4 www.copperleaf.com \uc6f9\uc0ac\uc774\ud2b8(\uc774\ud558 &#8220;\uc6f9\uc0ac\uc774\ud2b8&#8220;)\uc758 \uc561\uc138\uc2a4 \ubc0f \uc0ac\uc6a9\uacfc \uad00\ub828\ub41c \uc870\uac74\uc5d0 \uad00\ud55c \uc774\uc6a9\uc790(\ub610\ub294 \uc774\uc6a9\uc790\uc758 \uc870\uc9c1)(&#8220;\uc774\uc6a9\uc790&#8220;)\uc640 Copperleaf Technologies Inc.(&#8220;Copperleaf&#8220;, &#8220;\ub2f9\uc0ac&#8220;) \uac04\uc758 \ubc95\uc801 \uacc4\uc57d\uc785\ub2c8\ub2e4. \ubcf8 \uc774\uc6a9 \uc57d\uad00\uc5d0\ub294 \ucc45\uc784\uc758 \uc81c\ud55c, \ubcf4\uc99d \ubd80\uc778 \ubc0f \uc774\uc6a9\uc790\uc758 \ubc95\uc801 \uad8c\ub9ac\uc5d0 \uc601\ud5a5\uc744 \ubbf8\uce58\ub294 \uae30\ud0c0 \uc57d\uad00\uc774 \ud3ec\ud568\ub418\uc5b4 \uc788\uc73c\ubbc0\ub85c [&hellip;]<\/p>\n","protected":false},"author":6,"featured_media":0,"parent":0,"menu_order":18,"comment_status":"closed","ping_status":"closed","template":"","meta":{"_acf_changed":false,"_searchwp_excluded":"","footnotes":"","_wp_rev_ctl_limit":""},"acf":[],"yoast_head":"<!-- This site is optimized with the Yoast SEO plugin v23.0 - https:\/\/yoast.com\/wordpress\/plugins\/seo\/ -->\n<title>\uc774\uc6a9 \uc57d\uad00 - Copperleaf<\/title>\n<meta name=\"robots\" content=\"noindex, follow, max-snippet:-1, max-image-preview:large, max-video-preview:-1\" \/>\n<meta property=\"og:locale\" content=\"ko_KR\" \/>\n<meta property=\"og:type\" content=\"article\" \/>\n<meta property=\"og:title\" content=\"\uc774\uc6a9 \uc57d\uad00 - Copperleaf\" \/>\n<meta property=\"og:description\" content=\"\ubcf8 \uc774\uc6a9 \uc57d\uad00(&#8220;\uc774\uc6a9 \uc57d\uad00&#8221;)\uc740 \uac1c\uc778 \uc815\ubcf4 \ubcf4\ud638 \uc815\ucc45, \ucfe0\ud0a4 \uc815\ucc45 \ubc0f www.copperleaf.com\uc5d0 \uac8c\uc2dc\ub41c \uae30\ud0c0 \uc815\ucc45 \ub610\ub294 \uac00\uc774\ub4dc\ub77c\uc778(\ucd1d\uce6d\ud558\uc5ec, &#8220;\uacc4\uc57d&#8220;)\uacfc \ub354\ubd88\uc5b4 www.copperleaf.com \uc6f9\uc0ac\uc774\ud2b8(\uc774\ud558 &#8220;\uc6f9\uc0ac\uc774\ud2b8&#8220;)\uc758 \uc561\uc138\uc2a4 \ubc0f \uc0ac\uc6a9\uacfc \uad00\ub828\ub41c \uc870\uac74\uc5d0 \uad00\ud55c \uc774\uc6a9\uc790(\ub610\ub294 \uc774\uc6a9\uc790\uc758 \uc870\uc9c1)(&#8220;\uc774\uc6a9\uc790&#8220;)\uc640 Copperleaf Technologies Inc.(&#8220;Copperleaf&#8220;, &#8220;\ub2f9\uc0ac&#8220;) \uac04\uc758 \ubc95\uc801 \uacc4\uc57d\uc785\ub2c8\ub2e4. \ubcf8 \uc774\uc6a9 \uc57d\uad00\uc5d0\ub294 \ucc45\uc784\uc758 \uc81c\ud55c, \ubcf4\uc99d \ubd80\uc778 \ubc0f \uc774\uc6a9\uc790\uc758 \ubc95\uc801 \uad8c\ub9ac\uc5d0 \uc601\ud5a5\uc744 \ubbf8\uce58\ub294 \uae30\ud0c0 \uc57d\uad00\uc774 \ud3ec\ud568\ub418\uc5b4 \uc788\uc73c\ubbc0\ub85c [&hellip;]\" \/>\n<meta property=\"og:url\" content=\"https:\/\/copperleaf-test.majortom.dev\/ko\/%ec%9d%b4%ec%9a%a9-%ec%95%bd%ea%b4%80\/\" \/>\n<meta property=\"og:site_name\" content=\"Copperleaf\" \/>\n<meta property=\"article:modified_time\" content=\"2023-01-27T21:19:32+00:00\" \/>\n<meta name=\"twitter:card\" content=\"summary_large_image\" \/>\n<meta name=\"twitter:label1\" content=\"Est. reading time\" \/>\n\t<meta name=\"twitter:data1\" content=\"4\ubd84\" \/>\n<script type=\"application\/ld+json\" class=\"yoast-schema-graph\">{\"@context\":\"https:\/\/schema.org\",\"@graph\":[{\"@type\":\"WebPage\",\"@id\":\"https:\/\/copperleaf-test.majortom.dev\/ko\/%ec%9d%b4%ec%9a%a9-%ec%95%bd%ea%b4%80\/\",\"url\":\"https:\/\/copperleaf-test.majortom.dev\/ko\/%ec%9d%b4%ec%9a%a9-%ec%95%bd%ea%b4%80\/\",\"name\":\"\uc774\uc6a9 \uc57d\uad00 - Copperleaf\",\"isPartOf\":{\"@id\":\"https:\/\/copperleaf-test.majortom.dev\/ko\/#website\"},\"datePublished\":\"2022-04-25T16:45:57+00:00\",\"dateModified\":\"2023-01-27T21:19:32+00:00\",\"breadcrumb\":{\"@id\":\"https:\/\/copperleaf-test.majortom.dev\/ko\/%ec%9d%b4%ec%9a%a9-%ec%95%bd%ea%b4%80\/#breadcrumb\"},\"inLanguage\":\"ko-KR\",\"potentialAction\":[{\"@type\":\"ReadAction\",\"target\":[\"https:\/\/copperleaf-test.majortom.dev\/ko\/%ec%9d%b4%ec%9a%a9-%ec%95%bd%ea%b4%80\/\"]}]},{\"@type\":\"BreadcrumbList\",\"@id\":\"https:\/\/copperleaf-test.majortom.dev\/ko\/%ec%9d%b4%ec%9a%a9-%ec%95%bd%ea%b4%80\/#breadcrumb\",\"itemListElement\":[{\"@type\":\"ListItem\",\"position\":1,\"name\":\"Home\",\"item\":\"https:\/\/copperleaf-test.majortom.dev\/ko\/\"},{\"@type\":\"ListItem\",\"position\":2,\"name\":\"\uc774\uc6a9 \uc57d\uad00\"}]},{\"@type\":\"WebSite\",\"@id\":\"https:\/\/copperleaf-test.majortom.dev\/ko\/#website\",\"url\":\"https:\/\/copperleaf-test.majortom.dev\/ko\/\",\"name\":\"Copperleaf\",\"description\":\"\",\"potentialAction\":[{\"@type\":\"SearchAction\",\"target\":{\"@type\":\"EntryPoint\",\"urlTemplate\":\"https:\/\/copperleaf-test.majortom.dev\/ko\/?s={search_term_string}\"},\"query-input\":\"required name=search_term_string\"}],\"inLanguage\":\"ko-KR\"}]}<\/script>\n<!-- \/ Yoast SEO plugin. -->","yoast_head_json":{"title":"\uc774\uc6a9 \uc57d\uad00 - Copperleaf","robots":{"index":"noindex","follow":"follow","max-snippet":"max-snippet:-1","max-image-preview":"max-image-preview:large","max-video-preview":"max-video-preview:-1"},"og_locale":"ko_KR","og_type":"article","og_title":"\uc774\uc6a9 \uc57d\uad00 - Copperleaf","og_description":"\ubcf8 \uc774\uc6a9 \uc57d\uad00(&#8220;\uc774\uc6a9 \uc57d\uad00&#8221;)\uc740 \uac1c\uc778 \uc815\ubcf4 \ubcf4\ud638 \uc815\ucc45, \ucfe0\ud0a4 \uc815\ucc45 \ubc0f www.copperleaf.com\uc5d0 \uac8c\uc2dc\ub41c \uae30\ud0c0 \uc815\ucc45 \ub610\ub294 \uac00\uc774\ub4dc\ub77c\uc778(\ucd1d\uce6d\ud558\uc5ec, &#8220;\uacc4\uc57d&#8220;)\uacfc \ub354\ubd88\uc5b4 www.copperleaf.com \uc6f9\uc0ac\uc774\ud2b8(\uc774\ud558 &#8220;\uc6f9\uc0ac\uc774\ud2b8&#8220;)\uc758 \uc561\uc138\uc2a4 \ubc0f \uc0ac\uc6a9\uacfc \uad00\ub828\ub41c \uc870\uac74\uc5d0 \uad00\ud55c \uc774\uc6a9\uc790(\ub610\ub294 \uc774\uc6a9\uc790\uc758 \uc870\uc9c1)(&#8220;\uc774\uc6a9\uc790&#8220;)\uc640 Copperleaf Technologies Inc.(&#8220;Copperleaf&#8220;, &#8220;\ub2f9\uc0ac&#8220;) \uac04\uc758 \ubc95\uc801 \uacc4\uc57d\uc785\ub2c8\ub2e4. \ubcf8 \uc774\uc6a9 \uc57d\uad00\uc5d0\ub294 \ucc45\uc784\uc758 \uc81c\ud55c, \ubcf4\uc99d \ubd80\uc778 \ubc0f \uc774\uc6a9\uc790\uc758 \ubc95\uc801 \uad8c\ub9ac\uc5d0 \uc601\ud5a5\uc744 \ubbf8\uce58\ub294 \uae30\ud0c0 \uc57d\uad00\uc774 \ud3ec\ud568\ub418\uc5b4 \uc788\uc73c\ubbc0\ub85c [&hellip;]","og_url":"https:\/\/copperleaf-test.majortom.dev\/ko\/%ec%9d%b4%ec%9a%a9-%ec%95%bd%ea%b4%80\/","og_site_name":"Copperleaf","article_modified_time":"2023-01-27T21:19:32+00:00","twitter_card":"summary_large_image","twitter_misc":{"Est. reading time":"4\ubd84"},"schema":{"@context":"https:\/\/schema.org","@graph":[{"@type":"WebPage","@id":"https:\/\/copperleaf-test.majortom.dev\/ko\/%ec%9d%b4%ec%9a%a9-%ec%95%bd%ea%b4%80\/","url":"https:\/\/copperleaf-test.majortom.dev\/ko\/%ec%9d%b4%ec%9a%a9-%ec%95%bd%ea%b4%80\/","name":"\uc774\uc6a9 \uc57d\uad00 - Copperleaf","isPartOf":{"@id":"https:\/\/copperleaf-test.majortom.dev\/ko\/#website"},"datePublished":"2022-04-25T16:45:57+00:00","dateModified":"2023-01-27T21:19:32+00:00","breadcrumb":{"@id":"https:\/\/copperleaf-test.majortom.dev\/ko\/%ec%9d%b4%ec%9a%a9-%ec%95%bd%ea%b4%80\/#breadcrumb"},"inLanguage":"ko-KR","potentialAction":[{"@type":"ReadAction","target":["https:\/\/copperleaf-test.majortom.dev\/ko\/%ec%9d%b4%ec%9a%a9-%ec%95%bd%ea%b4%80\/"]}]},{"@type":"BreadcrumbList","@id":"https:\/\/copperleaf-test.majortom.dev\/ko\/%ec%9d%b4%ec%9a%a9-%ec%95%bd%ea%b4%80\/#breadcrumb","itemListElement":[{"@type":"ListItem","position":1,"name":"Home","item":"https:\/\/copperleaf-test.majortom.dev\/ko\/"},{"@type":"ListItem","position":2,"name":"\uc774\uc6a9 \uc57d\uad00"}]},{"@type":"WebSite","@id":"https:\/\/copperleaf-test.majortom.dev\/ko\/#website","url":"https:\/\/copperleaf-test.majortom.dev\/ko\/","name":"Copperleaf","description":"","potentialAction":[{"@type":"SearchAction","target":{"@type":"EntryPoint","urlTemplate":"https:\/\/copperleaf-test.majortom.dev\/ko\/?s={search_term_string}"},"query-input":"required name=search_term_string"}],"inLanguage":"ko-KR"}]}},"_links":{"self":[{"href":"https:\/\/copperleaf-test.majortom.dev\/ko\/wp-json\/wp\/v2\/pages\/33102"}],"collection":[{"href":"https:\/\/copperleaf-test.majortom.dev\/ko\/wp-json\/wp\/v2\/pages"}],"about":[{"href":"https:\/\/copperleaf-test.majortom.dev\/ko\/wp-json\/wp\/v2\/types\/page"}],"author":[{"embeddable":true,"href":"https:\/\/copperleaf-test.majortom.dev\/ko\/wp-json\/wp\/v2\/users\/6"}],"replies":[{"embeddable":true,"href":"https:\/\/copperleaf-test.majortom.dev\/ko\/wp-json\/wp\/v2\/comments?post=33102"}],"version-history":[{"count":0,"href":"https:\/\/copperleaf-test.majortom.dev\/ko\/wp-json\/wp\/v2\/pages\/33102\/revisions"}],"wp:attachment":[{"href":"https:\/\/copperleaf-test.majortom.dev\/ko\/wp-json\/wp\/v2\/media?parent=33102"}],"curies":[{"name":"wp","href":"https:\/\/api.w.org\/{rel}","templated":true}]}}