{"id":33164,"date":"2022-04-25T09:45:57","date_gmt":"2022-04-25T16:45:57","guid":{"rendered":"https:\/\/copperleaf-test.majortom.dev\/terms-of-use\/"},"modified":"2023-01-27T13:25:11","modified_gmt":"2023-01-27T21:25:11","slug":"%e5%88%a9%e7%94%a8%e8%a6%8f%e7%b4%84","status":"publish","type":"page","link":"https:\/\/copperleaf-test.majortom.dev\/ja\/%e5%88%a9%e7%94%a8%e8%a6%8f%e7%b4%84\/","title":{"rendered":"\u5229\u7528\u898f\u7d04"},"content":{"rendered":"\r\n<p>\u672c\u5229\u7528\u898f\u7d04\uff08\u4ee5\u4e0b\u3001<strong>\u300c\u5229\u7528\u898f\u7d04\u300d<\/strong>\uff09\u306f\u3001\u30d7\u30e9\u30a4\u30d0\u30b7\u30fc\u30dd\u30ea\u30b7\u30fc\u3001Cookie\u30dd\u30ea\u30b7\u30fc\u3001\u304a\u3088\u3073<a href=\"https:\/\/copperleaf-test.majortom.dev\/\">www.copperleaf.com<\/a>\u306b\u63b2\u8f09\u3055\u308c\u3066\u3044\u308b\u305d\u306e\u4ed6\u306e\u30dd\u30ea\u30b7\u30fc\u3084\u30ac\u30a4\u30c9\u30e9\u30a4\u30f3\uff08\u4ee5\u4e0b\u3001\u7dcf\u79f0\u3057\u3066<strong>\u300c\u672c\u5951\u7d04\u300d<\/strong>\uff09\u3068\u3068\u3082\u306b\u3001\u304a\u5ba2\u69d8\uff08\u307e\u305f\u306f\u304a\u5ba2\u69d8\u306e\u7d44\u7e54\u3002\u4ee5\u4e0b\u3001<strong>\u300c\u304a\u5ba2\u69d8\u300d<\/strong>\uff09\u3068Copperleaf Technologies Inc.\uff08\u4ee5\u4e0b\u3001<strong>\u300cCopperleaf\u300d\u307e\u305f\u306f\u300c\u5f53\u793e\u300d<\/strong>\uff09\u3068\u306e\u9593\u3067\u3001\u304a\u5ba2\u69d8\u306e<a href=\"https:\/\/copperleaf-test.majortom.dev\/\">www.copperleaf.com<\/a>\u30a6\u30a7\u30d6\u30b5\u30a4\u30c8\uff08\u4ee5\u4e0b\u3001<strong>\u300c\u30a6\u30a7\u30d6\u30b5\u30a4\u30c8\u300d<\/strong>\uff09\u3078\u306e\u30a2\u30af\u30bb\u30b9\u304a\u3088\u3073\u5229\u7528\u306b\u95a2\u9023\u3059\u308b\u6761\u4ef6\u306b\u3064\u3044\u3066\u7de0\u7d50\u3059\u308b\u6cd5\u7684\u5951\u7d04\u3067\u3059\u3002\u672c\u5229\u7528\u898f\u7d04\u306b\u306f\u3001\u8cac\u4efb\u306e\u5236\u9650\u3001\u4fdd\u8a3c\u306e\u5426\u8a8d\u3001\u304a\u5ba2\u69d8\u306e\u6cd5\u7684\u6a29\u5229\u306b\u5f71\u97ff\u3092\u4e0e\u3048\u308b\u305d\u306e\u4ed6\u306e\u6761\u9805\u304c\u542b\u307e\u308c\u3066\u3044\u307e\u3059\u306e\u3067\u3001\u3088\u304f\u304a\u8aad\u307f\u304f\u3060\u3055\u3044\u3002\u672c\u5229\u7528\u898f\u7d04\u306b\u540c\u610f\u3057\u306a\u3044\u5834\u5408\u3001\u307e\u305f\u306f\u540c\u610f\u3059\u308b\u80fd\u529b\u3082\u3057\u304f\u306f\u6a29\u9650\u304c\u306a\u3044\u5834\u5408\u306f\u3001\u5f53\u793e\u30a6\u30a7\u30d6\u30b5\u30a4\u30c8\u3092\u3054\u5229\u7528\u3044\u305f\u3060\u3051\u307e\u305b\u3093\u3002<\/p>\r\n<h3><strong>1. \u5229\u7528\u898f\u7d04\u306e\u9069\u7528\u7bc4\u56f2<\/strong><\/h3>\r\n<p>\u672c\u5229\u7528\u898f\u7d04\u306f\u3001\u7b2c\u4e09\u8005\u306e\u30a6\u30a7\u30d6\u30b5\u30a4\u30c8\u304c\u5f53\u793e\u307e\u305f\u306f\u5f53\u793e\u30a6\u30a7\u30d6\u30b5\u30a4\u30c8\u306b\u3088\u3063\u3066\u53c2\u7167\u307e\u305f\u306f\u30ea\u30f3\u30af\u3055\u308c\u3066\u3044\u308b\u5834\u5408\u3067\u3042\u3063\u3066\u3082\u3001\u5f53\u8a72\u7b2c\u4e09\u8005\u30a6\u30a7\u30d6\u30b5\u30a4\u30c8\u306b\u306f\u9069\u7528\u3055\u308c\u307e\u305b\u3093\u3002\u5f53\u793e\u306f\u3001\u7b2c\u4e09\u8005\u306e\u30a6\u30a7\u30d6\u30b5\u30a4\u30c8\u306e\u5185\u5bb9\u3001\u305d\u306e\u5229\u7528\u898f\u7d04\u3001\u307e\u305f\u306f\u7b2c\u4e09\u8005\u30a6\u30a7\u30d6\u30b5\u30a4\u30c8\u3078\u306e\u30a2\u30af\u30bb\u30b9\u304a\u3088\u3073\u305d\u306e\u5229\u7528\u304b\u3089\u751f\u3058\u308b\u3044\u304b\u306a\u308b\u554f\u984c\u306b\u3064\u3044\u3066\u3082\u8cac\u4efb\u3092\u8ca0\u3044\u304b\u306d\u307e\u3059\u3002<\/p>\r\n<h3><strong>2. \u5229\u7528\u898f\u7d04\u306e\u6539\u5b9a<\/strong><\/h3>\r\n<p>\u5f53\u793e\u306f\u3001\u672c\u5229\u7528\u898f\u7d04\u306e\u5185\u5bb9\u304a\u3088\u3073\/\u307e\u305f\u306f\u9069\u7528\u7bc4\u56f2\u3092\u8ffd\u52a0\u3001\u524a\u9664\u307e\u305f\u306f\u5909\u66f4\u3059\u308b\u3053\u3068\u306b\u3088\u308a\u3001\u672c\u5229\u7528\u898f\u7d04\u306e\u4e00\u90e8\u3092\u6539\u5b9a\u3067\u304d\u308b\u3082\u306e\u3068\u3057\u307e\u3059\u3002\u3053\u306e\u3088\u3046\u306a\u6539\u5b9a\u306f\u3001\u5f53\u793e\u306e\u5224\u65ad\u306b\u3088\u308a\u968f\u6642\u884c\u308f\u308c\u307e\u3059\u3002\u672c\u5229\u7528\u898f\u7d04\u306e\u6539\u5b9a\u306f\u3001\u672c\u5229\u7528\u898f\u7d04\u3092\u8868\u793a\u3059\u308b\u5f53\u793e\u30a6\u30a7\u30d6\u30b5\u30a4\u30c8\u306e\u30a6\u30a7\u30d6\u30da\u30fc\u30b8\u3092\u66f4\u65b0\u3057\u3001\u672c\u5229\u7528\u898f\u7d04\u5192\u982d\u306e\u7248\u6570\u3092\u66f4\u65b0\u3059\u308b\u3053\u3068\u306b\u3088\u308a\u884c\u308f\u308c\u307e\u3059\u3002\u672c\u5229\u7528\u898f\u7d04\u306e\u6539\u5b9a\u306b\u540c\u610f\u3057\u306a\u3044\u5834\u5408\u3001\u307e\u305f\u306f\u6539\u5b9a\u306b\u540c\u610f\u3059\u308b\u80fd\u529b\u3082\u3057\u304f\u306f\u6a29\u9650\u304c\u306a\u3044\u5834\u5408\u306f\u3001\u5f53\u30a6\u30a7\u30d6\u30b5\u30a4\u30c8\u3092\u3054\u5229\u7528\u3044\u305f\u3060\u3051\u307e\u305b\u3093\u3002<\/p>\r\n<h3><strong>3. \u8a31\u53ef\u3055\u308c\u305f\u6d3b\u52d5<\/strong><\/h3>\r\n<p>\u304a\u5ba2\u69d8\u304c\u672c\u5229\u7528\u898f\u7d04\u3092\u9075\u5b88\u3059\u308b\u3053\u3068\u3092\u6761\u4ef6\u3068\u3057\u3066\u3001\u307e\u305f\u5f53\u793e\u304c\u672c\u30a6\u30a7\u30d6\u30b5\u30a4\u30c8\u3092\u5229\u7528\u306b\u4f9b\u3059\u308b\u9650\u308a\u3001\u5f53\u793e\u306f\u304a\u5ba2\u69d8\u306b\u672c\u30a6\u30a7\u30d6\u30b5\u30a4\u30c8\u306b\u30a2\u30af\u30bb\u30b9\u3059\u308b\u9650\u5b9a\u7684\u306a\u6a29\u5229\u3092\u4ed8\u4e0e\u3057\u307e\u3059\u3002\u3053\u306e\u6a29\u5229\u306f\u3001\u500b\u4eba\u7684\u3001\u53d6\u308a\u6d88\u3057\u53ef\u80fd\u3001\u975e\u72ec\u5360\u7684\u3001\u8b72\u6e21\u4e0d\u53ef\u3001\u30b5\u30d6\u30e9\u30a4\u30bb\u30f3\u30b9\u4e0d\u53ef\u306e\u30e9\u30a4\u30bb\u30f3\u30b9\u3068\u3044\u3046\u5f62\u5f0f\u3067\u3001\u901a\u5e38\u306e\u95b2\u89a7\u306b\u5fc5\u8981\u306a\u7bc4\u56f2\u306b\u9650\u308a\u3001\u672c\u30a6\u30a7\u30d6\u30b5\u30a4\u30c8\u306e\u9650\u5b9a\u7684\u304b\u3064\u4e00\u6642\u7684\u306a\u8907\u88fd\u3092\u8a31\u53ef\u3059\u308b\u3082\u306e\u3067\u3059\u3002\u306a\u304a\u3001\u4e0a\u8a18\u306b\u306f\u3001\u5f53\u30a6\u30a7\u30d6\u30b5\u30a4\u30c8\u3092\u904b\u7528\u3059\u308b\u30bd\u30d5\u30c8\u30a6\u30a7\u30a2\u3001\u30c7\u30fc\u30bf\u30d9\u30fc\u30b9\u3001\u30a2\u30eb\u30b4\u30ea\u30ba\u30e0\u307e\u305f\u306f\u30c7\u30fc\u30bf\u306b\u76f4\u63a5\u30a2\u30af\u30bb\u30b9\u3059\u308b\u6a29\u5229\u3001\u304a\u3088\u3073\u305d\u308c\u3089\u306e\u30bd\u30fc\u30b9\u30b3\u30fc\u30c9\u307e\u305f\u306f\u30a2\u30fc\u30ad\u30c6\u30af\u30c1\u30e3\u306e\u30b3\u30d4\u30fc\u3092\u53d6\u5f97\u3059\u308b\u6a29\u5229\u306f\u542b\u307e\u308c\u307e\u305b\u3093\u3002\u307e\u305f\u3001\u672c\u30e9\u30a4\u30bb\u30f3\u30b9\u306f\u3001\u975e\u5546\u696d\u7684\u3001\u500b\u4eba\u7684\u3001\u304a\u3088\u3073\/\u307e\u305f\u306f\u6559\u80b2\u7684\u306a\u76ee\u7684\u306e\u305f\u3081\u306b\u306e\u307f\u3001\u5f53\u793e\u30a6\u30a7\u30d6\u30b5\u30a4\u30c8\u4e0a\u3067\u5229\u7528\u306b\u4f9b\u3055\u308c\u3066\u3044\u308b\u30b3\u30f3\u30c6\u30f3\u30c4\u3092\u30b3\u30f3\u30d4\u30e5\u30fc\u30bf\u3067\u8868\u793a\u3001\u5370\u5237\u3001\u30c0\u30a6\u30f3\u30ed\u30fc\u30c9\u3001\u4f7f\u7528\u3059\u308b\u3053\u3068\u3092\u8a31\u53ef\u3057\u307e\u3059\u3002\u305f\u3060\u3057\u3001\u5f53\u8a72\u30b3\u30f3\u30c6\u30f3\u30c4\u306b\u5909\u66f4\u3092\u52a0\u3048\u305a\u3001\u5f53\u8a72\u30b3\u30f3\u30c6\u30f3\u30c4\u306e\u5404\u30b3\u30d4\u30fc\u306b\u3001\u95a2\u9023\u3059\u308b\u8457\u4f5c\u6a29\u8868\u793a\u304a\u3088\u3073\u672c\u9650\u5b9a\u30e9\u30a4\u30bb\u30f3\u30b9\u3092\u542b\u3081\u308b\u3082\u306e\u3068\u3057\u307e\u3059\u3002<\/p>\r\n<h3><strong>4. \u8a31\u53ef\u3055\u308c\u306a\u3044\u6d3b\u52d5<\/strong><\/h3>\r\n<p>\uff08a\uff09\u9006\u30b3\u30f3\u30d1\u30a4\u30eb\u3001\u9006\u30a2\u30bb\u30f3\u30d6\u30eb\u3001\u30ea\u30d0\u30fc\u30b9\u30a8\u30f3\u30b8\u30cb\u30a2\u30ea\u30f3\u30b0\u3001\u8abf\u67fb\u3001\u307e\u305f\u306f\u5f53\u793e\u30a6\u30a7\u30d6\u30b5\u30a4\u30c8\u306eUI\u4ee5\u5916\u306e\u90e8\u5206\u3078\u306e\u30a2\u30af\u30bb\u30b9\u3002\uff08b\uff09\u5f53\u793e\u30a6\u30a7\u30d6\u30b5\u30a4\u30c8\u3078\u306e\u30a2\u30af\u30bb\u30b9\u3084\u5229\u7528\u306b\u5bfe\u3059\u308b\u5236\u9650\u306e\u56de\u907f\u3002\uff08c\uff09\u30a6\u30a7\u30d6\u30b5\u30a4\u30c8\u30e6\u30fc\u30b6\u30fc\u3078\u306e\u63d0\u4f9b\u3092\u60f3\u5b9a\u3057\u3066\u3044\u306a\u3044\u60c5\u5831\u3092\u62bd\u51fa\u3059\u308b\u65b9\u6cd5\u3067\u306e\u3001\u5f53\u793e\u30a6\u30a7\u30d6\u30b5\u30a4\u30c8\u306e\u5229\u7528\u307e\u305f\u306f\u8868\u793a\u3002\uff08d\uff09\u5f53\u793e\u30a6\u30a7\u30d6\u30b5\u30a4\u30c8\u306b\u7d44\u307f\u8fbc\u307e\u308c\u305f\u30bb\u30ad\u30e5\u30ea\u30c6\u30a3\u6a5f\u80fd\u307e\u305f\u306f\u6280\u8853\u7684\u4fdd\u8b77\u624b\u6bb5\u306e\u56de\u907f\u3002\uff08e\uff09\u5f53\u793e\u30a6\u30a7\u30d6\u30b5\u30a4\u30c8\u3078\u306e\u30a2\u30af\u30bb\u30b9\u306e\u81ea\u52d5\u5316\u3002\uff08f\uff09\u304a\u5ba2\u69d8\u304c\u5f53\u793e\u304b\u3089\u53d7\u3051\u53d6\u3063\u305f\u901a\u77e5\u3067\u7279\u306b\u7981\u6b62\u3055\u308c\u3066\u3044\u308b\u884c\u70ba\u3002\uff08g\uff09\u5f53\u793e\u30a6\u30a7\u30d6\u30b5\u30a4\u30c8\u306e\u30b3\u30f3\u30c6\u30f3\u30c4\u306e\u5546\u696d\u5229\u7528\u3001\u304a\u5ba2\u69d8\u304c\u4f5c\u6210\u307e\u305f\u306f\u914d\u5e03\u3059\u308b\u88fd\u54c1\u3078\u306e\u5f53\u8a72\u30b3\u30f3\u30c6\u30f3\u30c4\u306e\u7d44\u307f\u8fbc\u307f\u3001\u3042\u308b\u3044\u306f\u304a\u5ba2\u69d8\u306e\u30a6\u30a7\u30d6\u30b5\u30a4\u30c8\u307e\u305f\u306f\u305d\u306e\u4ed6\u306e\u30a6\u30a7\u30d6\u30b5\u30a4\u30c8\u3078\u306e\u5f53\u8a72\u30b3\u30f3\u30c6\u30f3\u30c4\u306e\u30b3\u30d4\u30fc\u3002\u307e\u305f\u3001\u304a\u5ba2\u69d8\u306f\u3001\u5f53\u793e\u30a6\u30a7\u30d6\u30b5\u30a4\u30c8\u307e\u305f\u306f\u305d\u306e\u4e00\u90e8\u3092\u6c38\u4e45\u7684\u306b\u8907\u88fd\u3059\u308b\u3053\u3068\u3001\u3042\u308b\u3044\u306f\u3001\u5f53\u793e\u30a6\u30a7\u30d6\u30b5\u30a4\u30c8\u307e\u305f\u306f\u305d\u306e\u5185\u5bb9\u3092\u3044\u304b\u306a\u308b\u65b9\u6cd5\u306b\u3088\u3063\u3066\u3082\u914d\u5e03\u307e\u305f\u306f\u5229\u7528\u3059\u308b\u3053\u3068\u306f\u3067\u304d\u307e\u305b\u3093\u3002\u306a\u304a\u3001\u672c\u5229\u7528\u898f\u7d04\u306e\u3044\u304b\u306a\u308b\u90e8\u5206\u3082\u3001\u672c\u30a6\u30a7\u30d6\u30b5\u30a4\u30c8\u307e\u305f\u306f\u305d\u306e\u30b3\u30f3\u30c6\u30f3\u30c4\u306b\u542b\u307e\u308c\u308b\u77e5\u7684\u8ca1\u7523\u6a29\u306b\u5bfe\u3059\u308b\u6240\u6709\u6a29\u3092\u304a\u5ba2\u69d8\u306b\u4ed8\u4e0e\u3059\u308b\u3082\u306e\u3067\u306f\u3042\u308a\u307e\u305b\u3093\u3002\u304a\u5ba2\u69d8\u306f\u3001\u672c\u30a6\u30a7\u30d6\u30b5\u30a4\u30c8\u304a\u3088\u3073\u305d\u306e\u30b3\u30f3\u30c6\u30f3\u30c4\u306e\u77e5\u7684\u8ca1\u7523\uff08\u5f53\u793e\u306e\u5546\u6a19\u3001\u30ed\u30b4\u304a\u3088\u3073\u8457\u4f5c\u6a29\u3092\u5236\u9650\u306a\u304f\u542b\u3080\uff09\u306f\u3001\u5f53\u793e\u304a\u3088\u3073\/\u307e\u305f\u306f\u5f53\u793e\u306e\u30e9\u30a4\u30bb\u30f3\u30b5\u30fc\uff08\u5834\u5408\u306b\u3088\u308a\uff09\u306b\u5e30\u5c5e\u3057\u3001\u304a\u5ba2\u69d8\u306f\u3053\u308c\u3092\u6240\u6709\u3057\u306a\u3044\u3053\u3068\u3092\u4e86\u627f\u3059\u308b\u3082\u306e\u3068\u3057\u307e\u3059\u3002<\/p>\r\n<h3><strong>5. \u514d\u8cac\u4e8b\u9805<\/strong><\/h3>\r\n<p>\u304a\u5ba2\u69d8\u306f\u3001\u304a\u5ba2\u69d8\u306e\u5f53\u793e\u30a6\u30a7\u30d6\u30b5\u30a4\u30c8\u3078\u306e\u30a2\u30af\u30bb\u30b9\u307e\u305f\u306f\u5229\u7528\u306b\u8d77\u56e0\u3059\u308b\u3001\u307e\u305f\u306f\u4f55\u3089\u304b\u306e\u5f62\u3067\u95a2\u9023\u3059\u308b\u3001\u5408\u7406\u7684\u306a\u5f01\u8b77\u58eb\u8cbb\u7528\u304a\u3088\u3073\u4f1a\u8a08\u8cbb\u7528\u3092\u5236\u9650\u306a\u304f\u542b\u3080\u3001\u3042\u3089\u3086\u308b\u8acb\u6c42\u3001\u8ca0\u50b5\u3001\u640d\u5bb3\u3001\u640d\u5931\u304a\u3088\u3073\u8cbb\u7528\u304b\u3089\u3001\u5f53\u793e\u304a\u3088\u3073\u5f53\u793e\u306e\u5f79\u54e1\u3001\u53d6\u7de0\u5f79\u3001\u95a2\u9023\u4f1a\u793e\u3001\u5f93\u696d\u54e1\u304a\u3088\u3073\u4ee3\u7406\u4eba\u3092\u5f01\u8b77\u3001\u88dc\u511f\u3001\u514d\u8cac\u3059\u308b\u3053\u3068\u306b\u540c\u610f\u3059\u308b\u3082\u306e\u3068\u3057\u307e\u3059\u3002<\/p>\r\n<h3><strong>6. \u4fdd\u8a3c\u306e\u514d\u8cac\u304a\u3088\u3073\u8cac\u4efb\u306e\u5236\u9650<\/strong><\/h3>\r\n<p>\u5f53\u793e\u306f\u3001\u3053\u3053\u306b\u3001\u660e\u793a\u307e\u305f\u306f\u9ed9\u793a\u3092\u554f\u308f\u305a\u3001\u5f53\u793e\u30a6\u30a7\u30d6\u30b5\u30a4\u30c8\u304a\u3088\u3073\u305d\u306e\u30b3\u30f3\u30c6\u30f3\u30c4\u306b\u95a2\u3059\u308b\u4e00\u5207\u306e\u8868\u660e\u3001\u6761\u4ef6\u304a\u3088\u3073\u4fdd\u8a3c\uff08\u5546\u54c1\u6027\u307e\u305f\u306f\u7279\u5b9a\u76ee\u7684\u3078\u306e\u9069\u5408\u6027\u306b\u95a2\u3059\u308b\u6761\u4ef6\u307e\u305f\u306f\u4fdd\u8a3c\u3092\u542b\u3080\uff09\u3092\u6392\u9664\u3059\u308b\u3082\u306e\u3068\u3057\u307e\u3059\u3002\u5f53\u793e\u306f\u3001\u5f53\u793e\u30a6\u30a7\u30d6\u30b5\u30a4\u30c8\u306b\u63b2\u8f09\u3055\u308c\u3066\u3044\u308b\u60c5\u5831\u306b\u3064\u3044\u3066\u3001\u305d\u306e\u6b63\u78ba\u6027\u3001\u4fe1\u983c\u6027\u7b49\u306b\u95a2\u3059\u308b\u4fdd\u8a3c\u3092\u542b\u3081\u3001\u4e00\u5207\u306e\u8868\u660e\u3001\u6761\u4ef6\u3001\u4fdd\u8a3c\u3092\u884c\u3044\u307e\u305b\u3093\u3002\u304a\u5ba2\u69d8\u306f\u3001\u672c\u30a6\u30a7\u30d6\u30b5\u30a4\u30c8\u306b\u8868\u793a\u3055\u308c\u308b\u60c5\u5831\u306b\u4f9d\u62e0\u3059\u308b\u6a29\u5229\u3092\u653e\u68c4\u3059\u308b\u3082\u306e\u3068\u3057\u307e\u3059\u3002\u5f53\u793e\u30a6\u30a7\u30d6\u30b5\u30a4\u30c8\u306f\u3001\u5f53\u793e\u306b\u3088\u308b\u5b9a\u671f\u7684\u307e\u305f\u306f\u975e\u5b9a\u671f\u7684\u306a\u30e1\u30f3\u30c6\u30ca\u30f3\u30b9\u3092\u5236\u9650\u306a\u304f\u542b\u3080\u3055\u307e\u3056\u307e\u306a\u7406\u7531\u306b\u3088\u308a\u3001\u5229\u7528\u3067\u304d\u306a\u304f\u306a\u308b\u53ef\u80fd\u6027\u304c\u3042\u308a\u307e\u3059\u3002\u5f53\u793e\u306f\u3001\u6545\u610f\u307e\u305f\u306f\u91cd\u5927\u306a\u904e\u5931\u304c\u3042\u308b\u5834\u5408\u3092\u9664\u304d\u3001\u5f53\u793e\u30a6\u30a7\u30d6\u30b5\u30a4\u30c8\u3001\u5f53\u793e\u30a6\u30a7\u30d6\u30b5\u30a4\u30c8\u306b\u63b2\u8f09\u3055\u308c\u308b\u60c5\u5831\u3001\u5f53\u793e\u306e\u884c\u70ba\u3082\u3057\u304f\u306f\u4e0d\u4f5c\u70ba\u3001\u307e\u305f\u306f\u672c\u5229\u7528\u898f\u7d04\uff08\u672c\u5229\u7528\u898f\u7d04\u306e\u9055\u53cd\u3092\u542b\u3080\uff09\u306b\u8d77\u56e0\u307e\u305f\u306f\u95a2\u9023\u3057\u3066\u751f\u3058\u305f\u3044\u304b\u306a\u308b\u640d\u5bb3\u306b\u5bfe\u3057\u3066\u3082\u8cac\u4efb\u3092\u8ca0\u308f\u306a\u3044\u3082\u306e\u3068\u3057\u307e\u3059\u3002\u3053\u306e\u8cac\u4efb\u306e\u5236\u9650\u306f\u3001\u5951\u7d04\u3001\u4e0d\u6cd5\u884c\u70ba\uff08\u904e\u5931\u3092\u542b\u3080\uff09\u3001\u8ca1\u7523\u3001\u30d7\u30e9\u30a4\u30d0\u30b7\u30fc\u3001\u6cd5\u4ee4\u3001\u305d\u306e\u4ed6\u306b\u304b\u304b\u308f\u3089\u305a\u3001\u3044\u304b\u306a\u308b\u539f\u56e0\u3067\u767a\u751f\u3057\u305f\u5834\u5408\u3067\u3082\u3001\u3059\u3079\u3066\u306e\u640d\u5bb3\u306b\u9069\u7528\u3055\u308c\u308b\u3082\u306e\u3068\u3057\u307e\u3059\u3002\u4e0a\u8a18\u306e\u4e00\u822c\u6027\u3092\u5236\u9650\u3059\u308b\u3053\u3068\u306a\u304f\u3001\u5f53\u793e\u306f\u3001\u30c7\u30fc\u30bf\u306e\u640d\u5931\u3001\u53ce\u76ca\u306e\u640d\u5931\u3001\u5229\u76ca\u306e\u640d\u5931\u3001\u5546\u6a5f\u306e\u9038\u5931\u3001\u6642\u9593\u306e\u640d\u5931\u3001\u5f01\u8b77\u58eb\u8cbb\u7528\u307e\u305f\u306f\u8a34\u8a1f\u8cbb\u7528\u306b\u3064\u3044\u3066\u8cac\u4efb\u3092\u8ca0\u308f\u306a\u3044\u3082\u306e\u3068\u3057\u307e\u3059\u3002<\/p>\r\n<h3><strong>7. \u4e00\u822c\u4e8b\u9805<\/strong><\/h3>\r\n<p><strong>a\uff09\u6e96\u62e0\u6cd5\u304a\u3088\u3073\u7ba1\u8f44\u88c1\u5224\u6240<\/strong><\/p>\r\n<p>\u672c\u5229\u7528\u898f\u7d04\u306f\u3001\u30d6\u30ea\u30c6\u30a3\u30c3\u30b7\u30e5\u30fb\u30b3\u30ed\u30f3\u30d3\u30a2\uff08\u30ab\u30ca\u30c0\uff09\u306e\u5dde\u6cd5\u304a\u3088\u3073\u540c\u5730\u306b\u9069\u7528\u3055\u308c\u308b\u30ab\u30ca\u30c0\u9023\u90a6\u6cd5\u306b\u306e\u307f\u6e96\u62e0\u3057\u3001\u89e3\u91c8\u3055\u308c\u308b\u3082\u306e\u3068\u3057\u307e\u3059\u3002\u4e21\u5f53\u4e8b\u8005\u306f\u3001\u3053\u3053\u306b\u3001\u30d6\u30ea\u30c6\u30a3\u30c3\u30b7\u30e5\u30b3\u30ed\u30f3\u30d3\u30a2\u5dde\u30d0\u30f3\u30af\u30fc\u30d0\u30fc\u5730\u533a\u88c1\u5224\u6240\u306e\u7ba1\u8f44\u6a29\u306b\u5168\u9762\u7684\u306b\u5f93\u3044\u3001\u5ba3\u8a93\u3059\u308b\u3082\u306e\u3068\u3057\u307e\u3059\u3002<\/p>\r\n<p><strong>b\uff09\u8b72\u6e21<\/strong><\/p>\r\n<p>\u304a\u5ba2\u69d8\u306f\u3001\u5f53\u793e\u306e\u66f8\u9762\u306b\u3088\u308b\u540c\u610f\u306a\u304f\u3001\u672c\u5229\u7528\u898f\u7d04\u306b\u57fa\u3065\u304d\u767a\u751f\u3059\u308b\u3044\u304b\u306a\u308b\u6a29\u5229\u3082\u8b72\u6e21\u3067\u304d\u307e\u305b\u3093\u3002<\/p>\r\n<p><strong>c\uff09\u5f53\u4e8b\u8005\u306e\u5730\u4f4d<\/strong><\/p>\r\n<p>\u672c\u5229\u7528\u898f\u7d04\u306f\u3001\u96c7\u7528\u3001\u30d1\u30fc\u30c8\u30ca\u30fc\u30b7\u30c3\u30d7\u3001\u4ee3\u7406\u3001\u4fe1\u8a17\u3001\u5408\u5f01\u306e\u95a2\u4fc2\u3092\u751f\u3058\u3055\u305b\u308b\u3082\u306e\u3067\u306f\u306a\u304f\u3001\u307e\u305f\u3001\u3044\u304b\u306a\u308b\u4fe1\u8a8d\u7fa9\u52d9\u3082\u751f\u3058\u3055\u305b\u306a\u3044\u3082\u306e\u3068\u3057\u307e\u3059\u3002<\/p>\r\n<p><strong>d\uff09\u53ef\u5206\u6027<\/strong><\/p>\r\n<p>\u672c\u5229\u7528\u898f\u7d04\u306e\u4e00\u90e8\u304c\u4e0d\u660e\u78ba\u3001\u7121\u52b9\u3001\u9055\u6cd5\u3001\u307e\u305f\u306f\u305d\u306e\u4ed6\u306e\u7406\u7531\u3067\u7121\u52b9\u307e\u305f\u306f\u57f7\u884c\u4e0d\u80fd\u3068\u3055\u308c\u305f\u5834\u5408\u3001\u672c\u5229\u7528\u898f\u7d04\u306e\u4ed6\u306e\u90e8\u5206\u304c\u305d\u306e\u305f\u3081\u306b\u5931\u52b9\u3059\u308b\u3053\u3068\u306f\u306a\u304f\u3001\u672c\u5229\u7528\u898f\u7d04\u306e\u6b8b\u308a\u306e\u90e8\u5206\u306f\u5b8c\u5168\u306b\u6709\u52b9\u306b\u5b58\u7d9a\u3059\u308b\u3082\u306e\u3068\u3057\u307e\u3059\u3002<\/p>\r\n<p><strong>e\uff09\u8a00\u8a9e<\/strong><\/p>\r\n<p>\u304a\u5ba2\u69d8\u304a\u3088\u3073\u5f53\u793e\u306f\u3001\u672c\u5229\u7528\u898f\u7d04\u304a\u3088\u3073\u3059\u3079\u3066\u306e\u95a2\u9023\u6587\u66f8\u304c\u82f1\u8a9e\u3067\u4f5c\u6210\u3055\u308c\u308b\u3053\u3068\u306b\u540c\u610f\u3057\u307e\u3059\u3002<em>Les parties aux pr\u00e9sentes reconnaissent avoir convenu que la pr\u00e9sente entente et les documents connexes soient r\u00e9dig\u00e9s en langue anglaise.<\/em><\/p>\r\n<p><strong>\uff46\uff09\u30d7\u30e9\u30a4\u30d0\u30b7\u30fc<\/strong><\/p>\r\n<p>\u5f53\u793e\u306b\u3088\u308b\u500b\u4eba\u60c5\u5831\u306e\u53ce\u96c6\u3001\u5229\u7528\u3001\u958b\u793a\u306b\u95a2\u3059\u308b\u8a73\u7d30\u306b\u3064\u3044\u3066\u306f\u3001\u5f53\u793e\u306e<a href=\"https:\/\/copperleaf-test.majortom.dev\/privacy\/\">\u30d7\u30e9\u30a4\u30d0\u30b7\u30fc\u30dd\u30ea\u30b7\u30fc<\/a>\u3092\u53c2\u7167\u3057\u3066\u304f\u3060\u3055\u3044\u3002<\/p>\r\n<p><strong>\uff47\uff09\u9023\u7d61\u5148<\/strong><\/p>\r\n<p>\u672c\u5229\u7528\u898f\u7d04\u306b\u95a2\u3057\u3066\u3001\u3054\u4e0d\u660e\u306a\u70b9\u3001\u3054\u8cea\u554f\u3001\u82e6\u60c5\u7b49\u304c\u3042\u308b\u5834\u5408\u306f\u3001\u4e0b\u8a18\u307e\u3067\u3054\u9023\u7d61\u304f\u3060\u3055\u3044\u3002<\/p>\r\n<p>Copperleaf Technologies<br \/>2920 Virtual Way, Suite 140<br \/>Vancouver, BC V5M 0C4<br \/>Canada<\/p>\r\n<p><a href=\"mailto:privacy@copperleaf.com\">privacy@copperleaf.com<\/a><\/p>\r\n<p>&nbsp;<\/p>","protected":false},"excerpt":{"rendered":"<p>\u672c\u5229\u7528\u898f\u7d04\uff08\u4ee5\u4e0b\u3001\u300c\u5229\u7528\u898f\u7d04\u300d\uff09\u306f\u3001\u30d7\u30e9\u30a4\u30d0\u30b7\u30fc\u30dd\u30ea\u30b7\u30fc\u3001Cookie\u30dd\u30ea\u30b7\u30fc\u3001\u304a\u3088\u3073www.copperleaf.com\u306b\u63b2\u8f09\u3055\u308c\u3066\u3044\u308b\u305d\u306e\u4ed6\u306e\u30dd\u30ea\u30b7\u30fc\u3084\u30ac\u30a4\u30c9\u30e9\u30a4\u30f3\uff08\u4ee5\u4e0b\u3001\u7dcf\u79f0\u3057\u3066\u300c\u672c\u5951\u7d04\u300d\uff09\u3068\u3068\u3082\u306b\u3001\u304a\u5ba2\u69d8\uff08\u307e\u305f\u306f [&hellip;]<\/p>\n","protected":false},"author":3,"featured_media":0,"parent":0,"menu_order":18,"comment_status":"closed","ping_status":"closed","template":"","meta":{"_acf_changed":false,"_searchwp_excluded":"","footnotes":"","_wp_rev_ctl_limit":""},"acf":[],"yoast_head":"<!-- This site is optimized with the Yoast SEO plugin v23.0 - https:\/\/yoast.com\/wordpress\/plugins\/seo\/ -->\n<title>\u5229\u7528\u898f\u7d04 - Copperleaf<\/title>\n<meta name=\"robots\" content=\"noindex, follow, max-snippet:-1, max-image-preview:large, max-video-preview:-1\" \/>\n<meta property=\"og:locale\" content=\"ja_JP\" \/>\n<meta property=\"og:type\" content=\"article\" \/>\n<meta property=\"og:title\" content=\"\u5229\u7528\u898f\u7d04 - Copperleaf\" \/>\n<meta property=\"og:description\" content=\"\u672c\u5229\u7528\u898f\u7d04\uff08\u4ee5\u4e0b\u3001\u300c\u5229\u7528\u898f\u7d04\u300d\uff09\u306f\u3001\u30d7\u30e9\u30a4\u30d0\u30b7\u30fc\u30dd\u30ea\u30b7\u30fc\u3001Cookie\u30dd\u30ea\u30b7\u30fc\u3001\u304a\u3088\u3073www.copperleaf.com\u306b\u63b2\u8f09\u3055\u308c\u3066\u3044\u308b\u305d\u306e\u4ed6\u306e\u30dd\u30ea\u30b7\u30fc\u3084\u30ac\u30a4\u30c9\u30e9\u30a4\u30f3\uff08\u4ee5\u4e0b\u3001\u7dcf\u79f0\u3057\u3066\u300c\u672c\u5951\u7d04\u300d\uff09\u3068\u3068\u3082\u306b\u3001\u304a\u5ba2\u69d8\uff08\u307e\u305f\u306f [&hellip;]\" \/>\n<meta property=\"og:url\" content=\"https:\/\/copperleaf-test.majortom.dev\/ja\/%e5%88%a9%e7%94%a8%e8%a6%8f%e7%b4%84\/\" \/>\n<meta property=\"og:site_name\" content=\"Copperleaf\" \/>\n<meta property=\"article:modified_time\" content=\"2023-01-27T21:25:11+00:00\" \/>\n<meta name=\"twitter:card\" content=\"summary_large_image\" \/>\n<meta name=\"twitter:label1\" content=\"\u63a8\u5b9a\u8aad\u307f\u53d6\u308a\u6642\u9593\" \/>\n\t<meta name=\"twitter:data1\" content=\"1\u5206\" \/>\n<script type=\"application\/ld+json\" class=\"yoast-schema-graph\">{\"@context\":\"https:\/\/schema.org\",\"@graph\":[{\"@type\":\"WebPage\",\"@id\":\"https:\/\/copperleaf-test.majortom.dev\/ja\/%e5%88%a9%e7%94%a8%e8%a6%8f%e7%b4%84\/\",\"url\":\"https:\/\/copperleaf-test.majortom.dev\/ja\/%e5%88%a9%e7%94%a8%e8%a6%8f%e7%b4%84\/\",\"name\":\"\u5229\u7528\u898f\u7d04 - Copperleaf\",\"isPartOf\":{\"@id\":\"https:\/\/copperleaf-test.majortom.dev\/ja\/#website\"},\"datePublished\":\"2022-04-25T16:45:57+00:00\",\"dateModified\":\"2023-01-27T21:25:11+00:00\",\"breadcrumb\":{\"@id\":\"https:\/\/copperleaf-test.majortom.dev\/ja\/%e5%88%a9%e7%94%a8%e8%a6%8f%e7%b4%84\/#breadcrumb\"},\"inLanguage\":\"ja\",\"potentialAction\":[{\"@type\":\"ReadAction\",\"target\":[\"https:\/\/copperleaf-test.majortom.dev\/ja\/%e5%88%a9%e7%94%a8%e8%a6%8f%e7%b4%84\/\"]}]},{\"@type\":\"BreadcrumbList\",\"@id\":\"https:\/\/copperleaf-test.majortom.dev\/ja\/%e5%88%a9%e7%94%a8%e8%a6%8f%e7%b4%84\/#breadcrumb\",\"itemListElement\":[{\"@type\":\"ListItem\",\"position\":1,\"name\":\"Home\",\"item\":\"https:\/\/copperleaf-test.majortom.dev\/ja\/\"},{\"@type\":\"ListItem\",\"position\":2,\"name\":\"\u5229\u7528\u898f\u7d04\"}]},{\"@type\":\"WebSite\",\"@id\":\"https:\/\/copperleaf-test.majortom.dev\/ja\/#website\",\"url\":\"https:\/\/copperleaf-test.majortom.dev\/ja\/\",\"name\":\"Copperleaf\",\"description\":\"\",\"potentialAction\":[{\"@type\":\"SearchAction\",\"target\":{\"@type\":\"EntryPoint\",\"urlTemplate\":\"https:\/\/copperleaf-test.majortom.dev\/ja\/?s={search_term_string}\"},\"query-input\":\"required name=search_term_string\"}],\"inLanguage\":\"ja\"}]}<\/script>\n<!-- \/ Yoast SEO plugin. -->","yoast_head_json":{"title":"\u5229\u7528\u898f\u7d04 - Copperleaf","robots":{"index":"noindex","follow":"follow","max-snippet":"max-snippet:-1","max-image-preview":"max-image-preview:large","max-video-preview":"max-video-preview:-1"},"og_locale":"ja_JP","og_type":"article","og_title":"\u5229\u7528\u898f\u7d04 - Copperleaf","og_description":"\u672c\u5229\u7528\u898f\u7d04\uff08\u4ee5\u4e0b\u3001\u300c\u5229\u7528\u898f\u7d04\u300d\uff09\u306f\u3001\u30d7\u30e9\u30a4\u30d0\u30b7\u30fc\u30dd\u30ea\u30b7\u30fc\u3001Cookie\u30dd\u30ea\u30b7\u30fc\u3001\u304a\u3088\u3073www.copperleaf.com\u306b\u63b2\u8f09\u3055\u308c\u3066\u3044\u308b\u305d\u306e\u4ed6\u306e\u30dd\u30ea\u30b7\u30fc\u3084\u30ac\u30a4\u30c9\u30e9\u30a4\u30f3\uff08\u4ee5\u4e0b\u3001\u7dcf\u79f0\u3057\u3066\u300c\u672c\u5951\u7d04\u300d\uff09\u3068\u3068\u3082\u306b\u3001\u304a\u5ba2\u69d8\uff08\u307e\u305f\u306f [&hellip;]","og_url":"https:\/\/copperleaf-test.majortom.dev\/ja\/%e5%88%a9%e7%94%a8%e8%a6%8f%e7%b4%84\/","og_site_name":"Copperleaf","article_modified_time":"2023-01-27T21:25:11+00:00","twitter_card":"summary_large_image","twitter_misc":{"\u63a8\u5b9a\u8aad\u307f\u53d6\u308a\u6642\u9593":"1\u5206"},"schema":{"@context":"https:\/\/schema.org","@graph":[{"@type":"WebPage","@id":"https:\/\/copperleaf-test.majortom.dev\/ja\/%e5%88%a9%e7%94%a8%e8%a6%8f%e7%b4%84\/","url":"https:\/\/copperleaf-test.majortom.dev\/ja\/%e5%88%a9%e7%94%a8%e8%a6%8f%e7%b4%84\/","name":"\u5229\u7528\u898f\u7d04 - Copperleaf","isPartOf":{"@id":"https:\/\/copperleaf-test.majortom.dev\/ja\/#website"},"datePublished":"2022-04-25T16:45:57+00:00","dateModified":"2023-01-27T21:25:11+00:00","breadcrumb":{"@id":"https:\/\/copperleaf-test.majortom.dev\/ja\/%e5%88%a9%e7%94%a8%e8%a6%8f%e7%b4%84\/#breadcrumb"},"inLanguage":"ja","potentialAction":[{"@type":"ReadAction","target":["https:\/\/copperleaf-test.majortom.dev\/ja\/%e5%88%a9%e7%94%a8%e8%a6%8f%e7%b4%84\/"]}]},{"@type":"BreadcrumbList","@id":"https:\/\/copperleaf-test.majortom.dev\/ja\/%e5%88%a9%e7%94%a8%e8%a6%8f%e7%b4%84\/#breadcrumb","itemListElement":[{"@type":"ListItem","position":1,"name":"Home","item":"https:\/\/copperleaf-test.majortom.dev\/ja\/"},{"@type":"ListItem","position":2,"name":"\u5229\u7528\u898f\u7d04"}]},{"@type":"WebSite","@id":"https:\/\/copperleaf-test.majortom.dev\/ja\/#website","url":"https:\/\/copperleaf-test.majortom.dev\/ja\/","name":"Copperleaf","description":"","potentialAction":[{"@type":"SearchAction","target":{"@type":"EntryPoint","urlTemplate":"https:\/\/copperleaf-test.majortom.dev\/ja\/?s={search_term_string}"},"query-input":"required name=search_term_string"}],"inLanguage":"ja"}]}},"_links":{"self":[{"href":"https:\/\/copperleaf-test.majortom.dev\/ja\/wp-json\/wp\/v2\/pages\/33164"}],"collection":[{"href":"https:\/\/copperleaf-test.majortom.dev\/ja\/wp-json\/wp\/v2\/pages"}],"about":[{"href":"https:\/\/copperleaf-test.majortom.dev\/ja\/wp-json\/wp\/v2\/types\/page"}],"author":[{"embeddable":true,"href":"https:\/\/copperleaf-test.majortom.dev\/ja\/wp-json\/wp\/v2\/users\/3"}],"replies":[{"embeddable":true,"href":"https:\/\/copperleaf-test.majortom.dev\/ja\/wp-json\/wp\/v2\/comments?post=33164"}],"version-history":[{"count":0,"href":"https:\/\/copperleaf-test.majortom.dev\/ja\/wp-json\/wp\/v2\/pages\/33164\/revisions"}],"wp:attachment":[{"href":"https:\/\/copperleaf-test.majortom.dev\/ja\/wp-json\/wp\/v2\/media?parent=33164"}],"curies":[{"name":"wp","href":"https:\/\/api.w.org\/{rel}","templated":true}]}}