{"id":4299,"date":"2022-04-25T09:23:01","date_gmt":"2022-04-25T16:23:01","guid":{"rendered":"https:\/\/copperleaf-test.majortom.dev\/events\/"},"modified":"2022-11-18T17:31:21","modified_gmt":"2022-11-19T01:31:21","slug":"events","status":"publish","type":"page","link":"https:\/\/copperleaf-test.majortom.dev\/fr\/events\/","title":{"rendered":"\u00c9v\u00e9nements"},"content":{"rendered":"<p>Rencontrez notre \u00e9quipe lors des \u00e9v\u00e9nements et conf\u00e9rences auxquels nous participons un peu partout dans le monde.<\/p>\n","protected":false},"excerpt":{"rendered":"<p>Rencontrez notre \u00e9quipe lors des \u00e9v\u00e9nements et conf\u00e9rences auxquels nous participons un peu partout dans le monde.<\/p>\n","protected":false},"author":3,"featured_media":0,"parent":0,"menu_order":11,"comment_status":"closed","ping_status":"closed","template":"templates\/template-events.php","meta":{"_acf_changed":false,"_searchwp_excluded":"","footnotes":"","_wp_rev_ctl_limit":""},"acf":[],"yoast_head":"<!-- This site is optimized with the Yoast SEO plugin v23.0 - https:\/\/yoast.com\/wordpress\/plugins\/seo\/ -->\n<title>\u00c9v\u00e9nements - Copperleaf<\/title>\n<meta name=\"robots\" content=\"noindex, follow, max-snippet:-1, max-image-preview:large, max-video-preview:-1\" \/>\n<meta property=\"og:locale\" content=\"fr_FR\" \/>\n<meta property=\"og:type\" content=\"article\" \/>\n<meta property=\"og:title\" content=\"\u00c9v\u00e9nements - Copperleaf\" \/>\n<meta property=\"og:description\" content=\"Rencontrez notre \u00e9quipe lors des \u00e9v\u00e9nements et conf\u00e9rences auxquels nous participons un peu partout dans le monde.\" \/>\n<meta property=\"og:url\" content=\"https:\/\/copperleaf-test.majortom.dev\/fr\/events\/\" \/>\n<meta property=\"og:site_name\" content=\"Copperleaf\" \/>\n<meta property=\"article:modified_time\" content=\"2022-11-19T01:31:21+00:00\" \/>\n<meta name=\"twitter:card\" content=\"summary_large_image\" \/>\n<meta name=\"twitter:label1\" content=\"Dur\u00e9e de lecture estim\u00e9e\" \/>\n\t<meta name=\"twitter:data1\" content=\"1 minute\" \/>\n<script type=\"application\/ld+json\" class=\"yoast-schema-graph\">{\"@context\":\"https:\/\/schema.org\",\"@graph\":[{\"@type\":\"WebPage\",\"@id\":\"https:\/\/copperleaf-test.majortom.dev\/fr\/events\/\",\"url\":\"https:\/\/copperleaf-test.majortom.dev\/fr\/events\/\",\"name\":\"\u00c9v\u00e9nements - Copperleaf\",\"isPartOf\":{\"@id\":\"https:\/\/copperleaf-test.majortom.dev\/fr\/#website\"},\"datePublished\":\"2022-04-25T16:23:01+00:00\",\"dateModified\":\"2022-11-19T01:31:21+00:00\",\"breadcrumb\":{\"@id\":\"https:\/\/copperleaf-test.majortom.dev\/fr\/events\/#breadcrumb\"},\"inLanguage\":\"fr-FR\",\"potentialAction\":[{\"@type\":\"ReadAction\",\"target\":[\"https:\/\/copperleaf-test.majortom.dev\/fr\/events\/\"]}]},{\"@type\":\"BreadcrumbList\",\"@id\":\"https:\/\/copperleaf-test.majortom.dev\/fr\/events\/#breadcrumb\",\"itemListElement\":[{\"@type\":\"ListItem\",\"position\":1,\"name\":\"Home\",\"item\":\"https:\/\/copperleaf-test.majortom.dev\/fr\/\"},{\"@type\":\"ListItem\",\"position\":2,\"name\":\"\u00c9v\u00e9nements\"}]},{\"@type\":\"WebSite\",\"@id\":\"https:\/\/copperleaf-test.majortom.dev\/fr\/#website\",\"url\":\"https:\/\/copperleaf-test.majortom.dev\/fr\/\",\"name\":\"Copperleaf\",\"description\":\"\",\"potentialAction\":[{\"@type\":\"SearchAction\",\"target\":{\"@type\":\"EntryPoint\",\"urlTemplate\":\"https:\/\/copperleaf-test.majortom.dev\/fr\/?s={search_term_string}\"},\"query-input\":\"required name=search_term_string\"}],\"inLanguage\":\"fr-FR\"}]}<\/script>\n<!-- \/ Yoast SEO plugin. -->","yoast_head_json":{"title":"\u00c9v\u00e9nements - Copperleaf","robots":{"index":"noindex","follow":"follow","max-snippet":"max-snippet:-1","max-image-preview":"max-image-preview:large","max-video-preview":"max-video-preview:-1"},"og_locale":"fr_FR","og_type":"article","og_title":"\u00c9v\u00e9nements - Copperleaf","og_description":"Rencontrez notre \u00e9quipe lors des \u00e9v\u00e9nements et conf\u00e9rences auxquels nous participons un peu partout dans le monde.","og_url":"https:\/\/copperleaf-test.majortom.dev\/fr\/events\/","og_site_name":"Copperleaf","article_modified_time":"2022-11-19T01:31:21+00:00","twitter_card":"summary_large_image","twitter_misc":{"Dur\u00e9e de lecture estim\u00e9e":"1 minute"},"schema":{"@context":"https:\/\/schema.org","@graph":[{"@type":"WebPage","@id":"https:\/\/copperleaf-test.majortom.dev\/fr\/events\/","url":"https:\/\/copperleaf-test.majortom.dev\/fr\/events\/","name":"\u00c9v\u00e9nements - Copperleaf","isPartOf":{"@id":"https:\/\/copperleaf-test.majortom.dev\/fr\/#website"},"datePublished":"2022-04-25T16:23:01+00:00","dateModified":"2022-11-19T01:31:21+00:00","breadcrumb":{"@id":"https:\/\/copperleaf-test.majortom.dev\/fr\/events\/#breadcrumb"},"inLanguage":"fr-FR","potentialAction":[{"@type":"ReadAction","target":["https:\/\/copperleaf-test.majortom.dev\/fr\/events\/"]}]},{"@type":"BreadcrumbList","@id":"https:\/\/copperleaf-test.majortom.dev\/fr\/events\/#breadcrumb","itemListElement":[{"@type":"ListItem","position":1,"name":"Home","item":"https:\/\/copperleaf-test.majortom.dev\/fr\/"},{"@type":"ListItem","position":2,"name":"\u00c9v\u00e9nements"}]},{"@type":"WebSite","@id":"https:\/\/copperleaf-test.majortom.dev\/fr\/#website","url":"https:\/\/copperleaf-test.majortom.dev\/fr\/","name":"Copperleaf","description":"","potentialAction":[{"@type":"SearchAction","target":{"@type":"EntryPoint","urlTemplate":"https:\/\/copperleaf-test.majortom.dev\/fr\/?s={search_term_string}"},"query-input":"required name=search_term_string"}],"inLanguage":"fr-FR"}]}},"_links":{"self":[{"href":"https:\/\/copperleaf-test.majortom.dev\/fr\/wp-json\/wp\/v2\/pages\/4299"}],"collection":[{"href":"https:\/\/copperleaf-test.majortom.dev\/fr\/wp-json\/wp\/v2\/pages"}],"about":[{"href":"https:\/\/copperleaf-test.majortom.dev\/fr\/wp-json\/wp\/v2\/types\/page"}],"author":[{"embeddable":true,"href":"https:\/\/copperleaf-test.majortom.dev\/fr\/wp-json\/wp\/v2\/users\/3"}],"replies":[{"embeddable":true,"href":"https:\/\/copperleaf-test.majortom.dev\/fr\/wp-json\/wp\/v2\/comments?post=4299"}],"version-history":[{"count":0,"href":"https:\/\/copperleaf-test.majortom.dev\/fr\/wp-json\/wp\/v2\/pages\/4299\/revisions"}],"wp:attachment":[{"href":"https:\/\/copperleaf-test.majortom.dev\/fr\/wp-json\/wp\/v2\/media?parent=4299"}],"curies":[{"name":"wp","href":"https:\/\/api.w.org\/{rel}","templated":true}]}}