{"id":33152,"date":"2022-06-22T09:32:54","date_gmt":"2022-06-22T16:32:54","guid":{"rendered":"https:\/\/copperleaf-test.majortom.dev\/cookie-policy\/"},"modified":"2023-01-27T11:45:16","modified_gmt":"2023-01-27T19:45:16","slug":"politique-sur-lutilisation-des-cookies","status":"publish","type":"page","link":"https:\/\/copperleaf-test.majortom.dev\/fr\/politique-sur-lutilisation-des-cookies\/","title":{"rendered":"Politique sur l\u2019utilisation des cookies"},"content":{"rendered":"\r\n<p>&nbsp;<\/p>\r\n\r\n\r\n\r\n\r\n\r\n<p>Comme la plupart des autres sites Web commerciaux, notre Site Web utilise des cookies. Il s\u2019agit de fichiers qui sont install\u00e9s sur le disque dur de votre ordinateur ou sur votre navigateur Web afin de collecter des informations telles que votre langue de pr\u00e9f\u00e9rence, votre historique de navigation ou encore le type et la version de votre navigateur, le tout dans le but d\u2019optimiser votre exp\u00e9rience sur notre Site Web. Nous utilisons des cookies pour compiler des donn\u00e9es globales sur le trafic et les interactions sur le site afin d\u2019optimiser les exp\u00e9riences et les outils que nous offrons \u00e0 nos utilisateurs. Nous sommes \u00e9galement susceptibles de recourir \u00e0 des tiers de confiance pour suivre ces informations en notre nom. Ces cookies ne peuvent pas \u00eatre utilis\u00e9s pour l\u2019extraction d\u2019informations personnelles. Vous pouvez param\u00e9trer votre ordinateur de mani\u00e8re \u00e0 \u00eatre alert\u00e9 \u00e0 chaque envoi d\u2019un cookie, ou vous pouvez choisir de d\u00e9sactiver tous les cookies. La d\u00e9sactivation des cookies sur votre navigateur peut nuire \u00e0 votre exp\u00e9rience de navigation sur le Site Web. Cette description inclut Google Analytics, qui collecte des donn\u00e9es de localisation approximatives (adresse IP) et des donn\u00e9es de trafic anonymes, par exemple des informations sur le navigateur, la navigation sur le site et la langue. Pour plus d\u2019informations, veuillez consulter la page <a href=\"https:\/\/support.google.com\/analytics\/answer\/6004245?hl=en\">Confidentialit\u00e9 et partage des donn\u00e9es dans Google Analytics<\/a>. Ces informations sont utilis\u00e9es pour am\u00e9liorer l\u2019exp\u00e9rience des utilisateurs sur le site Web, analyser l\u2019efficacit\u00e9 de nos communications et \u00e9tablir le profil des visiteurs du site afin de fournir le contenu le plus pertinent.<\/p>\r\n\r\n<!-- OneTrust Cookies List start -->\r\n<div id=\"ot-sdk-cookie-policy\">\u00a0<\/div>\r\n<!-- OneTrust Cookies List end -->","protected":false},"excerpt":{"rendered":"<p>&nbsp; Comme la plupart des autres sites Web commerciaux, notre Site Web utilise des cookies. Il s\u2019agit de fichiers qui sont install\u00e9s sur le disque dur de votre ordinateur ou sur votre navigateur Web afin de collecter des informations telles que votre langue de pr\u00e9f\u00e9rence, votre historique de navigation ou encore le type et la [&hellip;]<\/p>\n","protected":false},"author":10,"featured_media":0,"parent":0,"menu_order":21,"comment_status":"closed","ping_status":"closed","template":"","meta":{"_acf_changed":false,"_searchwp_excluded":"","footnotes":"","_wp_rev_ctl_limit":""},"acf":[],"yoast_head":"<!-- This site is optimized with the Yoast SEO plugin v23.0 - https:\/\/yoast.com\/wordpress\/plugins\/seo\/ -->\n<title>Politique sur l\u2019utilisation des cookies - Copperleaf<\/title>\n<meta name=\"robots\" content=\"noindex, follow, max-snippet:-1, max-image-preview:large, max-video-preview:-1\" \/>\n<meta property=\"og:locale\" content=\"fr_FR\" \/>\n<meta property=\"og:type\" content=\"article\" \/>\n<meta property=\"og:title\" content=\"Politique sur l\u2019utilisation des cookies - Copperleaf\" \/>\n<meta property=\"og:description\" content=\"&nbsp; Comme la plupart des autres sites Web commerciaux, notre Site Web utilise des cookies. Il s\u2019agit de fichiers qui sont install\u00e9s sur le disque dur de votre ordinateur ou sur votre navigateur Web afin de collecter des informations telles que votre langue de pr\u00e9f\u00e9rence, votre historique de navigation ou encore le type et la [&hellip;]\" \/>\n<meta property=\"og:url\" content=\"https:\/\/copperleaf-test.majortom.dev\/fr\/politique-sur-lutilisation-des-cookies\/\" \/>\n<meta property=\"og:site_name\" content=\"Copperleaf\" \/>\n<meta property=\"article:modified_time\" content=\"2023-01-27T19:45:16+00:00\" \/>\n<meta name=\"twitter:card\" content=\"summary_large_image\" \/>\n<meta name=\"twitter:label1\" content=\"Dur\u00e9e de lecture estim\u00e9e\" \/>\n\t<meta name=\"twitter:data1\" content=\"1 minute\" \/>\n<script type=\"application\/ld+json\" class=\"yoast-schema-graph\">{\"@context\":\"https:\/\/schema.org\",\"@graph\":[{\"@type\":\"WebPage\",\"@id\":\"https:\/\/copperleaf-test.majortom.dev\/fr\/politique-sur-lutilisation-des-cookies\/\",\"url\":\"https:\/\/copperleaf-test.majortom.dev\/fr\/politique-sur-lutilisation-des-cookies\/\",\"name\":\"Politique sur l\u2019utilisation des cookies - Copperleaf\",\"isPartOf\":{\"@id\":\"https:\/\/copperleaf-test.majortom.dev\/fr\/#website\"},\"datePublished\":\"2022-06-22T16:32:54+00:00\",\"dateModified\":\"2023-01-27T19:45:16+00:00\",\"breadcrumb\":{\"@id\":\"https:\/\/copperleaf-test.majortom.dev\/fr\/politique-sur-lutilisation-des-cookies\/#breadcrumb\"},\"inLanguage\":\"fr-FR\",\"potentialAction\":[{\"@type\":\"ReadAction\",\"target\":[\"https:\/\/copperleaf-test.majortom.dev\/fr\/politique-sur-lutilisation-des-cookies\/\"]}]},{\"@type\":\"BreadcrumbList\",\"@id\":\"https:\/\/copperleaf-test.majortom.dev\/fr\/politique-sur-lutilisation-des-cookies\/#breadcrumb\",\"itemListElement\":[{\"@type\":\"ListItem\",\"position\":1,\"name\":\"Home\",\"item\":\"https:\/\/copperleaf-test.majortom.dev\/fr\/\"},{\"@type\":\"ListItem\",\"position\":2,\"name\":\"Politique sur l\u2019utilisation des cookies\"}]},{\"@type\":\"WebSite\",\"@id\":\"https:\/\/copperleaf-test.majortom.dev\/fr\/#website\",\"url\":\"https:\/\/copperleaf-test.majortom.dev\/fr\/\",\"name\":\"Copperleaf\",\"description\":\"\",\"potentialAction\":[{\"@type\":\"SearchAction\",\"target\":{\"@type\":\"EntryPoint\",\"urlTemplate\":\"https:\/\/copperleaf-test.majortom.dev\/fr\/?s={search_term_string}\"},\"query-input\":\"required name=search_term_string\"}],\"inLanguage\":\"fr-FR\"}]}<\/script>\n<!-- \/ Yoast SEO plugin. -->","yoast_head_json":{"title":"Politique sur l\u2019utilisation des cookies - Copperleaf","robots":{"index":"noindex","follow":"follow","max-snippet":"max-snippet:-1","max-image-preview":"max-image-preview:large","max-video-preview":"max-video-preview:-1"},"og_locale":"fr_FR","og_type":"article","og_title":"Politique sur l\u2019utilisation des cookies - Copperleaf","og_description":"&nbsp; Comme la plupart des autres sites Web commerciaux, notre Site Web utilise des cookies. Il s\u2019agit de fichiers qui sont install\u00e9s sur le disque dur de votre ordinateur ou sur votre navigateur Web afin de collecter des informations telles que votre langue de pr\u00e9f\u00e9rence, votre historique de navigation ou encore le type et la [&hellip;]","og_url":"https:\/\/copperleaf-test.majortom.dev\/fr\/politique-sur-lutilisation-des-cookies\/","og_site_name":"Copperleaf","article_modified_time":"2023-01-27T19:45:16+00:00","twitter_card":"summary_large_image","twitter_misc":{"Dur\u00e9e de lecture estim\u00e9e":"1 minute"},"schema":{"@context":"https:\/\/schema.org","@graph":[{"@type":"WebPage","@id":"https:\/\/copperleaf-test.majortom.dev\/fr\/politique-sur-lutilisation-des-cookies\/","url":"https:\/\/copperleaf-test.majortom.dev\/fr\/politique-sur-lutilisation-des-cookies\/","name":"Politique sur l\u2019utilisation des cookies - Copperleaf","isPartOf":{"@id":"https:\/\/copperleaf-test.majortom.dev\/fr\/#website"},"datePublished":"2022-06-22T16:32:54+00:00","dateModified":"2023-01-27T19:45:16+00:00","breadcrumb":{"@id":"https:\/\/copperleaf-test.majortom.dev\/fr\/politique-sur-lutilisation-des-cookies\/#breadcrumb"},"inLanguage":"fr-FR","potentialAction":[{"@type":"ReadAction","target":["https:\/\/copperleaf-test.majortom.dev\/fr\/politique-sur-lutilisation-des-cookies\/"]}]},{"@type":"BreadcrumbList","@id":"https:\/\/copperleaf-test.majortom.dev\/fr\/politique-sur-lutilisation-des-cookies\/#breadcrumb","itemListElement":[{"@type":"ListItem","position":1,"name":"Home","item":"https:\/\/copperleaf-test.majortom.dev\/fr\/"},{"@type":"ListItem","position":2,"name":"Politique sur l\u2019utilisation des cookies"}]},{"@type":"WebSite","@id":"https:\/\/copperleaf-test.majortom.dev\/fr\/#website","url":"https:\/\/copperleaf-test.majortom.dev\/fr\/","name":"Copperleaf","description":"","potentialAction":[{"@type":"SearchAction","target":{"@type":"EntryPoint","urlTemplate":"https:\/\/copperleaf-test.majortom.dev\/fr\/?s={search_term_string}"},"query-input":"required name=search_term_string"}],"inLanguage":"fr-FR"}]}},"_links":{"self":[{"href":"https:\/\/copperleaf-test.majortom.dev\/fr\/wp-json\/wp\/v2\/pages\/33152"}],"collection":[{"href":"https:\/\/copperleaf-test.majortom.dev\/fr\/wp-json\/wp\/v2\/pages"}],"about":[{"href":"https:\/\/copperleaf-test.majortom.dev\/fr\/wp-json\/wp\/v2\/types\/page"}],"author":[{"embeddable":true,"href":"https:\/\/copperleaf-test.majortom.dev\/fr\/wp-json\/wp\/v2\/users\/10"}],"replies":[{"embeddable":true,"href":"https:\/\/copperleaf-test.majortom.dev\/fr\/wp-json\/wp\/v2\/comments?post=33152"}],"version-history":[{"count":0,"href":"https:\/\/copperleaf-test.majortom.dev\/fr\/wp-json\/wp\/v2\/pages\/33152\/revisions"}],"wp:attachment":[{"href":"https:\/\/copperleaf-test.majortom.dev\/fr\/wp-json\/wp\/v2\/media?parent=33152"}],"curies":[{"name":"wp","href":"https:\/\/api.w.org\/{rel}","templated":true}]}}