{"id":33166,"date":"2022-04-25T09:45:57","date_gmt":"2022-04-25T16:45:57","guid":{"rendered":"https:\/\/copperleaf-test.majortom.dev\/terms-of-use\/"},"modified":"2023-01-27T13:28:28","modified_gmt":"2023-01-27T21:28:28","slug":"condiciones-de-uso","status":"publish","type":"page","link":"https:\/\/copperleaf-test.majortom.dev\/es\/condiciones-de-uso\/","title":{"rendered":"Condiciones de uso"},"content":{"rendered":"\r\n<p>Estas condiciones de uso (las \u201c<strong>condiciones de uso<\/strong>\u201d), junto con las pol\u00edticas de privacidad, las pol\u00edticas de cookies y otras pol\u00edticas o pautas publicadas en\u00a0<a href=\"https:\/\/copperleaf-test.majortom.dev\/\">www.copperleaf.com<\/a>\u00a0(en conjunto, el \u201c<strong>acuerdo<\/strong>\u201d) es un contrato legal entre usted (o su organizaci\u00f3n) (\u201c<strong>usted<\/strong>\u201d) y Copperleaf Technologies Inc. (\u201c<strong>Copperleaf<\/strong>\u201d, \u201c<strong>nosotros<\/strong>\u201d o \u201c<strong>nuestro\/s<\/strong>\u201d) con respecto a las condiciones asociadas con su acceso y uso del sitio web\u00a0<a href=\"https:\/\/copperleaf-test.majortom.dev\/\">www.copperleaf.com<\/a>\u00a0(el \u201c<strong>sitio web<\/strong>\u201d). LEA CON ATENCI\u00d3N, YA QUE ESTAS CONDICIONES DE USO INCLUYEN LIMITACIONES DE RESPONSABILIDAD, AS\u00cd COMO EXCLUSIONES DE GARANT\u00cdAS Y OTROS T\u00c9RMINOS QUE AFECTAN SUS DERECHOS LEGALES. SI NO ACEPTA ESTAS CONDICIONES DE USO, O SI CARECE DE LA CAPACIDAD O LA AUTORIDAD PARA ACEPTARLAS, NO VISITE NUESTRO SITIO WEB.<\/p>\r\n<h3><strong>1. Alcance de las condiciones de uso<\/strong><\/h3>\r\n<p>Estas condiciones de uso no aplican a sitios web de terceros, incluso si hacemos referencia a ellos o lo hace nuestro sitio web, o si all\u00ed se incluye un enlace a esos sitios web. No podemos ser responsables por el contenido de sitios web de terceros, sus condiciones de uso ni ning\u00fan problema que surja del acceso y uso de sitios web de terceros.<\/p>\r\n<h3><strong>2. Enmiendas a las condiciones de uso<\/strong><\/h3>\r\n<p>Es posible que modifiquemos cualquier parte de estas condiciones de uso agregando, eliminando o variando su contenido y\/o alcance. Estas enmiendas se podr\u00e1n realizar de tanto en tanto a nuestra entera discreci\u00f3n. Las enmiendas a estas condiciones de uso se realizar\u00e1n al actualizar la p\u00e1gina web de nuestro sitio web que muestra estas condiciones de uso y al actualizar el n\u00famero de versi\u00f3n en el inicio de estas condiciones de uso. Si est\u00e1 en desacuerdo con una enmienda a estas condiciones de uso, o si carece de la capacidad o la autoridad para aceptarlas, debe dejar de visitar nuestro sitio web.<\/p>\r\n<h3><strong>3. Actividades autorizadas<\/strong><\/h3>\r\n<p>Sujeto al cumplimiento de estas condiciones de uso, y durante el tiempo que este sitio web est\u00e9 disponible, le otorgamos un derecho limitado para acceder a este sitio web. Este derecho adquiere la forma de licencia personal, revocable, no exclusiva, intransferible y no trasladable a terceros, que autoriza la reproducci\u00f3n limitada y temporal del sitio web solo en la medida que sea necesario para las actividades de navegaci\u00f3n normales. A efectos aclaratorios, lo precedente no incluye ning\u00fan derecho para acceder directamente al software, las bases de datos, los algoritmos o los datos que contiene el sitio web, ni ning\u00fan derecho para obtener una copia del c\u00f3digo fuente o la arquitectura del mismo. Esta licencia tambi\u00e9n lo autoriza a visualizar en su computadora, imprimir, descargar y usar el contenido disponible para usted en nuestro sitio web,\u00a0<u>solo<\/u>\u00a0para fines no comerciales, personales y\/o educativos, siempre que no modifique el contenido y que incluya en cada copia de dicho contenido el aviso asociado de derechos de autor y esta licencia limitada.<\/p>\r\n<h3><strong>4. Actividades no autorizadas<\/strong><\/h3>\r\n<p>Usted no debe (a) descompilar, desensamblar, utilizar t\u00e9cnicas de ingenier\u00eda inversa, investigar ni de otro modo acceder a ninguna parte que no sea de la IU de nuestro sitio web; (b) eludir ninguna limitaci\u00f3n sobre el acceso y\/o uso del sitio web; (c) usar ni mostrar el sitio web de tal manera que permita la derivaci\u00f3n de informaci\u00f3n sobre este, cuya disponibilidad no haya sido prevista para usuarios del sitio web; (d) evadir ninguna caracter\u00edstica de seguridad o medida de protecci\u00f3n tecnol\u00f3gica incorporadas en el sitio web; (e) automatizar el acceso a nuestro sitio web; (f) involucrarse en cualquier comportamiento que se haya prohibido espec\u00edficamente en una comunicaci\u00f3n nuestra recibida por usted; (g) realizar ning\u00fan uso comercial del contenido de nuestro sitio web, incluir dicho contenido con ning\u00fan producto que cree o distribuya, ni copiar dicho contenido en ning\u00fan otro sitio web. Adem\u00e1s, no puede reproducir de forma permanente nuestro sitio web ni ninguna parte de este, ni distribuir o explotar nuestro sitio web ni ninguna parte de su contenido de ninguna manera. A efectos aclaratorios, ninguna disposici\u00f3n en estas condiciones de uso le proporciona alg\u00fan inter\u00e9s de propiedad en la propiedad intelectual representada en el sitio web o su contenido. Usted reconoce que la propiedad intelectual del sitio web y su contenido, incluidos, entre otros, nuestras marcas comerciales, logotipos y derechos de autor, pertenecen a nosotros y\/o nuestros licenciantes (seg\u00fan el caso) y que usted no ser\u00e1 propietario de estos.<\/p>\r\n<h3><strong>5. Indemnizaci\u00f3n<\/strong><\/h3>\r\n<p>Usted acepta defender, indemnizar y eximir de responsabilidad a nosotros y nuestros funcionarios, directores, afiliados, empleados y agentes con respecto a cualquier reclamo, responsabilidad, da\u00f1os, p\u00e9rdidas y gastos, lo que incluye, entre otros, honorarios de servicios contables y legales razonables que surjan de su acceso o uso de nuestro sitio web, o que est\u00e9n conectados con ellos de alguna manera.<\/p>\r\n<h3><strong>6. Exenci\u00f3n de garant\u00edas y limitaci\u00f3n de responsabilidad<\/strong><\/h3>\r\n<p>POR MEDIO DEL PRESENTE SE EXCLUYEN TODAS LAS REPRESENTACIONES, CONDICIONES Y GARANT\u00cdAS RELACIONADAS CON NUESTRO SITIO WEB Y SU CONTENIDO, YA SEA EXPRESA O IMPL\u00cdCITAMENTE, INCLUIDA CUALQUIER CONDICI\u00d3N O GARANT\u00cdA DE COMERCIABILIDAD O APTITUD PARA UN FIN PARTICULAR. NO PROPORCIONAMOS NINGUNA REPRESENTACI\u00d3N, CONDICI\u00d3N NI GARANT\u00cdA CON RESPECTO A LA INFORMACI\u00d3N CONTENIDA EN NUESTRO SITIO WEB, INCLUIDA CUALQUIER GARANT\u00cdA RELACIONADA CON SU PRECISI\u00d3N O CONFIABILIDAD. EN VIRTUD DEL PRESENTE, USTED RENUNCIA A CUALQUIER DERECHO DE AMPARO SOBRE LA INFORMACI\u00d3N QUE APARECE EN EL SITIO WEB. NUESTRO SITIO WEB PODR\u00c1 NO ESTAR DISPONIBLE POR DIVERSOS MOTIVOS, LO QUE INCLUYE, ENTRE OTROS, TAREAS DE MANTENIMIENTO QUE HAYAMOS PROGRAMADO O NO. EXCEPTO EN CASO DE ACCI\u00d3N INDEBIDA INTENCIONAL O NEGLIGENCIA GRAVE, NO SEREMOS RESPONSABLES DE NING\u00daN DA\u00d1O CAUSADO O RELACIONADO CON NUESTRO SITIO WEB, LA INFORMACI\u00d3N QUE ALL\u00cd APARECE, NUESTRAS ACCIONES O INACCIONES, O ESTAS CONDICIONES DE USO (INCLUIDO EL INCUMPLIMIENTO DE ESTAS CONDICIONES DE USO). ESTA LIMITACI\u00d3N DE RESPONSABILIDAD SE APLICAR\u00c1 A TODOS LOS DA\u00d1OS, CUALQUIERA FUERE SU CAUSA, YA SEA EN CONTRATOS, ACTOS IL\u00cdCITOS CIVILES (INCLUIDA LA NEGLIGENCIA), LA PROPIEDAD, LA PRIVACIDAD, ESTATUTOS U OTROS. SIN LIMITACI\u00d3N DE LA GENERALIDAD DE LO INDICADO PRECEDENTEMENTE, NO SEREMOS RESPONSABLES POR NINGUNA P\u00c9RDIDA DE DATOS, P\u00c9RDIDA DE INGRESOS, P\u00c9RDIDA DE GANANCIAS, P\u00c9RDIDA DE OPORTUNIDADES COMERCIALES, P\u00c9RDIDA DE TIEMPO, HONORARIOS LEGALES NI COSTAS JUDICIALES.<\/p>\r\n<h3><strong>7. General<\/strong><\/h3>\r\n<p><strong>a) Jurisdicci\u00f3n y legislaci\u00f3n aplicable<\/strong><\/p>\r\n<p>Estas condiciones de uso se rigen e interpretan exclusivamente por las leyes de la Provincia de Columbia Brit\u00e1nica (Canad\u00e1) y las leyes federales de Canad\u00e1 que all\u00ed se aplican. Las partes del presente reconocen y se someten irrevocablemente a la jurisdicci\u00f3n de los Tribunales del distrito de Vancouver, Provincia de Columbia Brit\u00e1nica.<\/p>\r\n<p><strong>b) Asignaci\u00f3n<\/strong><\/p>\r\n<p>Usted no podr\u00e1 asignar ninguno de sus derechos que surjan conforme a estas condiciones de uso sin nuestro consentimiento por escrito.<\/p>\r\n<p><strong>c) Estado de las partes<\/strong><\/p>\r\n<p>Estas condiciones de uso no crean ninguna relaci\u00f3n de empleo, sociedad, agencia o negocio con participaci\u00f3n de fideicomitente, ni crean ninguna obligaci\u00f3n fiduciaria.<\/p>\r\n<p><strong>d) Divisibilidad<\/strong><\/p>\r\n<p>En el caso de que cualquiera de las partes de estas condiciones de uso se considere indefinida, no v\u00e1lida o de otro modo nula o inaplicable, las otras partes de estas condiciones de uso no se desestimar\u00e1n debido a ello, y el resto de las condiciones de uso continuar\u00e1 vigente y en efecto.<\/p>\r\n<p><strong>e) Idioma<\/strong><\/p>\r\n<p>Por el presente, hemos acordado que estas condiciones de uso y todos los documentos relacionados se redactar\u00e1n en el idioma ingl\u00e9s.\u00a0<em>Les parties aux pr\u00e9sentes reconnaissent avoir convenu que la pr\u00e9sente entente et les documents connexes soient r\u00e9dig\u00e9s en langue anglaise.<\/em><\/p>\r\n<p><strong>f) Privacidad<\/strong><\/p>\r\n<p>Para obtener m\u00e1s informaci\u00f3n sobre la manera en la que recopilamos, usamos y divulgamos informaci\u00f3n personal, lea nuestra\u00a0<a href=\"https:\/\/copperleaf-test.majortom.dev\/privacy\/\">pol\u00edtica de privacidad<\/a>.<\/p>\r\n<p><strong>g) Contacto<\/strong><\/p>\r\n<p>Si tiene alguna inquietud, pregunta o reclamo con respecto a estas condiciones de uso, cont\u00e1ctese con nosotros por los siguientes medios:<\/p>\r\n<p>Copperleaf Technologies<br \/>2920 Virtual Way, Suite 140<br \/>Vancouver, BC V5M 0C4<br \/>Canad\u00e1<\/p>\r\n<p><a href=\"mailto:privacy@copperleaf.com\">privacy@copperleaf.com<\/a><\/p>","protected":false},"excerpt":{"rendered":"<p>Estas condiciones de uso (las \u201ccondiciones de uso\u201d), junto con las pol\u00edticas de privacidad, las pol\u00edticas de cookies y otras pol\u00edticas o pautas publicadas en\u00a0www.copperleaf.com\u00a0(en conjunto, el \u201cacuerdo\u201d) es un contrato legal entre usted (o su organizaci\u00f3n) (\u201custed\u201d) y Copperleaf Technologies Inc. (\u201cCopperleaf\u201d, \u201cnosotros\u201d o \u201cnuestro\/s\u201d) con respecto a las condiciones asociadas con su acceso [&hellip;]<\/p>\n","protected":false},"author":3,"featured_media":0,"parent":0,"menu_order":18,"comment_status":"closed","ping_status":"closed","template":"","meta":{"_acf_changed":false,"_searchwp_excluded":"","footnotes":"","_wp_rev_ctl_limit":""},"acf":[],"yoast_head":"<!-- This site is optimized with the Yoast SEO plugin v23.0 - https:\/\/yoast.com\/wordpress\/plugins\/seo\/ -->\n<title>Condiciones de uso - Copperleaf<\/title>\n<meta name=\"robots\" content=\"noindex, follow, max-snippet:-1, max-image-preview:large, max-video-preview:-1\" \/>\n<meta property=\"og:locale\" content=\"es_ES\" \/>\n<meta property=\"og:type\" content=\"article\" \/>\n<meta property=\"og:title\" content=\"Condiciones de uso - Copperleaf\" \/>\n<meta property=\"og:description\" content=\"Estas condiciones de uso (las \u201ccondiciones de uso\u201d), junto con las pol\u00edticas de privacidad, las pol\u00edticas de cookies y otras pol\u00edticas o pautas publicadas en\u00a0www.copperleaf.com\u00a0(en conjunto, el \u201cacuerdo\u201d) es un contrato legal entre usted (o su organizaci\u00f3n) (\u201custed\u201d) y Copperleaf Technologies Inc. (\u201cCopperleaf\u201d, \u201cnosotros\u201d o \u201cnuestro\/s\u201d) con respecto a las condiciones asociadas con su acceso [&hellip;]\" \/>\n<meta property=\"og:url\" content=\"https:\/\/copperleaf-test.majortom.dev\/es\/condiciones-de-uso\/\" \/>\n<meta property=\"og:site_name\" content=\"Copperleaf\" \/>\n<meta property=\"article:modified_time\" content=\"2023-01-27T21:28:28+00:00\" \/>\n<meta name=\"twitter:card\" content=\"summary_large_image\" \/>\n<meta name=\"twitter:label1\" content=\"Tiempo de lectura\" \/>\n\t<meta name=\"twitter:data1\" content=\"6 minutos\" \/>\n<script type=\"application\/ld+json\" class=\"yoast-schema-graph\">{\"@context\":\"https:\/\/schema.org\",\"@graph\":[{\"@type\":\"WebPage\",\"@id\":\"https:\/\/copperleaf-test.majortom.dev\/es\/condiciones-de-uso\/\",\"url\":\"https:\/\/copperleaf-test.majortom.dev\/es\/condiciones-de-uso\/\",\"name\":\"Condiciones de uso - Copperleaf\",\"isPartOf\":{\"@id\":\"https:\/\/copperleaf-test.majortom.dev\/es\/#website\"},\"datePublished\":\"2022-04-25T16:45:57+00:00\",\"dateModified\":\"2023-01-27T21:28:28+00:00\",\"breadcrumb\":{\"@id\":\"https:\/\/copperleaf-test.majortom.dev\/es\/condiciones-de-uso\/#breadcrumb\"},\"inLanguage\":\"es\",\"potentialAction\":[{\"@type\":\"ReadAction\",\"target\":[\"https:\/\/copperleaf-test.majortom.dev\/es\/condiciones-de-uso\/\"]}]},{\"@type\":\"BreadcrumbList\",\"@id\":\"https:\/\/copperleaf-test.majortom.dev\/es\/condiciones-de-uso\/#breadcrumb\",\"itemListElement\":[{\"@type\":\"ListItem\",\"position\":1,\"name\":\"Home\",\"item\":\"https:\/\/copperleaf-test.majortom.dev\/es\/\"},{\"@type\":\"ListItem\",\"position\":2,\"name\":\"Condiciones de uso\"}]},{\"@type\":\"WebSite\",\"@id\":\"https:\/\/copperleaf-test.majortom.dev\/es\/#website\",\"url\":\"https:\/\/copperleaf-test.majortom.dev\/es\/\",\"name\":\"Copperleaf\",\"description\":\"\",\"potentialAction\":[{\"@type\":\"SearchAction\",\"target\":{\"@type\":\"EntryPoint\",\"urlTemplate\":\"https:\/\/copperleaf-test.majortom.dev\/es\/?s={search_term_string}\"},\"query-input\":\"required name=search_term_string\"}],\"inLanguage\":\"es\"}]}<\/script>\n<!-- \/ Yoast SEO plugin. -->","yoast_head_json":{"title":"Condiciones de uso - Copperleaf","robots":{"index":"noindex","follow":"follow","max-snippet":"max-snippet:-1","max-image-preview":"max-image-preview:large","max-video-preview":"max-video-preview:-1"},"og_locale":"es_ES","og_type":"article","og_title":"Condiciones de uso - Copperleaf","og_description":"Estas condiciones de uso (las \u201ccondiciones de uso\u201d), junto con las pol\u00edticas de privacidad, las pol\u00edticas de cookies y otras pol\u00edticas o pautas publicadas en\u00a0www.copperleaf.com\u00a0(en conjunto, el \u201cacuerdo\u201d) es un contrato legal entre usted (o su organizaci\u00f3n) (\u201custed\u201d) y Copperleaf Technologies Inc. (\u201cCopperleaf\u201d, \u201cnosotros\u201d o \u201cnuestro\/s\u201d) con respecto a las condiciones asociadas con su acceso [&hellip;]","og_url":"https:\/\/copperleaf-test.majortom.dev\/es\/condiciones-de-uso\/","og_site_name":"Copperleaf","article_modified_time":"2023-01-27T21:28:28+00:00","twitter_card":"summary_large_image","twitter_misc":{"Tiempo de lectura":"6 minutos"},"schema":{"@context":"https:\/\/schema.org","@graph":[{"@type":"WebPage","@id":"https:\/\/copperleaf-test.majortom.dev\/es\/condiciones-de-uso\/","url":"https:\/\/copperleaf-test.majortom.dev\/es\/condiciones-de-uso\/","name":"Condiciones de uso - Copperleaf","isPartOf":{"@id":"https:\/\/copperleaf-test.majortom.dev\/es\/#website"},"datePublished":"2022-04-25T16:45:57+00:00","dateModified":"2023-01-27T21:28:28+00:00","breadcrumb":{"@id":"https:\/\/copperleaf-test.majortom.dev\/es\/condiciones-de-uso\/#breadcrumb"},"inLanguage":"es","potentialAction":[{"@type":"ReadAction","target":["https:\/\/copperleaf-test.majortom.dev\/es\/condiciones-de-uso\/"]}]},{"@type":"BreadcrumbList","@id":"https:\/\/copperleaf-test.majortom.dev\/es\/condiciones-de-uso\/#breadcrumb","itemListElement":[{"@type":"ListItem","position":1,"name":"Home","item":"https:\/\/copperleaf-test.majortom.dev\/es\/"},{"@type":"ListItem","position":2,"name":"Condiciones de uso"}]},{"@type":"WebSite","@id":"https:\/\/copperleaf-test.majortom.dev\/es\/#website","url":"https:\/\/copperleaf-test.majortom.dev\/es\/","name":"Copperleaf","description":"","potentialAction":[{"@type":"SearchAction","target":{"@type":"EntryPoint","urlTemplate":"https:\/\/copperleaf-test.majortom.dev\/es\/?s={search_term_string}"},"query-input":"required name=search_term_string"}],"inLanguage":"es"}]}},"_links":{"self":[{"href":"https:\/\/copperleaf-test.majortom.dev\/es\/wp-json\/wp\/v2\/pages\/33166"}],"collection":[{"href":"https:\/\/copperleaf-test.majortom.dev\/es\/wp-json\/wp\/v2\/pages"}],"about":[{"href":"https:\/\/copperleaf-test.majortom.dev\/es\/wp-json\/wp\/v2\/types\/page"}],"author":[{"embeddable":true,"href":"https:\/\/copperleaf-test.majortom.dev\/es\/wp-json\/wp\/v2\/users\/3"}],"replies":[{"embeddable":true,"href":"https:\/\/copperleaf-test.majortom.dev\/es\/wp-json\/wp\/v2\/comments?post=33166"}],"version-history":[{"count":0,"href":"https:\/\/copperleaf-test.majortom.dev\/es\/wp-json\/wp\/v2\/pages\/33166\/revisions"}],"wp:attachment":[{"href":"https:\/\/copperleaf-test.majortom.dev\/es\/wp-json\/wp\/v2\/media?parent=33166"}],"curies":[{"name":"wp","href":"https:\/\/api.w.org\/{rel}","templated":true}]}}