{"id":33161,"date":"2022-04-05T18:34:09","date_gmt":"2022-04-06T01:34:09","guid":{"rendered":"https:\/\/copperleaf-test.majortom.dev\/privacy\/"},"modified":"2023-01-27T11:49:33","modified_gmt":"2023-01-27T19:49:33","slug":"privacidad","status":"publish","type":"page","link":"https:\/\/copperleaf-test.majortom.dev\/es\/privacidad\/","title":{"rendered":"Privacidad"},"content":{"rendered":"\r\n<p>&nbsp;<\/p>\r\n\r\n\r\n\r\n\r\n\r\n\r\n\r\n<p>Gracias por su inter\u00e9s en Copperleaf Technologies Inc. (\u201c<strong>Copperleaf<\/strong>\u201d). Esta pol\u00edtica de privacidad (\u201c<strong>pol\u00edtica<\/strong>\u201d) describe c\u00f3mo recopilamos, usamos y divulgamos su informaci\u00f3n personal, y c\u00f3mo esta informaci\u00f3n personal puede consultarse y corregirse cuando sea necesario.<\/p>\r\n<p>Cuando visita\u00a0<a href=\"https:\/\/copperleaf-test.majortom.dev\/\">www.copperleaf.com<\/a>\u00a0(el \u201c<strong>sitio web<\/strong>\u201d), se contacta con nosotros o acepta recibir correos electr\u00f3nicos de Copperleaf<sup>\u00ae<\/sup> y acepta los t\u00e9rminos y las condiciones de esta pol\u00edtica. Esta pol\u00edtica no se extiende a sitios web operados por terceros. Por lo tanto, Copperleaf no es responsable de sus pol\u00edticas de privacidad, procedimientos y pr\u00e1cticas.<\/p>\r\n<h3><strong style=\"background-color: initial;\">1. Recopilaci\u00f3n de informaci\u00f3n<\/strong><\/h3>\r\n<p>Informaci\u00f3n personal significa cualquier informaci\u00f3n relacionada con una persona natural identificada o identificable. Recopilamos su informaci\u00f3n personal de varias maneras, lo que incluye cuando ingresa informaci\u00f3n en nuestro sitio web, nos contacta telef\u00f3nicamente o por correo electr\u00f3nico, publica en nuestras cuentas de redes sociales, se asocia con proveedores de datos, etc. Seg\u00fan las circunstancias, la informaci\u00f3n personal podr\u00eda incluir su nombre, direcci\u00f3n de correo electr\u00f3nico, n\u00famero telef\u00f3nico, y pa\u00eds o estado\/provincia. Navegar en nuestro sitio web no requiere ning\u00fan tipo de registro; sin embargo, algunos servicios podr\u00edan requerir que nos proporcione informaci\u00f3n personal. En estas situaciones, si elige retener alguna informaci\u00f3n personal que le hayamos solicitado, es posible que no pueda obtener acceso a determinadas partes del sitio web y que nosotros no podamos responder su consulta.<\/p>\r\n<p>Es posible que utilicemos an\u00e1lisis de correo electr\u00f3nico, que podr\u00eda incluir el seguimiento de respuestas, aperturas y otras interacciones por correo electr\u00f3nico. Tambi\u00e9n recopilamos datos relacionados con su visita a nuestro sitio web. Esta informaci\u00f3n podr\u00eda incluir su direcci\u00f3n IP, la fecha, la hora y la duraci\u00f3n de sus visitas, as\u00ed como las p\u00e1ginas web que consult\u00f3. Nuestro sitio web, como la mayor\u00eda de los sitios web, utiliza cookies. Para obtener una descripci\u00f3n detallada de las cookies que usamos, consulte la\u00a0<a href=\"https:\/\/copperleaf-test.majortom.dev\/cookie-policy\/\">pol\u00edtica de cookies<\/a>.<\/p>\r\n<p>El fundamento legal de nuestro procesamiento de informaci\u00f3n personal es principalmente que el procesamiento es necesario para ofrecer el sitio web y que el procesamiento se realiza seg\u00fan nuestros intereses leg\u00edtimos, que se explican en mayor detalle en la secci\u00f3n \u201cUso y comunicaci\u00f3n de informaci\u00f3n\u201d. Tambi\u00e9n podr\u00edamos procesar informaci\u00f3n personal con su consentimiento, solicit\u00e1ndola seg\u00fan corresponda.<\/p>\r\n<h3><strong style=\"background-color: initial;\">2. Uso y comunicaci\u00f3n de informaci\u00f3n<\/strong><\/h3>\r\n<p>Tomamos medidas dise\u00f1adas para garantizar que solo tengan acceso a su informaci\u00f3n personal aquellos empleadores que lo requieran para cumplir con sus obligaciones laborales. Usamos y divulgamos su informaci\u00f3n personal principalmente:<\/p>\r\n<ul>\r\n<li>para operar, mantener, mejorar y ofrecer todas las funciones del sitio web; para proporcionar los servicios y la informaci\u00f3n que solicita; para responder comentarios y preguntas, y para ofrecer soporte a usuarios del sitio web;<\/li>\r\n<li>para comprender y analizar preferencias y tendencias de uso de nuestros usuarios, para mejorar el sitio web, y para desarrollar nuevos productos, servicios, funciones y funcionalidades;<\/li>\r\n<li>para enviar comunicaciones; o<\/li>\r\n<li>para cualquier otro prop\u00f3sito autorizado o requerido por la ley.<\/li>\r\n<\/ul>\r\n<p>Cuando divulgamos su informaci\u00f3n personal a terceros, tomamos medidas razonables para garantizar que las normas establecidas en esta pol\u00edtica se cumplan y los terceros mencionados proporcionen suficientes garant\u00edas para implementar las medidas t\u00e9cnicas y organizativas adecuadas.<\/p>\r\n<p>En el caso de un cambio de titularidad, venta, fusi\u00f3n, liquidaci\u00f3n, reorganizaci\u00f3n o adquisici\u00f3n de Copperleaf, en su totalidad o en parte, su informaci\u00f3n personal podr\u00eda transferirse como parte de la transacci\u00f3n.<\/p>\r\n<p>Finalmente, es posible que determinada informaci\u00f3n recopilada autom\u00e1ticamente, agregada o, de otro modo, no personalmente identificable, est\u00e9 disponible para terceros para diversos fines, incluidos los siguientes: (i) el cumplimiento de diversas obligaciones de generaci\u00f3n de informes; (ii) con fines comerciales o de marketing; o (iii) para asistir a dichas partes en la comprensi\u00f3n de sus intereses, h\u00e1bitos y patrones de uso para determinados programas, contenido, servicios y\/o funcionalidades disponibles a trav\u00e9s del sitio web.<\/p>\r\n<h3><strong style=\"background-color: initial;\">3. Seguridad<\/strong><\/h3>\r\n<p>Todos los datos recopilados por Copperleaf se almacenan en instalaciones de hosting seguras. Durante la transmisi\u00f3n y despu\u00e9s de haber recibido su informaci\u00f3n, seguimos est\u00e1ndares de la industria generalmente aceptados para proteger su informaci\u00f3n. Usamos protecciones razonables para resguardar la informaci\u00f3n personal contra p\u00e9rdida o destrucci\u00f3n, alteraci\u00f3n no autorizada, divulgaci\u00f3n o acceso, accidentales o il\u00edcitos, y cualquier otra forma il\u00edcita de procesamiento. Esto incluye firewalls, protecci\u00f3n de contrase\u00f1as y otros m\u00e9todos de seguridad t\u00e9cnicos usados para proteger los datos.<\/p>\r\n<p>Si bien Copperleaf intenta en todo momento proteger la seguridad y la privacidad de cualquier informaci\u00f3n que usted nos proporcione por Internet, ning\u00fan m\u00e9todo de transmisi\u00f3n por Internet ni m\u00e9todo de almacenamiento es 100 % seguro. Copperleaf no puede garantizar que no se obtendr\u00e1 acceso a esta informaci\u00f3n indebidamente ni que no ser\u00e1 utilizada por terceros. Usted env\u00eda esta informaci\u00f3n por Internet a Copperleaf a su propio riesgo. Si tenemos conocimiento de una intrusi\u00f3n en los sistemas de seguridad en relaci\u00f3n con su informaci\u00f3n, le informaremos sobre tal evento conforme a la ley aplicable.<\/p>\r\n<h3><strong style=\"background-color: initial;\">4. Acceso, enmienda y eliminaci\u00f3n de los datos<\/strong><\/h3>\r\n<p>Con una solicitud por escrito y sujeto a prueba de identidad, puede acceder a la informaci\u00f3n personal que almacenamos y solicitar que se realice toda correcci\u00f3n necesaria, cuando corresponda, seg\u00fan lo autorizado o requerido por la ley. Sin embargo, para asegurarse de que la informaci\u00f3n personal que mantenemos sobre usted sea precisa y actualizada, inf\u00f3rmenos de inmediato sobre cualquier cambio en su informaci\u00f3n personal.<\/p>\r\n<p>Conforme al\u00a0<em>Reglamento general de protecci\u00f3n de datos <\/em>(\u201cGDPR\u201d), podr\u00eda tener derechos adicionales, incluidos: (i) el derecho a retirar su consentimiento para el procesamiento, cuando el consentimiento sea la base del procesamiento; (ii) el derecho a acceder a su informaci\u00f3n personal y otra informaci\u00f3n complementaria, bajo determinadas condiciones; (iii) el derecho a objetar el procesamiento il\u00edcito de datos, bajo determinadas condiciones; (iv) el derecho a eliminar su informaci\u00f3n personal, bajo determinadas condiciones; (v) el derecho a demandar que se limite el procesamiento de su informaci\u00f3n personal, bajo determinadas condiciones, si cree que hemos excedido el fundamento leg\u00edtimo del procesamiento, si el procesamiento ya no es necesario o si cree que su informaci\u00f3n personal es imprecisa; (vi) el derecho a la portabilidad de datos de informaci\u00f3n personal relacionada con usted que nos haya proporcionado en un formato estructurado, de uso com\u00fan y legible por m\u00e1quina, bajo determinadas condiciones; (vii) el derecho a objetar las decisiones tomadas por medios automatizados que producen efectos legales relacionados con usted o que le afecten de manera similar, bajo determinadas condiciones; (viii) el derecho a presentar un reclamo ante las autoridades de protecci\u00f3n de datos. Si quiere obtener m\u00e1s informaci\u00f3n sobre sus derechos conforme al GDPR, puede visitar la p\u00e1gina de la Comisi\u00f3n Europea sobre\u00a0<a href=\"https:\/\/ec.europa.eu\/info\/law\/law-topic\/data-protection_en\">Protecci\u00f3n de datos<\/a>.<\/p>\r\n<h3><strong style=\"background-color: initial;\">5. Retenci\u00f3n y transferencia<\/strong><\/h3>\r\n<p>Retendremos sus datos personales durante el per\u00edodo necesario para cumplir con los fines detallados en esta pol\u00edtica, o seg\u00fan lo requerido por las leyes, normativas u \u00f3rdenes gubernamentales aplicables.<\/p>\r\n<p>Es posible que su informaci\u00f3n personal se almacene y se procese en cualquier pa\u00eds donde tengamos instalaciones o en el que nos relacionemos con proveedores de servicios de terceros. Al usar el sitio web, otorga su consentimiento para la transferencia de informaci\u00f3n a pa\u00edses fuera de su pa\u00eds de residencia, que podr\u00edan tener reglas de protecci\u00f3n de datos diferentes de las de su pa\u00eds. Mientras dicha informaci\u00f3n se encuentre fuera de Canad\u00e1, est\u00e1 sujeta a las leyes del pa\u00eds en el que se encuentra, y podr\u00eda estar sujeta a divulgaci\u00f3n ante los gobiernos, tribunales u organismos normativos o de aplicaci\u00f3n de la ley de dicho pa\u00eds, conforme a las leyes de dicho pa\u00eds. Sin embargo, nuestras pr\u00e1cticas con respecto a su informaci\u00f3n personal en todo momento continuar\u00e1n siendo regidas por esta pol\u00edtica y, si corresponde, cumpliremos con los requerimientos del GDPR proporcionando la protecci\u00f3n adecuada para la transferencia de informaci\u00f3n personal de la UE\/EEE al pa\u00eds tercerizado.<\/p>\r\n<h3><strong style=\"background-color: initial;\">6. Cambio de pol\u00edticas<\/strong><\/h3>\r\n<p>Copperleaf se reserva el derecho de actualizar la pol\u00edtica seg\u00fan sea necesario. Visite esta p\u00e1gina peri\u00f3dicamente para mantenerse informado sobre cualquier modificaci\u00f3n que realicemos. La pol\u00edtica siempre tendr\u00e1 la fecha de actualizaci\u00f3n m\u00e1s reciente para su referencia. El uso continuado de nuestro sitio web u otros servicios despu\u00e9s de que la pol\u00edtica revisada haya entrado en vigencia indica que usted ha le\u00eddo y que comprende y acepta la versi\u00f3n actual de la pol\u00edtica.<\/p>\r\n<h3><strong style=\"background-color: initial;\">7. Privacidad de menores de edad<\/strong><\/h3>\r\n<p>El sitio web no est\u00e1 dirigido a ni\u00f1os menores de 16 a\u00f1os, y no recopilamos deliberadamente su informaci\u00f3n personal sin el consentimiento de los padres. Si usted es menor de 16 a\u00f1os, no utilice el sitio web ni acceda a \u00e9l en ning\u00fan momento ni de ninguna manera. Si tenemos conocimiento de que a trav\u00e9s del sitio web se ha recopilado informaci\u00f3n personal de personas menores de 16 a\u00f1os y sin un consentimiento parental verificable, tomaremos las medidas correspondientes para eliminar esta informaci\u00f3n. Si usted es padre o tutor y descubre que su hijo menor de 16 a\u00f1os ha proporcionado informaci\u00f3n personal, podr\u00e1 alertarnos conforme a lo establecido en la secci\u00f3n \u201cContacto\u201d y solicitar que eliminemos dicha informaci\u00f3n de nuestros sistemas.<\/p>\r\n<h3><strong style=\"background-color: initial;\">8. General<\/strong><\/h3>\r\n<p>En el caso de que cualquiera de las partes de esta pol\u00edtica se considere indefinida, no v\u00e1lida, ilegal o de otro modo nula o inaplicable, las otras partes de esta pol\u00edtica no se considerar\u00e1n nulas debido a ello, y el resto de la pol\u00edtica continuar\u00e1 vigente y en efecto en su totalidad. La pol\u00edtica constituye el acuerdo completo entre usted y Copperleaf que rige el uso del sitio web. Usted tambi\u00e9n podr\u00eda estar sujeto a otros t\u00e9rminos y condiciones cuando accede a otros sitios web. La falta o la demora de Copperleaf en el ejercicio de cualquier derecho o recurso conforme a la pol\u00edtica no constituir\u00e1 una renuncia a dicho derecho o recurso. Los t\u00edtulos de la secci\u00f3n en esta pol\u00edtica son solo para su conveniencia y no tienen efecto legal ni contractual.<\/p>\r\n<h3><strong style=\"background-color: initial;\">9. Condiciones de uso<\/strong><\/h3>\r\n<p>Excepto seg\u00fan lo permitido por la ley aplicable de derechos de autor, no podr\u00e1 reproducir ni comunicar ninguna parte del contenido que se muestra en el sitio web, incluidos los archivos que se pueden descargar de all\u00ed, sin el permiso expreso por escrito de Copperleaf.<\/p>\r\n<h3><strong style=\"background-color: initial;\">10. Propiedad intelectual<\/strong><\/h3>\r\n<p>\u00a9 2000 \u2013 2022 Copperleaf Technologies Inc. COPPERLEAF, el logotipo de COPPERLEAF, COPPERLEAF PORTFOLIO, COPPERLEAF ASSET y COPPERLEAF VALUE son marcas comerciales de Copperleaf Technologies Inc. COPPERLEAF es una marca registrada en Canad\u00e1, los EE. UU., la UE y otros pa\u00edses. El logotipo de COPPERLEAF es una marca comercial registrada en Canad\u00e1, los EE. UU. y la UE. Todos los derechos reservados.<\/p>\r\n<h3><strong style=\"background-color: initial;\">11. Contacto<\/strong><\/h3>\r\n<p>Puede anular la suscripci\u00f3n para recibir nuestras comunicaciones en cualquier momento\u00a0<a href=\"https:\/\/go.copperleaf.com\/UnsubscribePage.html\">aqu\u00ed<\/a>.<\/p>\r\n<p>Si tiene alguna pregunta o comentario sobre esta pol\u00edtica o su informaci\u00f3n personal, para realizar una solicitud de correcci\u00f3n o acceso, ejercer cualquier derecho aplicable, realizar un reclamo u obtener informaci\u00f3n sobre nuestras pol\u00edticas y pr\u00e1cticas con respecto a cualquier proveedor de servicio fuera de Canad\u00e1, puede contactarse con nuestro Director de privacidad por correo postal o correo electr\u00f3nico mediante la siguiente informaci\u00f3n de contacto:<\/p>\r\n<p>Copperleaf Technologies Inc.<br \/>2920 Virtual Way, Suite 140<br \/>Vancouver, BC V5M 0C4<br \/>Canad\u00e1<br \/><br \/><a href=\"mailto:privacy@copperleaf.com\">privacy@copperleaf.com<\/a><\/p>\r\n<p><strong>\u00daltima actualizaci\u00f3n: Julio de 2022<\/strong><\/p>\r\n","protected":false},"excerpt":{"rendered":"<p>&nbsp; Gracias por su inter\u00e9s en Copperleaf Technologies Inc. (\u201cCopperleaf\u201d). Esta pol\u00edtica de privacidad (\u201cpol\u00edtica\u201d) describe c\u00f3mo recopilamos, usamos y divulgamos su informaci\u00f3n personal, y c\u00f3mo esta informaci\u00f3n personal puede consultarse y corregirse cuando sea necesario. Cuando visita\u00a0www.copperleaf.com\u00a0(el \u201csitio web\u201d), se contacta con nosotros o acepta recibir correos electr\u00f3nicos de Copperleaf\u00ae y acepta los t\u00e9rminos [&hellip;]<\/p>\n","protected":false},"author":3,"featured_media":0,"parent":0,"menu_order":20,"comment_status":"closed","ping_status":"closed","template":"","meta":{"_acf_changed":false,"_searchwp_excluded":"","footnotes":"","_wp_rev_ctl_limit":""},"acf":[],"yoast_head":"<!-- This site is optimized with the Yoast SEO plugin v23.0 - https:\/\/yoast.com\/wordpress\/plugins\/seo\/ -->\n<title>Privacidad - Copperleaf<\/title>\n<meta name=\"robots\" content=\"noindex, follow, max-snippet:-1, max-image-preview:large, max-video-preview:-1\" \/>\n<meta property=\"og:locale\" content=\"es_ES\" \/>\n<meta property=\"og:type\" content=\"article\" \/>\n<meta property=\"og:title\" content=\"Privacidad - Copperleaf\" \/>\n<meta property=\"og:description\" content=\"&nbsp; Gracias por su inter\u00e9s en Copperleaf Technologies Inc. (\u201cCopperleaf\u201d). Esta pol\u00edtica de privacidad (\u201cpol\u00edtica\u201d) describe c\u00f3mo recopilamos, usamos y divulgamos su informaci\u00f3n personal, y c\u00f3mo esta informaci\u00f3n personal puede consultarse y corregirse cuando sea necesario. Cuando visita\u00a0www.copperleaf.com\u00a0(el \u201csitio web\u201d), se contacta con nosotros o acepta recibir correos electr\u00f3nicos de Copperleaf\u00ae y acepta los t\u00e9rminos [&hellip;]\" \/>\n<meta property=\"og:url\" content=\"https:\/\/copperleaf-test.majortom.dev\/es\/privacidad\/\" \/>\n<meta property=\"og:site_name\" content=\"Copperleaf\" \/>\n<meta property=\"article:modified_time\" content=\"2023-01-27T19:49:33+00:00\" \/>\n<meta name=\"twitter:card\" content=\"summary_large_image\" \/>\n<meta name=\"twitter:label1\" content=\"Tiempo de lectura\" \/>\n\t<meta name=\"twitter:data1\" content=\"8 minutos\" \/>\n<script type=\"application\/ld+json\" class=\"yoast-schema-graph\">{\"@context\":\"https:\/\/schema.org\",\"@graph\":[{\"@type\":\"WebPage\",\"@id\":\"https:\/\/copperleaf-test.majortom.dev\/es\/privacidad\/\",\"url\":\"https:\/\/copperleaf-test.majortom.dev\/es\/privacidad\/\",\"name\":\"Privacidad - Copperleaf\",\"isPartOf\":{\"@id\":\"https:\/\/copperleaf-test.majortom.dev\/es\/#website\"},\"datePublished\":\"2022-04-06T01:34:09+00:00\",\"dateModified\":\"2023-01-27T19:49:33+00:00\",\"breadcrumb\":{\"@id\":\"https:\/\/copperleaf-test.majortom.dev\/es\/privacidad\/#breadcrumb\"},\"inLanguage\":\"es\",\"potentialAction\":[{\"@type\":\"ReadAction\",\"target\":[\"https:\/\/copperleaf-test.majortom.dev\/es\/privacidad\/\"]}]},{\"@type\":\"BreadcrumbList\",\"@id\":\"https:\/\/copperleaf-test.majortom.dev\/es\/privacidad\/#breadcrumb\",\"itemListElement\":[{\"@type\":\"ListItem\",\"position\":1,\"name\":\"Home\",\"item\":\"https:\/\/copperleaf-test.majortom.dev\/es\/\"},{\"@type\":\"ListItem\",\"position\":2,\"name\":\"Privacidad\"}]},{\"@type\":\"WebSite\",\"@id\":\"https:\/\/copperleaf-test.majortom.dev\/es\/#website\",\"url\":\"https:\/\/copperleaf-test.majortom.dev\/es\/\",\"name\":\"Copperleaf\",\"description\":\"\",\"potentialAction\":[{\"@type\":\"SearchAction\",\"target\":{\"@type\":\"EntryPoint\",\"urlTemplate\":\"https:\/\/copperleaf-test.majortom.dev\/es\/?s={search_term_string}\"},\"query-input\":\"required name=search_term_string\"}],\"inLanguage\":\"es\"}]}<\/script>\n<!-- \/ Yoast SEO plugin. -->","yoast_head_json":{"title":"Privacidad - Copperleaf","robots":{"index":"noindex","follow":"follow","max-snippet":"max-snippet:-1","max-image-preview":"max-image-preview:large","max-video-preview":"max-video-preview:-1"},"og_locale":"es_ES","og_type":"article","og_title":"Privacidad - Copperleaf","og_description":"&nbsp; Gracias por su inter\u00e9s en Copperleaf Technologies Inc. (\u201cCopperleaf\u201d). Esta pol\u00edtica de privacidad (\u201cpol\u00edtica\u201d) describe c\u00f3mo recopilamos, usamos y divulgamos su informaci\u00f3n personal, y c\u00f3mo esta informaci\u00f3n personal puede consultarse y corregirse cuando sea necesario. Cuando visita\u00a0www.copperleaf.com\u00a0(el \u201csitio web\u201d), se contacta con nosotros o acepta recibir correos electr\u00f3nicos de Copperleaf\u00ae y acepta los t\u00e9rminos [&hellip;]","og_url":"https:\/\/copperleaf-test.majortom.dev\/es\/privacidad\/","og_site_name":"Copperleaf","article_modified_time":"2023-01-27T19:49:33+00:00","twitter_card":"summary_large_image","twitter_misc":{"Tiempo de lectura":"8 minutos"},"schema":{"@context":"https:\/\/schema.org","@graph":[{"@type":"WebPage","@id":"https:\/\/copperleaf-test.majortom.dev\/es\/privacidad\/","url":"https:\/\/copperleaf-test.majortom.dev\/es\/privacidad\/","name":"Privacidad - Copperleaf","isPartOf":{"@id":"https:\/\/copperleaf-test.majortom.dev\/es\/#website"},"datePublished":"2022-04-06T01:34:09+00:00","dateModified":"2023-01-27T19:49:33+00:00","breadcrumb":{"@id":"https:\/\/copperleaf-test.majortom.dev\/es\/privacidad\/#breadcrumb"},"inLanguage":"es","potentialAction":[{"@type":"ReadAction","target":["https:\/\/copperleaf-test.majortom.dev\/es\/privacidad\/"]}]},{"@type":"BreadcrumbList","@id":"https:\/\/copperleaf-test.majortom.dev\/es\/privacidad\/#breadcrumb","itemListElement":[{"@type":"ListItem","position":1,"name":"Home","item":"https:\/\/copperleaf-test.majortom.dev\/es\/"},{"@type":"ListItem","position":2,"name":"Privacidad"}]},{"@type":"WebSite","@id":"https:\/\/copperleaf-test.majortom.dev\/es\/#website","url":"https:\/\/copperleaf-test.majortom.dev\/es\/","name":"Copperleaf","description":"","potentialAction":[{"@type":"SearchAction","target":{"@type":"EntryPoint","urlTemplate":"https:\/\/copperleaf-test.majortom.dev\/es\/?s={search_term_string}"},"query-input":"required name=search_term_string"}],"inLanguage":"es"}]}},"_links":{"self":[{"href":"https:\/\/copperleaf-test.majortom.dev\/es\/wp-json\/wp\/v2\/pages\/33161"}],"collection":[{"href":"https:\/\/copperleaf-test.majortom.dev\/es\/wp-json\/wp\/v2\/pages"}],"about":[{"href":"https:\/\/copperleaf-test.majortom.dev\/es\/wp-json\/wp\/v2\/types\/page"}],"author":[{"embeddable":true,"href":"https:\/\/copperleaf-test.majortom.dev\/es\/wp-json\/wp\/v2\/users\/3"}],"replies":[{"embeddable":true,"href":"https:\/\/copperleaf-test.majortom.dev\/es\/wp-json\/wp\/v2\/comments?post=33161"}],"version-history":[{"count":0,"href":"https:\/\/copperleaf-test.majortom.dev\/es\/wp-json\/wp\/v2\/pages\/33161\/revisions"}],"wp:attachment":[{"href":"https:\/\/copperleaf-test.majortom.dev\/es\/wp-json\/wp\/v2\/media?parent=33161"}],"curies":[{"name":"wp","href":"https:\/\/api.w.org\/{rel}","templated":true}]}}