{"id":33156,"date":"2022-06-22T09:32:54","date_gmt":"2022-06-22T16:32:54","guid":{"rendered":"https:\/\/copperleaf-test.majortom.dev\/cookie-policy\/"},"modified":"2023-01-27T11:46:58","modified_gmt":"2023-01-27T19:46:58","slug":"politica-de-cookies","status":"publish","type":"page","link":"https:\/\/copperleaf-test.majortom.dev\/es\/politica-de-cookies\/","title":{"rendered":"Pol\u00edtica de cookies"},"content":{"rendered":"\r\n<p>&nbsp;<\/p>\r\n\r\n\r\n\r\n\r\n\r\n<p style=\"margin-top: 0in;\"><span style=\"font-family: 'Lato',sans-serif; color: black;\">Nuestro sitio web, como la mayor\u00eda de los sitios web, utiliza cookies. Estos son los archivos que est\u00e1n instalados en el navegador web o disco duro de su computadora para recopilar informaci\u00f3n, como su idioma de preferencia, el historial de navegaci\u00f3n, y tipo y versi\u00f3n de navegador, todo con el fin de optimizar su experiencia en nuestro sitio web. Usamos cookies para compilar datos agregados sobre el tr\u00e1fico y las interacciones del sitio y para ofrecer mejores experiencias y herramientas en el sitio en el futuro. Tambi\u00e9n es posible que usemos servicios de terceros de confianza que realicen el seguimiento de esta informaci\u00f3n en nuestra representaci\u00f3n. Estas cookies no se pueden usar para extraer informaci\u00f3n personal. Usted puede elegir si quiere que su computadora le advierta cada vez que se env\u00eda una cookie, o bien puede elegir deshabilitar todas las cookies. La deshabilitaci\u00f3n de cookies en el navegador podr\u00eda afectar negativamente su experiencia de navegaci\u00f3n en el sitio web. Esta descripci\u00f3n incluye a Google Analytics, que recopila datos de ubicaci\u00f3n aproximada (direcci\u00f3n IP) y datos de tr\u00e1fico an\u00f3nimos, como informaci\u00f3n del navegador, de la navegaci\u00f3n del sitio y del idioma. Para obtener m\u00e1s informaci\u00f3n, consulte\u00a0<\/span><a href=\"https:\/\/support.google.com\/analytics\/answer\/6004245?hl=en\"><span style=\"font-family: 'Lato',sans-serif; color: #053b57;\">Uso compartido de datos y privacidad de Google Analytics<\/span><\/a><span style=\"font-family: 'Lato',sans-serif; color: black;\">. La informaci\u00f3n se utiliza para mejorar la experiencia del usuario en el sitio web, para estudiar la eficacia de nuestras comunicaciones y para obtener un perfil de los visitantes del sitio web a fin de poder ofrecer el contenido m\u00e1s pertinente.<\/span><\/p>\r\n\r\n<!-- OneTrust Cookies List start -->\r\n<div id=\"ot-sdk-cookie-policy\">\u00a0<\/div>\r\n<!-- OneTrust Cookies List end -->","protected":false},"excerpt":{"rendered":"<p>&nbsp; Nuestro sitio web, como la mayor\u00eda de los sitios web, utiliza cookies. Estos son los archivos que est\u00e1n instalados en el navegador web o disco duro de su computadora para recopilar informaci\u00f3n, como su idioma de preferencia, el historial de navegaci\u00f3n, y tipo y versi\u00f3n de navegador, todo con el fin de optimizar su [&hellip;]<\/p>\n","protected":false},"author":10,"featured_media":0,"parent":0,"menu_order":21,"comment_status":"closed","ping_status":"closed","template":"","meta":{"_acf_changed":false,"_searchwp_excluded":"","footnotes":"","_wp_rev_ctl_limit":""},"acf":[],"yoast_head":"<!-- This site is optimized with the Yoast SEO plugin v23.0 - https:\/\/yoast.com\/wordpress\/plugins\/seo\/ -->\n<title>Pol\u00edtica de cookies - Copperleaf<\/title>\n<meta name=\"robots\" content=\"noindex, follow, max-snippet:-1, max-image-preview:large, max-video-preview:-1\" \/>\n<meta property=\"og:locale\" content=\"es_ES\" \/>\n<meta property=\"og:type\" content=\"article\" \/>\n<meta property=\"og:title\" content=\"Pol\u00edtica de cookies - Copperleaf\" \/>\n<meta property=\"og:description\" content=\"&nbsp; Nuestro sitio web, como la mayor\u00eda de los sitios web, utiliza cookies. Estos son los archivos que est\u00e1n instalados en el navegador web o disco duro de su computadora para recopilar informaci\u00f3n, como su idioma de preferencia, el historial de navegaci\u00f3n, y tipo y versi\u00f3n de navegador, todo con el fin de optimizar su [&hellip;]\" \/>\n<meta property=\"og:url\" content=\"https:\/\/copperleaf-test.majortom.dev\/es\/politica-de-cookies\/\" \/>\n<meta property=\"og:site_name\" content=\"Copperleaf\" \/>\n<meta property=\"article:modified_time\" content=\"2023-01-27T19:46:58+00:00\" \/>\n<meta name=\"twitter:card\" content=\"summary_large_image\" \/>\n<meta name=\"twitter:label1\" content=\"Tiempo de lectura\" \/>\n\t<meta name=\"twitter:data1\" content=\"2 minutos\" \/>\n<script type=\"application\/ld+json\" class=\"yoast-schema-graph\">{\"@context\":\"https:\/\/schema.org\",\"@graph\":[{\"@type\":\"WebPage\",\"@id\":\"https:\/\/copperleaf-test.majortom.dev\/es\/politica-de-cookies\/\",\"url\":\"https:\/\/copperleaf-test.majortom.dev\/es\/politica-de-cookies\/\",\"name\":\"Pol\u00edtica de cookies - Copperleaf\",\"isPartOf\":{\"@id\":\"https:\/\/copperleaf-test.majortom.dev\/es\/#website\"},\"datePublished\":\"2022-06-22T16:32:54+00:00\",\"dateModified\":\"2023-01-27T19:46:58+00:00\",\"breadcrumb\":{\"@id\":\"https:\/\/copperleaf-test.majortom.dev\/es\/politica-de-cookies\/#breadcrumb\"},\"inLanguage\":\"es\",\"potentialAction\":[{\"@type\":\"ReadAction\",\"target\":[\"https:\/\/copperleaf-test.majortom.dev\/es\/politica-de-cookies\/\"]}]},{\"@type\":\"BreadcrumbList\",\"@id\":\"https:\/\/copperleaf-test.majortom.dev\/es\/politica-de-cookies\/#breadcrumb\",\"itemListElement\":[{\"@type\":\"ListItem\",\"position\":1,\"name\":\"Home\",\"item\":\"https:\/\/copperleaf-test.majortom.dev\/es\/\"},{\"@type\":\"ListItem\",\"position\":2,\"name\":\"Pol\u00edtica de cookies\"}]},{\"@type\":\"WebSite\",\"@id\":\"https:\/\/copperleaf-test.majortom.dev\/es\/#website\",\"url\":\"https:\/\/copperleaf-test.majortom.dev\/es\/\",\"name\":\"Copperleaf\",\"description\":\"\",\"potentialAction\":[{\"@type\":\"SearchAction\",\"target\":{\"@type\":\"EntryPoint\",\"urlTemplate\":\"https:\/\/copperleaf-test.majortom.dev\/es\/?s={search_term_string}\"},\"query-input\":\"required name=search_term_string\"}],\"inLanguage\":\"es\"}]}<\/script>\n<!-- \/ Yoast SEO plugin. -->","yoast_head_json":{"title":"Pol\u00edtica de cookies - Copperleaf","robots":{"index":"noindex","follow":"follow","max-snippet":"max-snippet:-1","max-image-preview":"max-image-preview:large","max-video-preview":"max-video-preview:-1"},"og_locale":"es_ES","og_type":"article","og_title":"Pol\u00edtica de cookies - Copperleaf","og_description":"&nbsp; Nuestro sitio web, como la mayor\u00eda de los sitios web, utiliza cookies. Estos son los archivos que est\u00e1n instalados en el navegador web o disco duro de su computadora para recopilar informaci\u00f3n, como su idioma de preferencia, el historial de navegaci\u00f3n, y tipo y versi\u00f3n de navegador, todo con el fin de optimizar su [&hellip;]","og_url":"https:\/\/copperleaf-test.majortom.dev\/es\/politica-de-cookies\/","og_site_name":"Copperleaf","article_modified_time":"2023-01-27T19:46:58+00:00","twitter_card":"summary_large_image","twitter_misc":{"Tiempo de lectura":"2 minutos"},"schema":{"@context":"https:\/\/schema.org","@graph":[{"@type":"WebPage","@id":"https:\/\/copperleaf-test.majortom.dev\/es\/politica-de-cookies\/","url":"https:\/\/copperleaf-test.majortom.dev\/es\/politica-de-cookies\/","name":"Pol\u00edtica de cookies - Copperleaf","isPartOf":{"@id":"https:\/\/copperleaf-test.majortom.dev\/es\/#website"},"datePublished":"2022-06-22T16:32:54+00:00","dateModified":"2023-01-27T19:46:58+00:00","breadcrumb":{"@id":"https:\/\/copperleaf-test.majortom.dev\/es\/politica-de-cookies\/#breadcrumb"},"inLanguage":"es","potentialAction":[{"@type":"ReadAction","target":["https:\/\/copperleaf-test.majortom.dev\/es\/politica-de-cookies\/"]}]},{"@type":"BreadcrumbList","@id":"https:\/\/copperleaf-test.majortom.dev\/es\/politica-de-cookies\/#breadcrumb","itemListElement":[{"@type":"ListItem","position":1,"name":"Home","item":"https:\/\/copperleaf-test.majortom.dev\/es\/"},{"@type":"ListItem","position":2,"name":"Pol\u00edtica de cookies"}]},{"@type":"WebSite","@id":"https:\/\/copperleaf-test.majortom.dev\/es\/#website","url":"https:\/\/copperleaf-test.majortom.dev\/es\/","name":"Copperleaf","description":"","potentialAction":[{"@type":"SearchAction","target":{"@type":"EntryPoint","urlTemplate":"https:\/\/copperleaf-test.majortom.dev\/es\/?s={search_term_string}"},"query-input":"required name=search_term_string"}],"inLanguage":"es"}]}},"_links":{"self":[{"href":"https:\/\/copperleaf-test.majortom.dev\/es\/wp-json\/wp\/v2\/pages\/33156"}],"collection":[{"href":"https:\/\/copperleaf-test.majortom.dev\/es\/wp-json\/wp\/v2\/pages"}],"about":[{"href":"https:\/\/copperleaf-test.majortom.dev\/es\/wp-json\/wp\/v2\/types\/page"}],"author":[{"embeddable":true,"href":"https:\/\/copperleaf-test.majortom.dev\/es\/wp-json\/wp\/v2\/users\/10"}],"replies":[{"embeddable":true,"href":"https:\/\/copperleaf-test.majortom.dev\/es\/wp-json\/wp\/v2\/comments?post=33156"}],"version-history":[{"count":0,"href":"https:\/\/copperleaf-test.majortom.dev\/es\/wp-json\/wp\/v2\/pages\/33156\/revisions"}],"wp:attachment":[{"href":"https:\/\/copperleaf-test.majortom.dev\/es\/wp-json\/wp\/v2\/media?parent=33156"}],"curies":[{"name":"wp","href":"https:\/\/api.w.org\/{rel}","templated":true}]}}