{"id":33163,"date":"2022-04-25T09:45:57","date_gmt":"2022-04-25T16:45:57","guid":{"rendered":"https:\/\/copperleaf-test.majortom.dev\/terms-of-use\/"},"modified":"2023-01-27T13:22:11","modified_gmt":"2023-01-27T21:22:11","slug":"nutzungsbedingungen","status":"publish","type":"page","link":"https:\/\/copperleaf-test.majortom.dev\/de\/nutzungsbedingungen\/","title":{"rendered":"Nutzungsbedingungen"},"content":{"rendered":"\r\n<p>Diese Nutzungsbedingungen (die \u201e<strong>Nutzungsbedingungen<\/strong>\u201c) bilden zusammen mit der Datenschutzrichtlinie, der Cookie-Richtlinie und allen anderen auf\u00a0<a href=\"https:\/\/copperleaf-test.majortom.dev\/\">www.copperleaf.com<\/a>\u00a0ver\u00f6ffentlichten Richtlinien (zusammen die \u201e<strong>Vereinbarung<\/strong>\u201c) einen rechtsg\u00fcltigen Vertrag zwischen Ihnen (oder Ihrer Organisation) (\u201e<strong>Sie<\/strong>\u201c) und Copperleaf Technologies Inc. (\u201e<strong>Copperleaf<\/strong>\u201c, \u201e<strong>wir<\/strong>\u201c, \u201e<strong>uns<\/strong>\u201c oder \u201e<strong>unser<\/strong>\u201c) \u00fcber die Bedingungen, die mit Ihrem Zugang und Ihrer Nutzung der Website\u00a0<a href=\"https:\/\/copperleaf-test.majortom.dev\/\">www.copperleaf.com<\/a>\u00a0(die \u201e<strong>Website<\/strong>\u201c) verbunden sind. BITTE LESEN SIE SIE AUFMERKSAM DURCH, DA DIESE NUTZUNGSBEDINGUNGEN HAFTUNGSBESCHR\u00c4NKUNGEN SOWIE GARANTIEAUSSCHL\u00dcSSE UND ANDERE BEDINGUNGEN ENTHALTEN, DIE SICH AUF IHRE GESETZLICHEN RECHTE AUSWIRKEN. WENN SIE MIT DIESEN NUTZUNGSBEDINGUNGEN NICHT EINVERSTANDEN SIND, ODER WENN SIE NICHT IN DER LAGE ODER BEFUGT SIND, IHNEN ZUZUSTIMMEN, D\u00dcRFEN SIE UNSERE WEBSITE NICHT BESUCHEN.<\/p>\r\n<h3><strong style=\"background-color: initial;\">1. Geltungsbereich der Nutzungsbedingungen<\/strong><\/h3>\r\n<p>Diese Nutzungsbedingungen gelten nicht f\u00fcr Websites von Drittanbietern, selbst wenn auf diese Websites von uns oder unserer Website verwiesen oder verlinkt wird. Wir sind nicht verantwortlich f\u00fcr den Inhalt von Websites von Drittanbietern, deren Nutzungsbedingungen oder f\u00fcr Probleme, die sich aus Ihrem Zugang zu und Ihrer Nutzung von Websites Dritter ergeben.<\/p>\r\n<h3><strong style=\"background-color: initial;\">2. \u00c4nderungen der Nutzungsbedingungen<\/strong><\/h3>\r\n<p>Wir k\u00f6nnen jeden Teil dieser Nutzungsbedingungen durch Hinzuf\u00fcgen, L\u00f6schen oder \u00c4ndern ihres Inhalts und\/oder Umfangs \u00e4ndern. Diese \u00c4nderungen k\u00f6nnen von Zeit zu Zeit nach unserem Ermessen vorgenommen werden. \u00c4nderungen an diesen Nutzungsbedingungen erfolgen durch Aktualisierung der Webseite unserer Website, auf der diese Nutzungsbedingungen angezeigt werden, und durch Aktualisierung der Versionsnummer am Anfang dieser Nutzungsbedingungen. Wenn Sie mit einer \u00c4nderung dieser Nutzungsbedingungen nicht einverstanden sind, oder wenn Sie nicht in der Lage oder befugt sind, ihnen zuzustimmen, m\u00fcssen Sie den Besuch unserer Website einstellen.<\/p>\r\n<h3><strong style=\"background-color: initial;\">3. Autorisierte Aktivit\u00e4ten<\/strong><\/h3>\r\n<p>Unter der Voraussetzung, dass Sie diese Nutzungsbedingungen einhalten, und solange wir die Website zur Verf\u00fcgung stellen, gew\u00e4hren wir Ihnen ein begrenztes Recht, auf die Website zuzugreifen. Dieses Recht hat die Form einer pers\u00f6nlichen, widerruflichen, nicht ausschlie\u00dflichen, nicht \u00fcbertragbaren und nicht unterlizenzierbaren Lizenz, die eine begrenzte und vor\u00fcbergehende Vervielf\u00e4ltigung der Website nur in dem Umfang gestattet, der f\u00fcr normale Browsing-Aktivit\u00e4ten erforderlich ist. Aus Gr\u00fcnden der Klarheit beinhaltet das Vorstehende weder das Recht, direkt auf die Software, Datenbanken, Algorithmen oder Daten zuzugreifen, die die Website betreiben, noch das Recht, eine Kopie des Quellcodes oder dessen Struktur zu erhalten. Diese Lizenz berechtigt Sie au\u00dferdem, die Ihnen auf unserer Website zur Verf\u00fcgung gestellten Inhalte auf Ihrem Computer anzuzeigen, auszudrucken, herunterzuladen und zu nutzen, jedoch nur f\u00fcr nichtkommerzielle, pers\u00f6nliche und\/oder Bildungszwecke sowie unter der Voraussetzung, dass Sie diese Inhalte nicht ver\u00e4ndern und auf jeder Kopie dieser Inhalte den zugeh\u00f6rigen Urheberrechtshinweis und diese beschr\u00e4nkte Lizenz anbringen.<\/p>\r\n<h3><strong style=\"background-color: initial;\">4. Unerlaubte Aktivit\u00e4ten<\/strong><\/h3>\r\n<p>Es ist Ihnen nicht gestattet, (a) unsere Website zu dekompilieren, zu demontieren, zur\u00fcckzubauen, zu untersuchen oder anderweitig auf Teile unserer Website zuzugreifen, die nicht f\u00fcr den Zugriff auf die Website bestimmt sind; (b) von uns auferlegte Beschr\u00e4nkungen f\u00fcr den Zugriff und\/oder die Nutzung der Website zu umgehen; (c) die Website so zu nutzen oder darzustellen, dass daraus Informationen abgeleitet werden k\u00f6nnen, die den Nutzern der Website nicht zur Verf\u00fcgung gestellt werden sollen; (d) Sicherheitsfunktionen oder technische Schutzma\u00dfnahmen, die in unsere Website eingebaut sind, zu umgehen; (e) den Zugang zu unserer Website zu automatisieren; (f) ein Verhalten an den Tag zu legen, das in einer Mitteilung, die Sie von uns erhalten haben, ausdr\u00fccklich untersagt wurde; (g) den Inhalt unserer Website kommerziell zu nutzen, diesen Inhalt in ein von Ihnen erstelltes oder vertriebenes Produkt einzubinden oder diesen Inhalt auf Ihre oder eine andere Website zu kopieren. Dar\u00fcber hinaus ist es Ihnen nicht gestattet, unsere Website oder Teile davon dauerhaft zu reproduzieren oder unsere Website oder deren Inhalte in irgendeiner Weise zu vertreiben oder zu verwerten. Der Klarheit halber sei darauf hingewiesen, dass diese Nutzungsbedingungen Ihnen keinerlei Eigentumsrechte am geistigen Eigentum der Website oder ihrer Inhalte einr\u00e4umen. Sie best\u00e4tigen, dass das geistige Eigentum an der Website und ihrem Inhalt, einschlie\u00dflich, aber nicht beschr\u00e4nkt auf unsere Marken, Logos und Urheberrechte, uns und\/oder unseren Lizenzgebern (je nach Fall) geh\u00f6rt, und dass Sie nicht Eigent\u00fcmer desselben sind.<\/p>\r\n<h3><strong style=\"background-color: initial;\">5. Entsch\u00e4digung<\/strong><\/h3>\r\n<p>Sie erkl\u00e4ren sich damit einverstanden, uns und unsere leitenden Angestellten, Direktoren, Partner, Mitarbeiter und Vertreter zu verteidigen, freizustellen und schadlos zu halten von und gegen jegliche Anspr\u00fcche, Haftungen, Sch\u00e4den, Verluste und Ausgaben, einschlie\u00dflich, ohne Einschr\u00e4nkung, angemessener Anwalts- und Buchhaltungsgeb\u00fchren, die sich aus Ihrem Zugriff auf unsere Website oder deren Nutzung ergeben oder in irgendeiner Weise damit verbunden sind.<\/p>\r\n<h3><strong style=\"background-color: initial;\">6. Gew\u00e4hrleistungsausschluss und Haftungsbeschr\u00e4nkung<\/strong><\/h3>\r\n<p>WIR SCHLIE\u1e9eEN HIERMIT ALLE AUSDR\u00dcCKLICHEN ODER STILLSCHWEIGENDEN ZUSICHERUNGEN, BEDINGUNGEN UND GARANTIEN IN BEZUG AUF UNSERE WEBSITE UND IHREN INHALT AUS, EINSCHLIE\u1e9eLICH JEGLICHER BEDINGUNG ODER GARANTIE DER MARKTG\u00c4NGIGKEIT ODER EIGNUNG F\u00dcR EINEN BESTIMMTEN ZWECK. WIR GEBEN KEINE ZUSICHERUNGEN, BEDINGUNGEN ODER GARANTIEN IN BEZUG AUF DIE INFORMATIONEN AUF UNSERER WEBSITE, EINSCHLIE\u1e9eLICH JEGLICHER GARANTIE F\u00dcR DEREN RICHTIGKEIT ODER ZUVERL\u00c4SSIGKEIT. SIE LEHNEN HIERMIT JEGLICHES RECHT AB, SICH AUF DIE INFORMATIONEN AUF DIESER WEBSITE ZU VERLASSEN. UNSERE WEBSITE KANN AUS VIELEN GR\u00dcNDEN NICHT ZUR VERF\u00dcGUNG STEHEN, UNTER ANDEREM WEGEN GEPLANTER UND UNGEPLANTER WARTUNGSARBEITEN DURCH UNS. AU\u1e9eER IM FALLE VON VORS\u00c4TZLICHEM ODER GROB FAHRL\u00c4SSIGEM VERHALTEN HAFTEN WIR NICHT F\u00dcR SCH\u00c4DEN, DIE DURCH UNSERE WEBSITE, DIE AUF IHR ERSCHEINENDEN INFORMATIONEN, UNSERE HANDLUNGEN ODER UNTERLASSUNGEN ODER DIESE NUTZUNGSBEDINGUNGEN (EINSCHLIE\u1e9eLICH DER VERLETZUNG DIESER NUTZUNGSBEDINGUNGEN) VERURSACHT WERDEN ODER DAMIT ZUSAMMENH\u00c4NGEN. DIESE HAFTUNGSBESCHR\u00c4NKUNG GILT F\u00dcR ALLE SCH\u00c4DEN, UNABH\u00c4NGIG DAVON, WIE SIE VERURSACHT WURDEN, UNABH\u00c4NGIG DAVON, OB SIE DURCH VERTRAG, UNERLAUBTE HANDLUNGEN (EINSCHLIE\u1e9eLICH FAHRL\u00c4SSIGKEIT), EIGENTUM, DATENSCHUTZ, GESETZ ODER ANDERWEITIG ENTSTANDEN SIND. OHNE DIE ALLGEMEING\u00dcLTIGKEIT DES VORSTEHENDEN EINZUSCHR\u00c4NKEN, HAFTEN WIR NICHT F\u00dcR DATENVERLUSTE, EINKOMMENSVERLUSTE, GEWINNVERLUSTE, ENTGANGENE GESCH\u00c4FTSM\u00d6GLICHKEITEN, VERLORENE ZEIT, RECHTSANWALTSGEB\u00dcHREN ODER PROZESSKOSTEN.<\/p>\r\n<h3><strong style=\"background-color: initial;\">7. Allgemeines<\/strong><\/h3>\r\n<p><strong>a) Geltendes Recht und Gerichtsstand<\/strong><\/p>\r\n<p>Diese Nutzungsbedingungen unterliegen ausschlie\u00dflich den Gesetzen der Provinz British Columbia (Kanada) und den dort geltenden kanadischen Bundesgesetzen und werden nach diesen ausgelegt. Die Parteien unterwerfen sich hiermit unwiderruflich der Gerichtsbarkeit der Gerichte des Distrikts Vancouver, Provinz British Columbia, und erkennen diese an.<\/p>\r\n<p><strong>b) \u00dcbertragung<\/strong><\/p>\r\n<p>Sie sind nicht berechtigt, Ihre Rechte, die sich aus diesen Nutzungsbedingungen ergeben, ohne unsere schriftliche Zustimmung an Dritte zu \u00fcbertragen.<\/p>\r\n<p><strong>c) Status der Parteien<\/strong><\/p>\r\n<p>Diese Nutzungsbedingungen begr\u00fcnden weder ein Arbeitsverh\u00e4ltnis, eine Partnerschaft, eine Agentur, ein Treuhandverh\u00e4ltnis oder ein Joint Venture noch begr\u00fcnden sie treuh\u00e4nderische Pflichten jeglicher Art.<\/p>\r\n<p><strong>d) Salvatorische Klausel<\/strong><\/p>\r\n<p>Sollten Teile dieser Nutzungsbedingungen nicht klar definiert, ung\u00fcltig oder anderweitig anfechtbar oder nicht durchsetzbar sein, werden die anderen Teile dieser Nutzungsbedingungen dadurch nicht ung\u00fcltig, und die \u00fcbrigen Nutzungsbedingungen bleiben vollumf\u00e4nglich wirksam.<\/p>\r\n<p><strong>e) Sprache<\/strong><\/p>\r\n<p>Wir haben hiermit vereinbart, dass diese Nutzungsbedingungen und alle zugeh\u00f6rigen Dokumente in englischer Sprache abgefasst werden.\u00a0<em>Wir haben hiermit vereinbart, dass diese Nutzungsbedingungen und alle zugeh\u00f6rigen Dokumente in englischer Sprache abgefasst werden.<\/em><\/p>\r\n<p><strong>f) Datenschutz<\/strong><\/p>\r\n<p>Weitere Informationen dar\u00fcber, wie wir personenbezogene Daten sammeln, verwenden und weitergeben, finden Sie in unserer\u00a0<a href=\"https:\/\/copperleaf-test.majortom.dev\/privacy\/\">Datenschutzrichtlinie<\/a>.<\/p>\r\n<p><strong>g) Kontakt<\/strong><\/p>\r\n<p>Wenn Sie Bedenken, Fragen oder Beschwerden bez\u00fcglich dieser Nutzungsbedingungen haben, kontaktieren Sie uns bitte unter:<\/p>\r\n<p>Copperleaf Technologies<br \/>2920 Virtual Way, Suite 140<br \/>Vancouver, BC V5M 0C4<br \/>Kanada<\/p>\r\n<p><a href=\"mailto:privacy@copperleaf.com\">privacy@copperleaf.com<\/a><\/p>","protected":false},"excerpt":{"rendered":"<p>Diese Nutzungsbedingungen (die \u201eNutzungsbedingungen\u201c) bilden zusammen mit der Datenschutzrichtlinie, der Cookie-Richtlinie und allen anderen auf\u00a0www.copperleaf.com\u00a0ver\u00f6ffentlichten Richtlinien (zusammen die \u201eVereinbarung\u201c) einen rechtsg\u00fcltigen Vertrag zwischen Ihnen (oder Ihrer Organisation) (\u201eSie\u201c) und Copperleaf Technologies Inc. (\u201eCopperleaf\u201c, \u201ewir\u201c, \u201euns\u201c oder \u201eunser\u201c) \u00fcber die Bedingungen, die mit Ihrem Zugang und Ihrer Nutzung der Website\u00a0www.copperleaf.com\u00a0(die \u201eWebsite\u201c) verbunden sind. BITTE LESEN SIE [&hellip;]<\/p>\n","protected":false},"author":3,"featured_media":0,"parent":0,"menu_order":18,"comment_status":"closed","ping_status":"closed","template":"","meta":{"_acf_changed":false,"_searchwp_excluded":"","footnotes":"","_wp_rev_ctl_limit":""},"acf":[],"yoast_head":"<!-- This site is optimized with the Yoast SEO plugin v23.0 - https:\/\/yoast.com\/wordpress\/plugins\/seo\/ -->\n<title>Nutzungsbedingungen - Copperleaf<\/title>\n<meta name=\"robots\" content=\"noindex, follow, max-snippet:-1, max-image-preview:large, max-video-preview:-1\" \/>\n<meta property=\"og:locale\" content=\"de_DE\" \/>\n<meta property=\"og:type\" content=\"article\" \/>\n<meta property=\"og:title\" content=\"Nutzungsbedingungen - Copperleaf\" \/>\n<meta property=\"og:description\" content=\"Diese Nutzungsbedingungen (die \u201eNutzungsbedingungen\u201c) bilden zusammen mit der Datenschutzrichtlinie, der Cookie-Richtlinie und allen anderen auf\u00a0www.copperleaf.com\u00a0ver\u00f6ffentlichten Richtlinien (zusammen die \u201eVereinbarung\u201c) einen rechtsg\u00fcltigen Vertrag zwischen Ihnen (oder Ihrer Organisation) (\u201eSie\u201c) und Copperleaf Technologies Inc. (\u201eCopperleaf\u201c, \u201ewir\u201c, \u201euns\u201c oder \u201eunser\u201c) \u00fcber die Bedingungen, die mit Ihrem Zugang und Ihrer Nutzung der Website\u00a0www.copperleaf.com\u00a0(die \u201eWebsite\u201c) verbunden sind. BITTE LESEN SIE [&hellip;]\" \/>\n<meta property=\"og:url\" content=\"https:\/\/copperleaf-test.majortom.dev\/de\/nutzungsbedingungen\/\" \/>\n<meta property=\"og:site_name\" content=\"Copperleaf\" \/>\n<meta property=\"article:modified_time\" content=\"2023-01-27T21:22:11+00:00\" \/>\n<meta name=\"twitter:card\" content=\"summary_large_image\" \/>\n<meta name=\"twitter:label1\" content=\"Gesch\u00e4tzte Lesezeit\" \/>\n\t<meta name=\"twitter:data1\" content=\"5 Minuten\" \/>\n<script type=\"application\/ld+json\" class=\"yoast-schema-graph\">{\"@context\":\"https:\/\/schema.org\",\"@graph\":[{\"@type\":\"WebPage\",\"@id\":\"https:\/\/copperleaf-test.majortom.dev\/de\/nutzungsbedingungen\/\",\"url\":\"https:\/\/copperleaf-test.majortom.dev\/de\/nutzungsbedingungen\/\",\"name\":\"Nutzungsbedingungen - Copperleaf\",\"isPartOf\":{\"@id\":\"https:\/\/copperleaf-test.majortom.dev\/de\/#website\"},\"datePublished\":\"2022-04-25T16:45:57+00:00\",\"dateModified\":\"2023-01-27T21:22:11+00:00\",\"breadcrumb\":{\"@id\":\"https:\/\/copperleaf-test.majortom.dev\/de\/nutzungsbedingungen\/#breadcrumb\"},\"inLanguage\":\"de-DE\",\"potentialAction\":[{\"@type\":\"ReadAction\",\"target\":[\"https:\/\/copperleaf-test.majortom.dev\/de\/nutzungsbedingungen\/\"]}]},{\"@type\":\"BreadcrumbList\",\"@id\":\"https:\/\/copperleaf-test.majortom.dev\/de\/nutzungsbedingungen\/#breadcrumb\",\"itemListElement\":[{\"@type\":\"ListItem\",\"position\":1,\"name\":\"Home\",\"item\":\"https:\/\/copperleaf-test.majortom.dev\/de\/\"},{\"@type\":\"ListItem\",\"position\":2,\"name\":\"Nutzungsbedingungen\"}]},{\"@type\":\"WebSite\",\"@id\":\"https:\/\/copperleaf-test.majortom.dev\/de\/#website\",\"url\":\"https:\/\/copperleaf-test.majortom.dev\/de\/\",\"name\":\"Copperleaf\",\"description\":\"\",\"potentialAction\":[{\"@type\":\"SearchAction\",\"target\":{\"@type\":\"EntryPoint\",\"urlTemplate\":\"https:\/\/copperleaf-test.majortom.dev\/de\/?s={search_term_string}\"},\"query-input\":\"required name=search_term_string\"}],\"inLanguage\":\"de-DE\"}]}<\/script>\n<!-- \/ Yoast SEO plugin. -->","yoast_head_json":{"title":"Nutzungsbedingungen - Copperleaf","robots":{"index":"noindex","follow":"follow","max-snippet":"max-snippet:-1","max-image-preview":"max-image-preview:large","max-video-preview":"max-video-preview:-1"},"og_locale":"de_DE","og_type":"article","og_title":"Nutzungsbedingungen - Copperleaf","og_description":"Diese Nutzungsbedingungen (die \u201eNutzungsbedingungen\u201c) bilden zusammen mit der Datenschutzrichtlinie, der Cookie-Richtlinie und allen anderen auf\u00a0www.copperleaf.com\u00a0ver\u00f6ffentlichten Richtlinien (zusammen die \u201eVereinbarung\u201c) einen rechtsg\u00fcltigen Vertrag zwischen Ihnen (oder Ihrer Organisation) (\u201eSie\u201c) und Copperleaf Technologies Inc. (\u201eCopperleaf\u201c, \u201ewir\u201c, \u201euns\u201c oder \u201eunser\u201c) \u00fcber die Bedingungen, die mit Ihrem Zugang und Ihrer Nutzung der Website\u00a0www.copperleaf.com\u00a0(die \u201eWebsite\u201c) verbunden sind. BITTE LESEN SIE [&hellip;]","og_url":"https:\/\/copperleaf-test.majortom.dev\/de\/nutzungsbedingungen\/","og_site_name":"Copperleaf","article_modified_time":"2023-01-27T21:22:11+00:00","twitter_card":"summary_large_image","twitter_misc":{"Gesch\u00e4tzte Lesezeit":"5 Minuten"},"schema":{"@context":"https:\/\/schema.org","@graph":[{"@type":"WebPage","@id":"https:\/\/copperleaf-test.majortom.dev\/de\/nutzungsbedingungen\/","url":"https:\/\/copperleaf-test.majortom.dev\/de\/nutzungsbedingungen\/","name":"Nutzungsbedingungen - Copperleaf","isPartOf":{"@id":"https:\/\/copperleaf-test.majortom.dev\/de\/#website"},"datePublished":"2022-04-25T16:45:57+00:00","dateModified":"2023-01-27T21:22:11+00:00","breadcrumb":{"@id":"https:\/\/copperleaf-test.majortom.dev\/de\/nutzungsbedingungen\/#breadcrumb"},"inLanguage":"de-DE","potentialAction":[{"@type":"ReadAction","target":["https:\/\/copperleaf-test.majortom.dev\/de\/nutzungsbedingungen\/"]}]},{"@type":"BreadcrumbList","@id":"https:\/\/copperleaf-test.majortom.dev\/de\/nutzungsbedingungen\/#breadcrumb","itemListElement":[{"@type":"ListItem","position":1,"name":"Home","item":"https:\/\/copperleaf-test.majortom.dev\/de\/"},{"@type":"ListItem","position":2,"name":"Nutzungsbedingungen"}]},{"@type":"WebSite","@id":"https:\/\/copperleaf-test.majortom.dev\/de\/#website","url":"https:\/\/copperleaf-test.majortom.dev\/de\/","name":"Copperleaf","description":"","potentialAction":[{"@type":"SearchAction","target":{"@type":"EntryPoint","urlTemplate":"https:\/\/copperleaf-test.majortom.dev\/de\/?s={search_term_string}"},"query-input":"required name=search_term_string"}],"inLanguage":"de-DE"}]}},"_links":{"self":[{"href":"https:\/\/copperleaf-test.majortom.dev\/de\/wp-json\/wp\/v2\/pages\/33163"}],"collection":[{"href":"https:\/\/copperleaf-test.majortom.dev\/de\/wp-json\/wp\/v2\/pages"}],"about":[{"href":"https:\/\/copperleaf-test.majortom.dev\/de\/wp-json\/wp\/v2\/types\/page"}],"author":[{"embeddable":true,"href":"https:\/\/copperleaf-test.majortom.dev\/de\/wp-json\/wp\/v2\/users\/3"}],"replies":[{"embeddable":true,"href":"https:\/\/copperleaf-test.majortom.dev\/de\/wp-json\/wp\/v2\/comments?post=33163"}],"version-history":[{"count":0,"href":"https:\/\/copperleaf-test.majortom.dev\/de\/wp-json\/wp\/v2\/pages\/33163\/revisions"}],"wp:attachment":[{"href":"https:\/\/copperleaf-test.majortom.dev\/de\/wp-json\/wp\/v2\/media?parent=33163"}],"curies":[{"name":"wp","href":"https:\/\/api.w.org\/{rel}","templated":true}]}}