{"id":33158,"date":"2022-04-05T18:34:09","date_gmt":"2022-04-06T01:34:09","guid":{"rendered":"https:\/\/copperleaf-test.majortom.dev\/privacy\/"},"modified":"2023-01-27T11:55:53","modified_gmt":"2023-01-27T19:55:53","slug":"datenschutz","status":"publish","type":"page","link":"https:\/\/copperleaf-test.majortom.dev\/de\/datenschutz\/","title":{"rendered":"Datenschutz"},"content":{"rendered":"\r\n<p>&nbsp;<\/p>\r\n\r\n\r\n\r\n\r\n\r\n\r\n\r\n<p>Vielen Dank f\u00fcr Ihr Interesse an Copperleaf Technologies Inc. (\u201e<strong>Copperleaf<\/strong>\u201c). Diese Datenschutzrichtlinie (\u201e<strong>Richtlinie<\/strong>\u201c) beschreibt, wie wir Ihre pers\u00f6nlichen Daten sammeln, verwenden und weitergeben und wie diese pers\u00f6nlichen Daten eingesehen und gegebenenfalls korrigiert werden k\u00f6nnen.<\/p>\r\n<p>Durch den Besuch von\u00a0<a href=\"https:\/\/copperleaf-test.majortom.dev\/\">www.copperleaf.com<\/a>\u00a0(\u201e<strong>Website<\/strong>\u201c), die Kontaktaufnahme mit uns oder die Zustimmung, E-Mails von Copperleaf<sup>\u00ae<\/sup> zu erhalten, akzeptieren Sie die allgemeinen Gesch\u00e4ftsbedingungen dieser Richtlinie. Diese Richtlinie gilt nicht f\u00fcr von Dritten betriebene Websites. Copperleaf ist daher nicht f\u00fcr deren Datenschutzrichtlinien, -verfahren und -praktiken verantwortlich.<\/p>\r\n<h3><strong style=\"background-color: initial;\">1. Sammeln von Informationen<\/strong><\/h3>\r\n<p>Als personenbezogene Daten gelten alle Informationen, die sich auf eine identifizierte oder identifizierbare nat\u00fcrliche Person beziehen. Wir erfassen Ihre personenbezogenen Daten auf verschiedene Weise, z.\u00a0B. wenn Sie Informationen auf unserer Website eingeben, uns telefonisch oder per E-Mail kontaktieren, auf unseren Konten in den sozialen Medien posten, mit Datenanbietern zusammenarbeiten usw. Abh\u00e4ngig von den Umst\u00e4nden k\u00f6nnen pers\u00f6nliche Daten Ihren Namen, Ihre E-Mail-Adresse, Ihre Telefonnummer und Ihr Land oder Bundesland umfassen. F\u00fcr das Surfen auf unserer Website ist keine Registrierung erforderlich; f\u00fcr einige Dienste m\u00fcssen Sie uns jedoch pers\u00f6nliche Daten zur Verf\u00fcgung stellen. Wenn Sie in diesen F\u00e4llen von uns angeforderte personenbezogene Daten zur\u00fcckhalten, kann es sein, dass Sie keinen Zugang zu bestimmten Teilen der Website erhalten und wir Ihre Anfrage nicht beantworten k\u00f6nnen.<\/p>\r\n<p>Wir k\u00f6nnen E-Mail-Analysen verwenden, die die Nachverfolgung von Antworten, das \u00d6ffnen von E-Mails und andere E-Mail-Interaktionen beinhalten k\u00f6nnen. Wir sammeln auch Daten \u00fcber Ihren Besuch auf unserer Website. Diese Daten k\u00f6nnen Ihre IP-Adresse, das Datum, die Uhrzeit und die Dauer Ihres Besuchs sowie die von Ihnen aufgerufenen Webseiten umfassen. Ebenso wie die meisten anderen kommerziellen Websites verwendet auch unsere Website Cookies. Eine detaillierte Beschreibung der Cookies, die wir verwenden, finden Sie in der\u00a0<a href=\"https:\/\/copperleaf-test.majortom.dev\/cookie-policy\/\">Cookie-Richtlinie<\/a>.<\/p>\r\n<p>Die Rechtsgrundlagen f\u00fcr unsere Verarbeitung personenbezogener Daten sind in erster Linie, dass die Verarbeitung f\u00fcr die Bereitstellung der Website erforderlich ist und dass die Verarbeitung in unserem berechtigten Interesse erfolgt, was im Abschnitt \u201eNutzung und Weitergabe von Informationen\u201c n\u00e4her erl\u00e4utert wird. Wir k\u00f6nnen personenbezogene Daten auch mit Ihrer Zustimmung verarbeiten, indem wir Sie gegebenenfalls darum bitten.<\/p>\r\n<h3><strong style=\"background-color: initial;\">2. Nutzung und Weitergabe von Informationen<\/strong><\/h3>\r\n<p>Wir ergreifen Ma\u00dfnahmen, um sicherzustellen, dass nur diejenigen Mitarbeiter Zugang zu Ihren pers\u00f6nlichen Daten haben, die diese zur Erf\u00fcllung ihrer beruflichen Pflichten ben\u00f6tigen. Wir verwenden und geben Ihre personenbezogenen Daten haupts\u00e4chlich weiter, um:<\/p>\r\n<ul>\r\n<li>alle Funktionen der Website zu betreiben, zu pflegen, zu verbessern und bereitzustellen, die von Ihnen angeforderten Dienstleistungen und Informationen bereitzustellen, auf Kommentare und Fragen zu antworten und den Nutzern der Website Unterst\u00fctzung zu bieten;<\/li>\r\n<li>die Nutzungstrends und Pr\u00e4ferenzen unserer Nutzer zu verstehen und zu analysieren, die Website zu verbessern und neue Produkte, Dienstleistungen, Funktionen und Funktionalit\u00e4ten zu entwickeln;<\/li>\r\n<li>Ihnen Mitteilungen zu senden; oder<\/li>\r\n<li>f\u00fcr alle anderen Zwecke, die gesetzlich erlaubt oder erforderlich sind.<\/li>\r\n<\/ul>\r\n<p>Wenn wir Ihre pers\u00f6nlichen Daten an Dritte weitergeben, ergreifen wir angemessene Ma\u00dfnahmen, um sicherzustellen, dass die in dieser Richtlinie dargelegten Regeln eingehalten werden und diese Dritten ausreichende Garantien f\u00fcr die Umsetzung angemessener technischer und organisatorischer Ma\u00dfnahmen bieten.<\/p>\r\n<p>Im Falle eines Eigent\u00fcmerwechsels, eines Verkaufs, einer Fusion, einer Liquidation, einer Umstrukturierung oder einer \u00dcbernahme von Copperleaf, ganz oder teilweise, k\u00f6nnen Ihre personenbezogenen Daten als Teil der Transaktion \u00fcbertragen werden.<\/p>\r\n<p>Schlie\u00dflich k\u00f6nnen wir bestimmte automatisch gesammelte, zusammengefasste oder anderweitig nicht pers\u00f6nlich identifizierbare Informationen Dritten zu verschiedenen Zwecken zur Verf\u00fcgung stellen, einschlie\u00dflich (i) der Einhaltung verschiedener Berichtspflichten; (ii) zu Gesch\u00e4fts- oder Marketingzwecken; oder (iii) um diese Parteien dabei zu unterst\u00fctzen, Ihre Interessen, Gewohnheiten und Nutzungsmuster f\u00fcr bestimmte Programme, Inhalte, Dienste und\/oder Funktionen zu verstehen, die \u00fcber die Website verf\u00fcgbar sind.<\/p>\r\n<h3><strong>3. Sicherheit<\/strong><\/h3>\r\n<p>Alle von Copperleaf erfassten Daten werden in sicheren Hosting-Einrichtungen gespeichert. W\u00e4hrend der \u00dcbertragung und nachdem wir Ihre Daten erhalten haben, folgen wir allgemein anerkannten Industriestandards zum Schutz Ihrer Daten. Wir verwenden angemessene Sicherheitsvorkehrungen, um personenbezogene Daten vor versehentlicher oder unrechtm\u00e4\u00dfiger Zerst\u00f6rung oder Verlust, unbefugter \u00c4nderung, Offenlegung oder Zugriff sowie vor jeder anderen unrechtm\u00e4\u00dfigen Form der Verarbeitung zu sch\u00fctzen. Dazu geh\u00f6ren Firewalls, Passwortschutz und andere technische Sicherheitsmethoden, die zum Schutz von Daten eingesetzt werden.<\/p>\r\n<p>Obwohl Copperleaf stets bem\u00fcht ist, die Sicherheit und die Privatsph\u00e4re aller Informationen, die Sie uns \u00fcber das Internet zur Verf\u00fcgung stellen, zu sch\u00fctzen, ist keine Methode der \u00dcbertragung \u00fcber das Internet oder der elektronischen Speicherung 100%ig sicher. Copperleaf kann nicht garantieren, dass diese Informationen nicht von Dritten unrechtm\u00e4\u00dfig eingesehen oder verwendet werden k\u00f6nnen. Sie \u00fcbermitteln diese Informationen \u00fcber das Internet an Copperleaf auf Ihr eigenes Risiko. Wenn wir von einer Sicherheitsl\u00fccke in Bezug auf Ihre Daten erfahren, werden wir Sie in \u00dcbereinstimmung mit den geltenden Gesetzen \u00fcber das Auftreten der Verletzung informieren.<\/p>\r\n<h3><strong style=\"background-color: initial;\">4. Zugang, \u00c4nderung und L\u00f6schung von Daten<\/strong><\/h3>\r\n<p>Auf schriftlichen Antrag und vorbehaltlich eines Identit\u00e4tsnachweises k\u00f6nnen Sie auf die in unserem Besitz befindlichen personenbezogenen Daten zugreifen und gegebenenfalls um notwendige Korrekturen bitten, wie es das Gesetz erlaubt oder vorschreibt. Um jedoch sicherzustellen, dass die von uns \u00fcber Sie gespeicherten personenbezogenen Daten korrekt und aktuell sind, bitten wir Sie, uns unverz\u00fcglich \u00fcber jede \u00c4nderung Ihrer personenbezogenen Daten zu informieren.<\/p>\r\n<p>Gem\u00e4\u00df der <em>Allgemeinen Datenschutzverordnung<\/em> (\u201eDSGVO\u201c) stehen Ihnen m\u00f6glicherweise zus\u00e4tzliche Rechte zu, darunter: (i) das Recht, die Zustimmung zur Verarbeitung zu widerrufen, wenn die Zustimmung die Grundlage f\u00fcr die Verarbeitung ist; (ii) das Recht, unter bestimmten Bedingungen auf Ihre personenbezogenen Daten und bestimmte andere Zusatzinformationen zuzugreifen; (iii) das Recht, unter bestimmten Bedingungen gegen eine unrechtm\u00e4\u00dfige Datenverarbeitung Einspruch zu erheben; (iv) das Recht, unter bestimmten Bedingungen die L\u00f6schung Ihrer personenbezogenen Daten zu verlangen; (v) das Recht, unter bestimmten Bedingungen zu verlangen, dass wir die Verarbeitung Ihrer personenbezogenen Daten einschr\u00e4nken, wenn Sie der Meinung sind, dass wir die legitime Grundlage f\u00fcr die Verarbeitung \u00fcberschritten haben, die Verarbeitung nicht mehr notwendig ist oder Ihre personenbezogenen Daten unrichtig sind; (vi) das Recht auf Daten\u00fcbertragbarkeit der Sie betreffenden personenbezogenen Daten, die Sie uns in einem strukturierten, g\u00e4ngigen und maschinenlesbaren Format zur Verf\u00fcgung gestellt haben, unter bestimmten Bedingungen; (vii) das Recht Widerspruch gegen automatisierte Entscheidungen einzulegen, die f\u00fcr Sie rechtliche Folgen haben oder Sie in \u00e4hnlicher Weise erheblich beeintr\u00e4chtigen; (viii) das Recht, eine Beschwerde bei den Datenschutzbeh\u00f6rden einzureichen. Wenn Sie mehr \u00fcber Ihre Rechte im Rahmen der DSGVO erfahren m\u00f6chten, k\u00f6nnen Sie die Seite der Europ\u00e4ischen Kommission zum\u00a0<a href=\"https:\/\/ec.europa.eu\/info\/law\/law-topic\/data-protection_en\">Datenschutz<\/a> besuchen.<\/p>\r\n<h3><strong style=\"background-color: initial;\">5. Aufbewahrung und \u00dcbertragung<\/strong><\/h3>\r\n<p>Wir werden Ihre personenbezogenen Daten so lange aufbewahren, wie es f\u00fcr die Erf\u00fcllung der in dieser Richtlinie genannten Zwecke erforderlich ist oder wie es die geltenden Gesetze, Vorschriften oder beh\u00f6rdlichen Anordnungen verlangen.<\/p>\r\n<p>Ihre personenbezogenen Daten k\u00f6nnen in jedem Land gespeichert und verarbeitet werden, in dem wir Einrichtungen haben oder in dem wir Drittanbieter beauftragen. Durch die Nutzung der Website erkl\u00e4ren Sie sich mit der \u00dcbermittlung von Informationen in L\u00e4nder au\u00dferhalb Ihres Wohnsitzlandes einverstanden, in denen m\u00f6glicherweise andere Datenschutzbestimmungen gelten als in Ihrem Land. Solange sich diese Informationen au\u00dferhalb Kanadas befinden, unterliegen sie den Gesetzen des Landes, in dem sie gespeichert sind, und k\u00f6nnen gem\u00e4\u00df den Gesetzen dieses Landes den Regierungen, Gerichten oder Strafverfolgungs- oder Aufsichtsbeh\u00f6rden dieses anderen Landes offengelegt werden. Unsere Praktiken in Bezug auf Ihre personenbezogenen Daten werden jedoch zu jeder Zeit durch diese Richtlinie geregelt und, falls zutreffend, werden wir die DSGVO-Anforderungen erf\u00fcllen, die einen angemessenen Schutz f\u00fcr die \u00dcbertragung personenbezogener Daten aus der EU\/dem EWR in ein Drittland bieten.<\/p>\r\n<h3><strong style=\"background-color: initial;\">6. \u00c4nderung der Richtlinien<\/strong><\/h3>\r\n<p>Copperleaf beh\u00e4lt sich das Recht vor, die Richtlinie bei Bedarf zu aktualisieren. Bitte besuchen Sie diese Seite regelm\u00e4\u00dfig, um \u00fcber alle \u00c4nderungen auf dem Laufenden zu bleiben. Die Richtlinie wird immer das letzte aktualisierte Datum zu Ihrer Information enthalten. Wenn Sie unsere Website oder andere Dienste nach Inkrafttreten der \u00fcberarbeiteten Richtlinie weiterhin nutzen, bedeutet dies, dass Sie die aktuelle Version der Richtlinie gelesen und verstanden haben und ihr zustimmen.<\/p>\r\n<h3><strong style=\"background-color: initial;\">7. Datenschutz von Kindern<\/strong><\/h3>\r\n<p>Die Website ist nicht f\u00fcr Kinder unter 16 Jahren gedacht und wissentlich sammeln wir keine personenbezogenen Daten von Kindern unter 16 Jahren, ohne die Zustimmung der Eltern eingeholt zu haben. Wenn Sie unter 16 Jahre alt sind, sollten Sie die Website zu keiner Zeit und in keiner Weise nutzen oder darauf zugreifen. Wenn wir erfahren, dass \u00fcber die Website personenbezogene Daten von Kindern unter 16 Jahren und ohne nachpr\u00fcfbare elterliche Zustimmung erfasst wurden, werden wir die entsprechenden Schritte unternehmen, um diese Daten zu l\u00f6schen. Wenn Sie Mutter oder Vater bzw. Erziehungsberechtigter sind und feststellen, dass Ihr Kind unter 16 Jahren pers\u00f6nliche Daten zur Verf\u00fcgung gestellt hat, k\u00f6nnen Sie uns wie im Abschnitt \u201eKontakt\u201c beschrieben benachrichtigen und verlangen, dass wir die pers\u00f6nlichen Daten des Kindes aus unseren Systemen l\u00f6schen.<\/p>\r\n<h3><strong style=\"background-color: initial;\">8. Allgemeines<\/strong><\/h3>\r\n<p>Sollten Teile dieser Richtlinie nicht klar definiert, ung\u00fcltig, illegal oder anderweitig anfechtbar oder nicht durchsetzbar befunden werden, werden die anderen Teile dieser Richtlinie dadurch nicht ung\u00fcltig, und der Rest der Richtlinie bleibt vollumf\u00e4nglich wirksam. Die Richtlinie stellt die gesamte Vereinbarung zwischen Ihnen und Copperleaf dar, die Ihre Nutzung der Website regelt. Wenn Sie auf andere Websites zugreifen, k\u00f6nnen Sie auch anderen Bestimmungen und Bedingungen unterworfen sein. Das Vers\u00e4umnis oder die Verz\u00f6gerung von Copperleaf bei der Aus\u00fcbung eines Rechts oder Rechtsmittels gem\u00e4\u00df der Richtlinie stellt keinen Verzicht auf dieses Recht oder Rechtsmittel dar. Die Abschnitts\u00fcberschriften in dieser Richtlinie dienen nur der \u00dcbersichtlichkeit und haben keine rechtliche oder vertragliche Wirkung.<\/p>\r\n<h3><strong style=\"background-color: initial;\">9. Nutzungsbedingungen<\/strong><\/h3>\r\n<p>Au\u00dfer in den F\u00e4llen, in denen das geltende Urheberrecht dies erlaubt, d\u00fcrfen Sie ohne die ausdr\u00fcckliche schriftliche Genehmigung von Copperleaf keine Inhalte der Website, einschlie\u00dflich der von dieser Website herunterladbaren Dateien, reproduzieren oder weitergeben.<\/p>\r\n<h3><strong style=\"background-color: initial;\">10. Geistiges Eigentum<\/strong><\/h3>\r\n<p>\u00a9 2000\u20132022 Copperleaf Technologies Inc. COPPERLEAF, das COPPERLEAF-Logo, COPPERLEAF PORTFOLIO, COPPERLEAF ASSET und COPPERLEAF VALUE sind Marken von Copperleaf Technologies Inc. COPPERLEAF ist eine eingetragene Marke in der EU, in Kanada, in den USA und in anderen L\u00e4ndern. Das COPPERLEAF-Logo ist eine eingetragene Marke in Kanada, den USA und der EU. Alle Rechte vorbehalten.<\/p>\r\n<h3><strong style=\"background-color: initial;\">11. Kontakt<\/strong><\/h3>\r\n<p><a href=\"https:\/\/go.copperleaf.com\/UnsubscribePage.html\">Hier<\/a> k\u00f6nnen Sie sich jederzeit von unseren Mitteilungen abmelden.<\/p>\r\n<p>Wenn Sie Fragen oder Anmerkungen zu dieser Richtlinie oder zu Ihren personenbezogenen Daten haben, einen Antrag auf Zugang oder Berichtigung stellen, geltende Rechte aus\u00fcben, eine Beschwerde einreichen oder Informationen \u00fcber unsere Richtlinien und Praktiken in Bezug auf Dienstleister au\u00dferhalb Kanadas einholen m\u00f6chten, k\u00f6nnen Sie unseren Datenschutzbeauftragten per Post oder E-Mail unter den folgenden Kontaktinformationen erreichen:<\/p>\r\n<p>Copperleaf Technologies Inc.<br \/>2920 Virtual Way, Suite 140<br \/>Vancouver, BC V5M 0C4<br \/>Kanada<br \/><br \/><a href=\"mailto:privacy@copperleaf.com\">privacy@copperleaf.com<\/a><\/p>\r\n<p><strong>Zuletzt aktualisiert: Juli 2022<\/strong><\/p>\r\n","protected":false},"excerpt":{"rendered":"<p>&nbsp; Vielen Dank f\u00fcr Ihr Interesse an Copperleaf Technologies Inc. (\u201eCopperleaf\u201c). Diese Datenschutzrichtlinie (\u201eRichtlinie\u201c) beschreibt, wie wir Ihre pers\u00f6nlichen Daten sammeln, verwenden und weitergeben und wie diese pers\u00f6nlichen Daten eingesehen und gegebenenfalls korrigiert werden k\u00f6nnen. Durch den Besuch von\u00a0www.copperleaf.com\u00a0(\u201eWebsite\u201c), die Kontaktaufnahme mit uns oder die Zustimmung, E-Mails von Copperleaf\u00ae zu erhalten, akzeptieren Sie die allgemeinen [&hellip;]<\/p>\n","protected":false},"author":3,"featured_media":0,"parent":0,"menu_order":20,"comment_status":"closed","ping_status":"closed","template":"","meta":{"_acf_changed":false,"_searchwp_excluded":"","footnotes":"","_wp_rev_ctl_limit":""},"acf":[],"yoast_head":"<!-- This site is optimized with the Yoast SEO plugin v23.0 - https:\/\/yoast.com\/wordpress\/plugins\/seo\/ -->\n<title>Datenschutz - Copperleaf<\/title>\n<meta name=\"robots\" content=\"noindex, follow, max-snippet:-1, max-image-preview:large, max-video-preview:-1\" \/>\n<meta property=\"og:locale\" content=\"de_DE\" \/>\n<meta property=\"og:type\" content=\"article\" \/>\n<meta property=\"og:title\" content=\"Datenschutz - Copperleaf\" \/>\n<meta property=\"og:description\" content=\"&nbsp; Vielen Dank f\u00fcr Ihr Interesse an Copperleaf Technologies Inc. (\u201eCopperleaf\u201c). Diese Datenschutzrichtlinie (\u201eRichtlinie\u201c) beschreibt, wie wir Ihre pers\u00f6nlichen Daten sammeln, verwenden und weitergeben und wie diese pers\u00f6nlichen Daten eingesehen und gegebenenfalls korrigiert werden k\u00f6nnen. Durch den Besuch von\u00a0www.copperleaf.com\u00a0(\u201eWebsite\u201c), die Kontaktaufnahme mit uns oder die Zustimmung, E-Mails von Copperleaf\u00ae zu erhalten, akzeptieren Sie die allgemeinen [&hellip;]\" \/>\n<meta property=\"og:url\" content=\"https:\/\/copperleaf-test.majortom.dev\/de\/datenschutz\/\" \/>\n<meta property=\"og:site_name\" content=\"Copperleaf\" \/>\n<meta property=\"article:modified_time\" content=\"2023-01-27T19:55:53+00:00\" \/>\n<meta name=\"twitter:card\" content=\"summary_large_image\" \/>\n<meta name=\"twitter:label1\" content=\"Gesch\u00e4tzte Lesezeit\" \/>\n\t<meta name=\"twitter:data1\" content=\"8 Minuten\" \/>\n<script type=\"application\/ld+json\" class=\"yoast-schema-graph\">{\"@context\":\"https:\/\/schema.org\",\"@graph\":[{\"@type\":\"WebPage\",\"@id\":\"https:\/\/copperleaf-test.majortom.dev\/de\/datenschutz\/\",\"url\":\"https:\/\/copperleaf-test.majortom.dev\/de\/datenschutz\/\",\"name\":\"Datenschutz - Copperleaf\",\"isPartOf\":{\"@id\":\"https:\/\/copperleaf-test.majortom.dev\/de\/#website\"},\"datePublished\":\"2022-04-06T01:34:09+00:00\",\"dateModified\":\"2023-01-27T19:55:53+00:00\",\"breadcrumb\":{\"@id\":\"https:\/\/copperleaf-test.majortom.dev\/de\/datenschutz\/#breadcrumb\"},\"inLanguage\":\"de-DE\",\"potentialAction\":[{\"@type\":\"ReadAction\",\"target\":[\"https:\/\/copperleaf-test.majortom.dev\/de\/datenschutz\/\"]}]},{\"@type\":\"BreadcrumbList\",\"@id\":\"https:\/\/copperleaf-test.majortom.dev\/de\/datenschutz\/#breadcrumb\",\"itemListElement\":[{\"@type\":\"ListItem\",\"position\":1,\"name\":\"Home\",\"item\":\"https:\/\/copperleaf-test.majortom.dev\/de\/\"},{\"@type\":\"ListItem\",\"position\":2,\"name\":\"Datenschutz\"}]},{\"@type\":\"WebSite\",\"@id\":\"https:\/\/copperleaf-test.majortom.dev\/de\/#website\",\"url\":\"https:\/\/copperleaf-test.majortom.dev\/de\/\",\"name\":\"Copperleaf\",\"description\":\"\",\"potentialAction\":[{\"@type\":\"SearchAction\",\"target\":{\"@type\":\"EntryPoint\",\"urlTemplate\":\"https:\/\/copperleaf-test.majortom.dev\/de\/?s={search_term_string}\"},\"query-input\":\"required name=search_term_string\"}],\"inLanguage\":\"de-DE\"}]}<\/script>\n<!-- \/ Yoast SEO plugin. -->","yoast_head_json":{"title":"Datenschutz - Copperleaf","robots":{"index":"noindex","follow":"follow","max-snippet":"max-snippet:-1","max-image-preview":"max-image-preview:large","max-video-preview":"max-video-preview:-1"},"og_locale":"de_DE","og_type":"article","og_title":"Datenschutz - Copperleaf","og_description":"&nbsp; Vielen Dank f\u00fcr Ihr Interesse an Copperleaf Technologies Inc. (\u201eCopperleaf\u201c). Diese Datenschutzrichtlinie (\u201eRichtlinie\u201c) beschreibt, wie wir Ihre pers\u00f6nlichen Daten sammeln, verwenden und weitergeben und wie diese pers\u00f6nlichen Daten eingesehen und gegebenenfalls korrigiert werden k\u00f6nnen. Durch den Besuch von\u00a0www.copperleaf.com\u00a0(\u201eWebsite\u201c), die Kontaktaufnahme mit uns oder die Zustimmung, E-Mails von Copperleaf\u00ae zu erhalten, akzeptieren Sie die allgemeinen [&hellip;]","og_url":"https:\/\/copperleaf-test.majortom.dev\/de\/datenschutz\/","og_site_name":"Copperleaf","article_modified_time":"2023-01-27T19:55:53+00:00","twitter_card":"summary_large_image","twitter_misc":{"Gesch\u00e4tzte Lesezeit":"8 Minuten"},"schema":{"@context":"https:\/\/schema.org","@graph":[{"@type":"WebPage","@id":"https:\/\/copperleaf-test.majortom.dev\/de\/datenschutz\/","url":"https:\/\/copperleaf-test.majortom.dev\/de\/datenschutz\/","name":"Datenschutz - Copperleaf","isPartOf":{"@id":"https:\/\/copperleaf-test.majortom.dev\/de\/#website"},"datePublished":"2022-04-06T01:34:09+00:00","dateModified":"2023-01-27T19:55:53+00:00","breadcrumb":{"@id":"https:\/\/copperleaf-test.majortom.dev\/de\/datenschutz\/#breadcrumb"},"inLanguage":"de-DE","potentialAction":[{"@type":"ReadAction","target":["https:\/\/copperleaf-test.majortom.dev\/de\/datenschutz\/"]}]},{"@type":"BreadcrumbList","@id":"https:\/\/copperleaf-test.majortom.dev\/de\/datenschutz\/#breadcrumb","itemListElement":[{"@type":"ListItem","position":1,"name":"Home","item":"https:\/\/copperleaf-test.majortom.dev\/de\/"},{"@type":"ListItem","position":2,"name":"Datenschutz"}]},{"@type":"WebSite","@id":"https:\/\/copperleaf-test.majortom.dev\/de\/#website","url":"https:\/\/copperleaf-test.majortom.dev\/de\/","name":"Copperleaf","description":"","potentialAction":[{"@type":"SearchAction","target":{"@type":"EntryPoint","urlTemplate":"https:\/\/copperleaf-test.majortom.dev\/de\/?s={search_term_string}"},"query-input":"required name=search_term_string"}],"inLanguage":"de-DE"}]}},"_links":{"self":[{"href":"https:\/\/copperleaf-test.majortom.dev\/de\/wp-json\/wp\/v2\/pages\/33158"}],"collection":[{"href":"https:\/\/copperleaf-test.majortom.dev\/de\/wp-json\/wp\/v2\/pages"}],"about":[{"href":"https:\/\/copperleaf-test.majortom.dev\/de\/wp-json\/wp\/v2\/types\/page"}],"author":[{"embeddable":true,"href":"https:\/\/copperleaf-test.majortom.dev\/de\/wp-json\/wp\/v2\/users\/3"}],"replies":[{"embeddable":true,"href":"https:\/\/copperleaf-test.majortom.dev\/de\/wp-json\/wp\/v2\/comments?post=33158"}],"version-history":[{"count":0,"href":"https:\/\/copperleaf-test.majortom.dev\/de\/wp-json\/wp\/v2\/pages\/33158\/revisions"}],"wp:attachment":[{"href":"https:\/\/copperleaf-test.majortom.dev\/de\/wp-json\/wp\/v2\/media?parent=33158"}],"curies":[{"name":"wp","href":"https:\/\/api.w.org\/{rel}","templated":true}]}}