{"id":33153,"date":"2022-06-22T09:32:54","date_gmt":"2022-06-22T16:32:54","guid":{"rendered":"https:\/\/copperleaf-test.majortom.dev\/cookie-policy\/"},"modified":"2023-01-27T11:40:43","modified_gmt":"2023-01-27T19:40:43","slug":"cookie-richtlinie","status":"publish","type":"page","link":"https:\/\/copperleaf-test.majortom.dev\/de\/cookie-richtlinie\/","title":{"rendered":"Cookie-Richtlinie"},"content":{"rendered":"\r\n<p>&nbsp;<\/p>\r\n\r\n\r\n\r\n\r\n\r\n<p>Ebenso wie die meisten anderen kommerziellen Websites verwendet auch unsere Website Cookies. Dabei handelt es sich um Dateien, die auf der Festplatte Ihres Computers oder in Ihrem Webbrowser installiert werden, um Informationen wie die von Ihnen bevorzugte Sprache, den Browserverlauf sowie den Browsertyp und die Browserversion zu sammeln, um Ihre Nutzung unserer Website zu optimieren. Wir verwenden Cookies, um aggregierte Daten \u00fcber den Website-Verkehr und die Interaktionen auf der Website zu sammeln, damit wir in Zukunft bessere Website-Erfahrungen und -Tools anbieten k\u00f6nnen. Wir k\u00f6nnen auch Dienste von vertrauensw\u00fcrdigen Drittanbietern in Anspruch nehmen, die diese Informationen in unserem Namen verfolgen. Diese Cookies k\u00f6nnen nicht verwendet werden, um pers\u00f6nliche Informationen zu extrahieren. Sie k\u00f6nnen w\u00e4hlen, ob Ihr Computer Sie jedes Mal warnen soll, wenn ein Cookie gesendet wird, oder ob Sie alle Cookies deaktivieren m\u00f6chten. Wenn Sie die Cookies in Ihrem Browser deaktivieren, kann sich dies nachteilig auf Ihr Surferlebnis auf der Website auswirken. Diese Beschreibung umfasst Google Analytics, das ungef\u00e4hre Standortdaten (IP-Adresse) und anonyme Verkehrsdaten wie Browserinformationen, Seitennavigation und Sprache sammelt. F\u00fcr weitere Informationen gehen Sie zu <a href=\"https:\/\/support.google.com\/analytics\/answer\/6004245?hl=en\" target=\"_blank\" rel=\"noopener\">Google Analytics Datenschutz und Datenweitergabe<\/a>. Die Informationen werden verwendet, um die Benutzerfreundlichkeit der Website zu verbessern, die Wirksamkeit unserer Kommunikation zu untersuchen und ein Profil der Website-Besucher zu erstellen, damit wir die relevantesten Inhalte anbieten k\u00f6nnen.<\/p>\r\n\r\n<!-- OneTrust Cookies List start -->\r\n<div id=\"ot-sdk-cookie-policy\">\u00a0<\/div>\r\n<!-- OneTrust Cookies List end -->","protected":false},"excerpt":{"rendered":"<p>&nbsp; Ebenso wie die meisten anderen kommerziellen Websites verwendet auch unsere Website Cookies. Dabei handelt es sich um Dateien, die auf der Festplatte Ihres Computers oder in Ihrem Webbrowser installiert werden, um Informationen wie die von Ihnen bevorzugte Sprache, den Browserverlauf sowie den Browsertyp und die Browserversion zu sammeln, um Ihre Nutzung unserer Website zu [&hellip;]<\/p>\n","protected":false},"author":10,"featured_media":0,"parent":0,"menu_order":21,"comment_status":"closed","ping_status":"closed","template":"","meta":{"_acf_changed":false,"_searchwp_excluded":"","footnotes":"","_wp_rev_ctl_limit":""},"acf":[],"yoast_head":"<!-- This site is optimized with the Yoast SEO plugin v23.0 - https:\/\/yoast.com\/wordpress\/plugins\/seo\/ -->\n<title>Cookie-Richtlinie - Copperleaf<\/title>\n<meta name=\"robots\" content=\"noindex, follow, max-snippet:-1, max-image-preview:large, max-video-preview:-1\" \/>\n<meta property=\"og:locale\" content=\"de_DE\" \/>\n<meta property=\"og:type\" content=\"article\" \/>\n<meta property=\"og:title\" content=\"Cookie-Richtlinie - Copperleaf\" \/>\n<meta property=\"og:description\" content=\"&nbsp; Ebenso wie die meisten anderen kommerziellen Websites verwendet auch unsere Website Cookies. Dabei handelt es sich um Dateien, die auf der Festplatte Ihres Computers oder in Ihrem Webbrowser installiert werden, um Informationen wie die von Ihnen bevorzugte Sprache, den Browserverlauf sowie den Browsertyp und die Browserversion zu sammeln, um Ihre Nutzung unserer Website zu [&hellip;]\" \/>\n<meta property=\"og:url\" content=\"https:\/\/copperleaf-test.majortom.dev\/de\/cookie-richtlinie\/\" \/>\n<meta property=\"og:site_name\" content=\"Copperleaf\" \/>\n<meta property=\"article:modified_time\" content=\"2023-01-27T19:40:43+00:00\" \/>\n<meta name=\"twitter:card\" content=\"summary_large_image\" \/>\n<meta name=\"twitter:label1\" content=\"Gesch\u00e4tzte Lesezeit\" \/>\n\t<meta name=\"twitter:data1\" content=\"2 Minuten\" \/>\n<script type=\"application\/ld+json\" class=\"yoast-schema-graph\">{\"@context\":\"https:\/\/schema.org\",\"@graph\":[{\"@type\":\"WebPage\",\"@id\":\"https:\/\/copperleaf-test.majortom.dev\/de\/cookie-richtlinie\/\",\"url\":\"https:\/\/copperleaf-test.majortom.dev\/de\/cookie-richtlinie\/\",\"name\":\"Cookie-Richtlinie - Copperleaf\",\"isPartOf\":{\"@id\":\"https:\/\/copperleaf-test.majortom.dev\/de\/#website\"},\"datePublished\":\"2022-06-22T16:32:54+00:00\",\"dateModified\":\"2023-01-27T19:40:43+00:00\",\"breadcrumb\":{\"@id\":\"https:\/\/copperleaf-test.majortom.dev\/de\/cookie-richtlinie\/#breadcrumb\"},\"inLanguage\":\"de-DE\",\"potentialAction\":[{\"@type\":\"ReadAction\",\"target\":[\"https:\/\/copperleaf-test.majortom.dev\/de\/cookie-richtlinie\/\"]}]},{\"@type\":\"BreadcrumbList\",\"@id\":\"https:\/\/copperleaf-test.majortom.dev\/de\/cookie-richtlinie\/#breadcrumb\",\"itemListElement\":[{\"@type\":\"ListItem\",\"position\":1,\"name\":\"Home\",\"item\":\"https:\/\/copperleaf-test.majortom.dev\/de\/\"},{\"@type\":\"ListItem\",\"position\":2,\"name\":\"Cookie-Richtlinie\"}]},{\"@type\":\"WebSite\",\"@id\":\"https:\/\/copperleaf-test.majortom.dev\/de\/#website\",\"url\":\"https:\/\/copperleaf-test.majortom.dev\/de\/\",\"name\":\"Copperleaf\",\"description\":\"\",\"potentialAction\":[{\"@type\":\"SearchAction\",\"target\":{\"@type\":\"EntryPoint\",\"urlTemplate\":\"https:\/\/copperleaf-test.majortom.dev\/de\/?s={search_term_string}\"},\"query-input\":\"required name=search_term_string\"}],\"inLanguage\":\"de-DE\"}]}<\/script>\n<!-- \/ Yoast SEO plugin. -->","yoast_head_json":{"title":"Cookie-Richtlinie - Copperleaf","robots":{"index":"noindex","follow":"follow","max-snippet":"max-snippet:-1","max-image-preview":"max-image-preview:large","max-video-preview":"max-video-preview:-1"},"og_locale":"de_DE","og_type":"article","og_title":"Cookie-Richtlinie - Copperleaf","og_description":"&nbsp; Ebenso wie die meisten anderen kommerziellen Websites verwendet auch unsere Website Cookies. Dabei handelt es sich um Dateien, die auf der Festplatte Ihres Computers oder in Ihrem Webbrowser installiert werden, um Informationen wie die von Ihnen bevorzugte Sprache, den Browserverlauf sowie den Browsertyp und die Browserversion zu sammeln, um Ihre Nutzung unserer Website zu [&hellip;]","og_url":"https:\/\/copperleaf-test.majortom.dev\/de\/cookie-richtlinie\/","og_site_name":"Copperleaf","article_modified_time":"2023-01-27T19:40:43+00:00","twitter_card":"summary_large_image","twitter_misc":{"Gesch\u00e4tzte Lesezeit":"2 Minuten"},"schema":{"@context":"https:\/\/schema.org","@graph":[{"@type":"WebPage","@id":"https:\/\/copperleaf-test.majortom.dev\/de\/cookie-richtlinie\/","url":"https:\/\/copperleaf-test.majortom.dev\/de\/cookie-richtlinie\/","name":"Cookie-Richtlinie - Copperleaf","isPartOf":{"@id":"https:\/\/copperleaf-test.majortom.dev\/de\/#website"},"datePublished":"2022-06-22T16:32:54+00:00","dateModified":"2023-01-27T19:40:43+00:00","breadcrumb":{"@id":"https:\/\/copperleaf-test.majortom.dev\/de\/cookie-richtlinie\/#breadcrumb"},"inLanguage":"de-DE","potentialAction":[{"@type":"ReadAction","target":["https:\/\/copperleaf-test.majortom.dev\/de\/cookie-richtlinie\/"]}]},{"@type":"BreadcrumbList","@id":"https:\/\/copperleaf-test.majortom.dev\/de\/cookie-richtlinie\/#breadcrumb","itemListElement":[{"@type":"ListItem","position":1,"name":"Home","item":"https:\/\/copperleaf-test.majortom.dev\/de\/"},{"@type":"ListItem","position":2,"name":"Cookie-Richtlinie"}]},{"@type":"WebSite","@id":"https:\/\/copperleaf-test.majortom.dev\/de\/#website","url":"https:\/\/copperleaf-test.majortom.dev\/de\/","name":"Copperleaf","description":"","potentialAction":[{"@type":"SearchAction","target":{"@type":"EntryPoint","urlTemplate":"https:\/\/copperleaf-test.majortom.dev\/de\/?s={search_term_string}"},"query-input":"required name=search_term_string"}],"inLanguage":"de-DE"}]}},"_links":{"self":[{"href":"https:\/\/copperleaf-test.majortom.dev\/de\/wp-json\/wp\/v2\/pages\/33153"}],"collection":[{"href":"https:\/\/copperleaf-test.majortom.dev\/de\/wp-json\/wp\/v2\/pages"}],"about":[{"href":"https:\/\/copperleaf-test.majortom.dev\/de\/wp-json\/wp\/v2\/types\/page"}],"author":[{"embeddable":true,"href":"https:\/\/copperleaf-test.majortom.dev\/de\/wp-json\/wp\/v2\/users\/10"}],"replies":[{"embeddable":true,"href":"https:\/\/copperleaf-test.majortom.dev\/de\/wp-json\/wp\/v2\/comments?post=33153"}],"version-history":[{"count":0,"href":"https:\/\/copperleaf-test.majortom.dev\/de\/wp-json\/wp\/v2\/pages\/33153\/revisions"}],"wp:attachment":[{"href":"https:\/\/copperleaf-test.majortom.dev\/de\/wp-json\/wp\/v2\/media?parent=33153"}],"curies":[{"name":"wp","href":"https:\/\/api.w.org\/{rel}","templated":true}]}}